{"id":2828,"date":"2026-01-05T11:18:34","date_gmt":"2026-01-05T10:18:34","guid":{"rendered":"https:\/\/www.koreestates.com\/?page_id=2828"},"modified":"2026-01-05T11:18:35","modified_gmt":"2026-01-05T10:18:35","slug":"townhouses-for-sale-in-nueva-andalucia-4","status":"publish","type":"page","link":"https:\/\/www.koreestates.com\/ro\/proprietati-de-vanzare-in-marbella\/townhouses-for-sale-in-nueva-andalucia-4","title":{"rendered":"Townhouses for sale in Nueva Andaluc\u00eda"},"content":{"rendered":"\n<div class=\"wp-block-group jaleo--container-75-center has-global-padding is-layout-constrained wp-block-group-is-layout-constrained\" style=\"margin-bottom:var(--wp--preset--spacing--50)\">\n<section class=\"wp-block-group jaleo-properties-grid is-layout-flow wp-block-group-is-layout-flow\" style=\"margin-top:0;margin-bottom:var(--wp--preset--spacing--50)\">\n<h1 class=\"wp-block-heading has-text-align-left has-xx-large-font-size\" style=\"text-transform:none\"><strong><strong><strong>Case \u00een\u0219iruite de v\u00e2nzare \u00een Nueva Andaluc\u00eda<\/strong><\/strong><\/strong><\/h1>\n\n\n\t<div class=\"wpb--card-container\">\r\n\t\t<div class=\"wpb--card\">\n\t<div class=\"wpb--aspect-box wpb--panoramic\">\n\t\t<div class=\"wpb--overflow-hidden\">\n\t\t\t\t\t\t\t<img decoding=\"async\" loading=\"lazy\" class=\"wpb--image-fit\" src=\"https:\/\/www.koreestates.com\/wp-content\/uploads\/inmoba\/thumb-all-0.5625-maxwidth-639349.webp\" alt=\"Cas\u0103 tip townhouse elegant\u0103 cu vedere panoramic\u0103 \u00een Aloha Pueblo, Nueva Andaluc\u00eda\" \/>\n\t\t\t\n\t\t\t\t\t\t\t<span class=\"wpb--card-label\">Sub Ofert\u0103<\/span>\n\t\t\t\t\t<\/div>\n\t<\/div>\n\t<div class=\"wpb--card-body\">\n\t\t<div class=\"jaleo-title-fav-wrapper\">\n\t\t\t<strong class=\"wpb--card-locationtitle\">Nueva Andalucia - Marbella<\/strong>\n\t\t\t<button class=\"jaleo-fav\" data-fav-id=\"639349\" data-fav-filter=\"sale\">\n\t\t\t\t<span>Add to favourites<\/span>\n\t\t\t<\/button>\n\t\t<\/div>\n\t\t<h3 class=\"wpb--card-title\">\n\t\t\t<a class=\"wpb--stretched-link\" href=\"\/ro\/proprietati\/vanzare-nueva-andalucia-casa-insiruita-639349\">\n\t\t\t\tCas\u0103 tip townhouse elegant\u0103 cu vedere panoramic\u0103 \u00een Aloha Pueblo, Nueva Andaluc\u00eda\t\t\t<\/a>\n\t\t<\/h3>\n\t\t<div class=\"wpb--card-data\">\n\t\t\t<ul class=\"wpb--card-features\">\n\t\t\t\t\t\t\t\t\t\t<li>2  Dormitoare<\/li>\n\t\t\t\t\t\t\t\t\t\t<li>2  B\u0103i<\/li>\n\t\t\t\t\t\t\t\t\t\t<li>120 m&sup2; Construit<\/li>\n\t\t\t\t\t\t\t<\/ul>\n\t\t\t<div class=\"wpb--card-locationref\">\n\t\t\t\t<div class=\"wpb--card-price\">\n\t\t\t\t\t715.000 &euro;\t\t\t\t<\/div>\n\t\t\t\t<span class=\"wpb--card--propertyreference\"><span>KE-00725P<\/span><\/span>\n\t\t\t<\/div>\n\t\t<\/div>\n\t<\/div>\n<\/div><div class=\"wpb--card\">\n\t<div class=\"wpb--aspect-box wpb--panoramic\">\n\t\t<div class=\"wpb--overflow-hidden\">\n\t\t\t\t\t\t\t<img decoding=\"async\" loading=\"lazy\" class=\"wpb--image-fit\" src=\"\/wp-content\/plugins\/inmobaliaplugin\/image.php?u=B98Le8~d7M9k3DegpEFZhS0lI_F8U4XZVz~HWxt~mGgYekxX9nCAxh0ZjtE2u9zqepXEUrVLqfm8KeIGW6Gtyd4X_SGCKkSnnD9lAFjwIK_bXQw1a2LKf6hSa8_R2aJACZU01ag2t0zBxNID_qHEVCVluuPhdI5yChYtBj5zTfaM118ZFEwFNMPqXWcx5skKumqrxwRqVjBR8I7gUOOSyZR3MSUpLnHGbkNbuywUYgMQhtHUt582XmzjcTr5SVolcboPf13rkaBIVBEAOSvSOs8vUmSGlmyupyVic6VnKRw6Qm2v0mU6DzDa~lQo&i=677137&s=1120&f=all&r=0.5625&ro=maxwidth\" alt=\"Cas\u0103 \u00een\u0219iruit\u0103 contemporan\u0103 cu patru dormitoare situat\u0103 \u00een comunitatea \u00eenchis\u0103 La Rinconada, localizat\u0103 \u00een Valea Golfului din Marbella\" \/>\n\t\t\t\n\t\t\t\t\t<\/div>\n\t<\/div>\n\t<div class=\"wpb--card-body\">\n\t\t<div class=\"jaleo-title-fav-wrapper\">\n\t\t\t<strong class=\"wpb--card-locationtitle\">La Rinconada - Nueva Andalucia<\/strong>\n\t\t\t<button class=\"jaleo-fav\" data-fav-id=\"677137\" data-fav-filter=\"sale\">\n\t\t\t\t<span>Add to favourites<\/span>\n\t\t\t<\/button>\n\t\t<\/div>\n\t\t<h3 class=\"wpb--card-title\">\n\t\t\t<a class=\"wpb--stretched-link\" href=\"\/ro\/proprietati\/vanzare-la-rinconada-casa-insiruita-677137\">\n\t\t\t\tCas\u0103 \u00een\u0219iruit\u0103 contemporan\u0103 cu patru dormitoare situat\u0103 \u00een comunitatea \u00eenchis\u0103 La Rinconada, localizat\u0103 \u00een Valea Golfului din Marbella\t\t\t<\/a>\n\t\t<\/h3>\n\t\t<div class=\"wpb--card-data\">\n\t\t\t<ul class=\"wpb--card-features\">\n\t\t\t\t\t\t\t\t\t\t<li>4  Dormitoare<\/li>\n\t\t\t\t\t\t\t\t\t\t<li>3  B\u0103i<\/li>\n\t\t\t\t\t\t\t\t\t\t<li>170 m&sup2; Construit<\/li>\n\t\t\t\t\t\t\t<\/ul>\n\t\t\t<div class=\"wpb--card-locationref\">\n\t\t\t\t<div class=\"wpb--card-price\">\n\t\t\t\t\t1.499.000 &euro;\t\t\t\t<\/div>\n\t\t\t\t<span class=\"wpb--card--propertyreference\"><span>KE-01133P<\/span><\/span>\n\t\t\t<\/div>\n\t\t<\/div>\n\t<\/div>\n<\/div><div class=\"wpb--card\">\n\t<div class=\"wpb--aspect-box wpb--panoramic\">\n\t\t<div class=\"wpb--overflow-hidden\">\n\t\t\t\t\t\t\t<img decoding=\"async\" loading=\"lazy\" class=\"wpb--image-fit\" src=\"\/wp-content\/plugins\/inmobaliaplugin\/image.php?u=B98Le8~d7M9k3DegpEFZhS0lI_F8U4XZVz~HWxt~mGgYekxX9nCAxh0ZjtE2u9zqepXEUrVLqfm8KeIGW6Gtyd4X_SGCKkSnnD9lAUAFyux6HOEeowlzDsA805Zygt89~ppf_LUYh2ts4iwxiTUO5uGVhMktaFW9aICCYAjqlCsWSrCOMIlvVtLHlTVgYtfqn6pOPodesr3DPfBn_Sqc1K~J3ajuExARjnfdHTMeoUpqnXxgxpxXTT_zDiJ8NDlQwgg74g3Qsoz7SP2i5HP~NE5Md2Eym5Irc0CJTBv_MuLedXYnuw0KK12cj~vP&i=677063&s=1120&f=all&r=0.5625&ro=maxwidth\" alt=\"Frumoas\u0103 vil\u0103 cu un singur nivel \u0219i un poten\u021bial incredibil de \u00eenchiriere!\" \/>\n\t\t\t\n\t\t\t\t\t<\/div>\n\t<\/div>\n\t<div class=\"wpb--card-body\">\n\t\t<div class=\"jaleo-title-fav-wrapper\">\n\t\t\t<strong class=\"wpb--card-locationtitle\">Nueva Andalucia - Marbella<\/strong>\n\t\t\t<button class=\"jaleo-fav\" data-fav-id=\"677063\" data-fav-filter=\"sale\">\n\t\t\t\t<span>Add to favourites<\/span>\n\t\t\t<\/button>\n\t\t<\/div>\n\t\t<h3 class=\"wpb--card-title\">\n\t\t\t<a class=\"wpb--stretched-link\" href=\"\/ro\/proprietati\/vanzare-nueva-andalucia-house-677063\">\n\t\t\t\tFrumoas\u0103 vil\u0103 cu un singur nivel \u0219i un poten\u021bial incredibil de \u00eenchiriere!\t\t\t<\/a>\n\t\t<\/h3>\n\t\t<div class=\"wpb--card-data\">\n\t\t\t<ul class=\"wpb--card-features\">\n\t\t\t\t\t\t\t\t\t\t<li>3  Dormitoare<\/li>\n\t\t\t\t\t\t\t\t\t\t<li>2  B\u0103i<\/li>\n\t\t\t\t\t\t\t\t\t\t<li>630 m&sup2; Teren<\/li>\n\t\t\t\t\t\t\t\t\t\t<li>200 m&sup2; Construit<\/li>\n\t\t\t\t\t\t\t<\/ul>\n\t\t\t<div class=\"wpb--card-locationref\">\n\t\t\t\t<div class=\"wpb--card-price\">\n\t\t\t\t\t999.000 &euro;\t\t\t\t<\/div>\n\t\t\t\t<span class=\"wpb--card--propertyreference\"><span>KE-01078P<\/span><\/span>\n\t\t\t<\/div>\n\t\t<\/div>\n\t<\/div>\n<\/div><div class=\"wpb--card\">\n\t<div class=\"wpb--aspect-box wpb--panoramic\">\n\t\t<div class=\"wpb--overflow-hidden\">\n\t\t\t\t\t\t\t<img decoding=\"async\" loading=\"lazy\" class=\"wpb--image-fit\" src=\"https:\/\/www.koreestates.com\/wp-content\/uploads\/inmoba\/thumb-all-0.5625-maxwidth-651786.webp\" alt=\"Casa Preciosa, o cas\u0103 tip townhouse spa\u021bioas\u0103 cu 4 dormitoare, complet renovat\u0103, situat\u0103 \u00een Golf Valley din Nueva Andalucia, Marbella\" \/>\n\t\t\t\n\t\t\t\t\t<\/div>\n\t<\/div>\n\t<div class=\"wpb--card-body\">\n\t\t<div class=\"jaleo-title-fav-wrapper\">\n\t\t\t<strong class=\"wpb--card-locationtitle\">La Rinconada - Nueva Andalucia<\/strong>\n\t\t\t<button class=\"jaleo-fav\" data-fav-id=\"651786\" data-fav-filter=\"sale\">\n\t\t\t\t<span>Add to favourites<\/span>\n\t\t\t<\/button>\n\t\t<\/div>\n\t\t<h3 class=\"wpb--card-title\">\n\t\t\t<a class=\"wpb--stretched-link\" href=\"\/ro\/proprietati\/vanzare-la-rinconada-casa-insiruita-651786\">\n\t\t\t\tCasa Preciosa, o cas\u0103 tip townhouse spa\u021bioas\u0103 cu 4 dormitoare, complet renovat\u0103, situat\u0103 \u00een Golf Valley din Nueva Andalucia, Marbella\t\t\t<\/a>\n\t\t<\/h3>\n\t\t<div class=\"wpb--card-data\">\n\t\t\t<ul class=\"wpb--card-features\">\n\t\t\t\t\t\t\t\t\t\t<li>4  Dormitoare<\/li>\n\t\t\t\t\t\t\t\t\t\t<li>3  B\u0103i<\/li>\n\t\t\t\t\t\t\t\t\t\t<li>230 m&sup2; Construit<\/li>\n\t\t\t\t\t\t\t<\/ul>\n\t\t\t<div class=\"wpb--card-locationref\">\n\t\t\t\t<div class=\"wpb--card-price\">\n\t\t\t\t\t1.499.000 &euro;\t\t\t\t<\/div>\n\t\t\t\t<span class=\"wpb--card--propertyreference\"><span>KE-00870P<\/span><\/span>\n\t\t\t<\/div>\n\t\t<\/div>\n\t<\/div>\n<\/div><div class=\"wpb--card\">\n\t<div class=\"wpb--aspect-box wpb--panoramic\">\n\t\t<div class=\"wpb--overflow-hidden\">\n\t\t\t\t\t\t\t<img decoding=\"async\" loading=\"lazy\" class=\"wpb--image-fit\" src=\"\/wp-content\/plugins\/inmobaliaplugin\/image.php?u=B98Le8~d7M9k3DegpEFZhS0lI_F8U4XZVz~HWxt~mGgYekxX9nCAxh0ZjtE2u9zqepXEUrVLqfm8KeIGW6Gtyd4X_SGCKkSnnD9kywwgMlg91jvRNoJjXBMQrsBuV9YDbZhMF6UXUWe1fBSacB1Q0Qk62rOpw5xPNTXknDKBanns93a7dTJ~fda~baT69JCfCfGYVhfQdO6IwqXG0GC32Ak3aM_JQebL2qyntSUrZsn3fuioAh7cTILihi13dhoaqYNo8iHayqf9lOneTIA7syAA5ngqCOtFEKzhh3kNnZeq5SDAdh7Zvp_45zuo&i=643144&s=1120&f=all&r=0.5625&ro=maxwidth\" alt=\"Bine a\u021bi venit \u00een aceast\u0103 cas\u0103 fermec\u0103toare cu spa\u021biu de locuit exterior privat \u0219i piscin\u0103, cu un design minimalist \u0219i elegant inspirat din sudul Italiei.\" \/>\n\t\t\t\n\t\t\t\t\t<\/div>\n\t<\/div>\n\t<div class=\"wpb--card-body\">\n\t\t<div class=\"jaleo-title-fav-wrapper\">\n\t\t\t<strong class=\"wpb--card-locationtitle\">Nueva Andalucia - Marbella<\/strong>\n\t\t\t<button class=\"jaleo-fav\" data-fav-id=\"643144\" data-fav-filter=\"sale\">\n\t\t\t\t<span>Add to favourites<\/span>\n\t\t\t<\/button>\n\t\t<\/div>\n\t\t<h3 class=\"wpb--card-title\">\n\t\t\t<a class=\"wpb--stretched-link\" href=\"\/ro\/proprietati\/vanzare-nueva-andalucia-casa-insiruita-643144\">\n\t\t\t\tBine a\u021bi venit \u00een aceast\u0103 cas\u0103 fermec\u0103toare cu spa\u021biu de locuit exterior privat \u0219i piscin\u0103, cu un design minimalist \u0219i elegant inspirat din sudul Italiei.\t\t\t<\/a>\n\t\t<\/h3>\n\t\t<div class=\"wpb--card-data\">\n\t\t\t<ul class=\"wpb--card-features\">\n\t\t\t\t\t\t\t\t\t\t<li>3  Dormitoare<\/li>\n\t\t\t\t\t\t\t\t\t\t<li>3  B\u0103i<\/li>\n\t\t\t\t\t\t\t\t\t\t<li>205 m&sup2; Teren<\/li>\n\t\t\t\t\t\t\t\t\t\t<li>124 m&sup2; Construit<\/li>\n\t\t\t\t\t\t\t<\/ul>\n\t\t\t<div class=\"wpb--card-locationref\">\n\t\t\t\t<div class=\"wpb--card-price\">\n\t\t\t\t\t1.395.000 &euro;\t\t\t\t<\/div>\n\t\t\t\t<span class=\"wpb--card--propertyreference\"><span>KE-00831P<\/span><\/span>\n\t\t\t<\/div>\n\t\t<\/div>\n\t<\/div>\n<\/div><div class=\"wpb--card\">\n\t<div class=\"wpb--aspect-box wpb--panoramic\">\n\t\t<div class=\"wpb--overflow-hidden\">\n\t\t\t\t\t\t\t<img decoding=\"async\" loading=\"lazy\" class=\"wpb--image-fit\" src=\"https:\/\/www.koreestates.com\/wp-content\/uploads\/inmoba\/thumb-all-0.5625-maxwidth-642697.webp\" alt=\"Cas\u0103 tip townhouse elegant\u0103 renovat\u0103 aproape de Aloha Golf \u2013 Gr\u0103din\u0103 privat\u0103 \u0219i comunitate \u00eenchis\u0103\" \/>\n\t\t\t\n\t\t\t\t\t<\/div>\n\t<\/div>\n\t<div class=\"wpb--card-body\">\n\t\t<div class=\"jaleo-title-fav-wrapper\">\n\t\t\t<strong class=\"wpb--card-locationtitle\">Los Pinos de Aloha - Nueva Andalucia<\/strong>\n\t\t\t<button class=\"jaleo-fav\" data-fav-id=\"642697\" data-fav-filter=\"sale\">\n\t\t\t\t<span>Add to favourites<\/span>\n\t\t\t<\/button>\n\t\t<\/div>\n\t\t<h3 class=\"wpb--card-title\">\n\t\t\t<a class=\"wpb--stretched-link\" href=\"\/ro\/proprietati\/vanzare-los-pinos-de-aloha-casa-insiruita-642697\">\n\t\t\t\tCas\u0103 tip townhouse elegant\u0103 renovat\u0103 aproape de Aloha Golf \u2013 Gr\u0103din\u0103 privat\u0103 \u0219i comunitate \u00eenchis\u0103\t\t\t<\/a>\n\t\t<\/h3>\n\t\t<div class=\"wpb--card-data\">\n\t\t\t<ul class=\"wpb--card-features\">\n\t\t\t\t\t\t\t\t\t\t<li>3  Dormitoare<\/li>\n\t\t\t\t\t\t\t\t\t\t<li>3  B\u0103i<\/li>\n\t\t\t\t\t\t\t\t\t\t<li>135 m&sup2; Construit<\/li>\n\t\t\t\t\t\t\t<\/ul>\n\t\t\t<div class=\"wpb--card-locationref\">\n\t\t\t\t<div class=\"wpb--card-price\">\n\t\t\t\t\t850.000 &euro;\t\t\t\t<\/div>\n\t\t\t\t<span class=\"wpb--card--propertyreference\"><span>KE-00777P<\/span><\/span>\n\t\t\t<\/div>\n\t\t<\/div>\n\t<\/div>\n<\/div><div class=\"wpb--card\">\n\t<div class=\"wpb--aspect-box wpb--panoramic\">\n\t\t<div class=\"wpb--overflow-hidden\">\n\t\t\t\t\t\t\t<img decoding=\"async\" loading=\"lazy\" class=\"wpb--image-fit\" src=\"\/wp-content\/plugins\/inmobaliaplugin\/image.php?u=B98Le8~d7M9k3DegpEFZhS0lI_F8U4XZVz~HWxt~mGgYekxX9nCAxh0ZjtE2u9zqepXEUrVLqfm8KeIGW6Gtyd4X_SGCKkSnnD9kxb02PYXNtp~OuM~LDH0iDqcXwuZFcdySMZxi12eGQttTeyDpzDWFCbF2LT_nAvCsuw5z1iZHj9Ia3aiy7KgIP5x3y2~X5pTxJRoYFCNK0E0B9gzn6gUvss769NP2EY5GPi4uecMJEk0EQAmNGvsqPdv7fhwIOyhvF2ywEpTGq_r~a6C7_KmqLjmdTVXTEndaSZ~g6kM1wL2W6~UYvbsSa9rp&i=628866&s=1120&f=all&r=0.5625&ro=maxwidth\" alt=\"Cas\u0103 elegant\u0103 cu dou\u0103 dormitoare, orientat\u0103 spre sud-vest, situat\u0103 \u00eentr-un complex exclusivist cu acces securizat \u00een Nueva Andalucia, Marbella\" \/>\n\t\t\t\n\t\t\t\t\t<\/div>\n\t<\/div>\n\t<div class=\"wpb--card-body\">\n\t\t<div class=\"jaleo-title-fav-wrapper\">\n\t\t\t<strong class=\"wpb--card-locationtitle\">Aloha Lake Village - Nueva Andalucia<\/strong>\n\t\t\t<button class=\"jaleo-fav\" data-fav-id=\"628866\" data-fav-filter=\"sale\">\n\t\t\t\t<span>Add to favourites<\/span>\n\t\t\t<\/button>\n\t\t<\/div>\n\t\t<h3 class=\"wpb--card-title\">\n\t\t\t<a class=\"wpb--stretched-link\" href=\"\/ro\/proprietati\/vanzare-aloha-lake-village-casa-insiruita-628866\">\n\t\t\t\tCas\u0103 elegant\u0103 cu dou\u0103 dormitoare, orientat\u0103 spre sud-vest, situat\u0103 \u00eentr-un complex exclusivist cu acces securizat \u00een Nueva Andalucia, Marbella\t\t\t<\/a>\n\t\t<\/h3>\n\t\t<div class=\"wpb--card-data\">\n\t\t\t<ul class=\"wpb--card-features\">\n\t\t\t\t\t\t\t\t\t\t<li>2  Dormitoare<\/li>\n\t\t\t\t\t\t\t\t\t\t<li>2  B\u0103i<\/li>\n\t\t\t\t\t\t\t\t\t\t<li>171 m&sup2; Construit<\/li>\n\t\t\t\t\t\t\t<\/ul>\n\t\t\t<div class=\"wpb--card-locationref\">\n\t\t\t\t<div class=\"wpb--card-price\">\n\t\t\t\t\t750.000 &euro;\t\t\t\t<\/div>\n\t\t\t\t<span class=\"wpb--card--propertyreference\"><span>KE-00647P<\/span><\/span>\n\t\t\t<\/div>\n\t\t<\/div>\n\t<\/div>\n<\/div><div class=\"wpb--card\">\n\t<div class=\"wpb--aspect-box wpb--panoramic\">\n\t\t<div class=\"wpb--overflow-hidden\">\n\t\t\t\t\t\t\t<img decoding=\"async\" loading=\"lazy\" class=\"wpb--image-fit\" src=\"\/wp-content\/plugins\/inmobaliaplugin\/image.php?u=B98Le8~d7M9k3DegpEFZhS0lI_F8U4XZVz~HWxt~mGgYekxX9nCAxh0ZjtE2u9zqepXEUrVLqfm8KeIGW6Gtyd4X_SGCKkSnnD9kxblysU~uQWJhKVEh8ONkBFoydBdcbFodkvvv~4hj6r3l94yr~1OMFbL9JO8bRKmLZpCju~vHGhberkwKubiOgFkLVQuL3vfx6ctM0dzr6z476IyRsmbfWMBwegiH6H3nAyxHjMz6BzqaAPMnnySb6rkHJuBP26uigx4dFfL3TOEd7khBD8CFhOp17XDRvSOA9tDVbwdBcW7tgRe1_OKXnALu&i=619173&s=1120&f=all&r=0.5625&ro=maxwidth\" alt=\"House de v\u00e2nzare \u00een Lagomar, Nueva Andalucia\" \/>\n\t\t\t\n\t\t\t\t\t<\/div>\n\t<\/div>\n\t<div class=\"wpb--card-body\">\n\t\t<div class=\"jaleo-title-fav-wrapper\">\n\t\t\t<strong class=\"wpb--card-locationtitle\">Lagomar - Nueva Andalucia<\/strong>\n\t\t\t<button class=\"jaleo-fav\" data-fav-id=\"619173\" data-fav-filter=\"sale\">\n\t\t\t\t<span>Add to favourites<\/span>\n\t\t\t<\/button>\n\t\t<\/div>\n\t\t<h3 class=\"wpb--card-title\">\n\t\t\t<a class=\"wpb--stretched-link\" href=\"\/ro\/proprietati\/vanzare-lagomar-house-619173\">\n\t\t\t\tHouse de v\u00e2nzare \u00een Lagomar, Nueva Andalucia\t\t\t<\/a>\n\t\t<\/h3>\n\t\t<div class=\"wpb--card-data\">\n\t\t\t<ul class=\"wpb--card-features\">\n\t\t\t\t\t\t\t\t\t\t<li>4  Dormitoare<\/li>\n\t\t\t\t\t\t\t\t\t\t<li>4  B\u0103i<\/li>\n\t\t\t\t\t\t\t\t\t\t<li>1.302 m&sup2; Teren<\/li>\n\t\t\t\t\t\t\t\t\t\t<li>772 m&sup2; Construit<\/li>\n\t\t\t\t\t\t\t<\/ul>\n\t\t\t<div class=\"wpb--card-locationref\">\n\t\t\t\t<div class=\"wpb--card-price\">\n\t\t\t\t\t3.495.000 &euro;\t\t\t\t<\/div>\n\t\t\t\t<span class=\"wpb--card--propertyreference\"><span>KE-00608P<\/span><\/span>\n\t\t\t<\/div>\n\t\t<\/div>\n\t<\/div>\n<\/div><div class=\"wpb--card\">\n\t<div class=\"wpb--aspect-box wpb--panoramic\">\n\t\t<div class=\"wpb--overflow-hidden\">\n\t\t\t\t\t\t\t<img decoding=\"async\" loading=\"lazy\" class=\"wpb--image-fit\" src=\"\/wp-content\/plugins\/inmobaliaplugin\/image.php?u=B98Le8~d7M9k3DegpEFZhS0lI_F8U4XZVz~HWxt~mGgYekxX9nCAxh0ZjtE2u9zqepXEUrVLqfm8KeIGW6Gtyd4X_SGCKkSnnD9kwt26CLAbKL9lYft0jaOGwphVMsBoKvbXPVgrMWUNqRA6lWfWjIL1hIC~aVmD7Dsw6bk7IvGirLWGt7zhl4OS4pkz9m7ach6QYW4I3BJWgxhla1FmlcrHKcZFjHMmkZGGhJH_oPPWXMJnXh4pPbuoI039AbkEQjwvOaOlhMDJxIVZAx1rtWBSW7rrh7WYRcxB5CPL1vZCUGDXyfi8ojn~V8br&i=573424&s=1120&f=all&r=0.5625&ro=maxwidth\" alt=\"O cas\u0103 tip townhouse confortabil\u0103 cu 2 dormitoare situat\u0103 \u00een renumitul Aloha Pueblo, Nueva Andaluc\u00eda.\" \/>\n\t\t\t\n\t\t\t\t\t<\/div>\n\t<\/div>\n\t<div class=\"wpb--card-body\">\n\t\t<div class=\"jaleo-title-fav-wrapper\">\n\t\t\t<strong class=\"wpb--card-locationtitle\">Aloha Pueblo - Nueva Andalucia<\/strong>\n\t\t\t<button class=\"jaleo-fav\" data-fav-id=\"573424\" data-fav-filter=\"sale\">\n\t\t\t\t<span>Add to favourites<\/span>\n\t\t\t<\/button>\n\t\t<\/div>\n\t\t<h3 class=\"wpb--card-title\">\n\t\t\t<a class=\"wpb--stretched-link\" href=\"\/ro\/proprietati\/vanzare-aloha-pueblo-casa-insiruita-573424\">\n\t\t\t\tO cas\u0103 tip townhouse confortabil\u0103 cu 2 dormitoare situat\u0103 \u00een renumitul Aloha Pueblo, Nueva Andaluc\u00eda.\t\t\t<\/a>\n\t\t<\/h3>\n\t\t<div class=\"wpb--card-data\">\n\t\t\t<ul class=\"wpb--card-features\">\n\t\t\t\t\t\t\t\t\t\t<li>2  Dormitoare<\/li>\n\t\t\t\t\t\t\t\t\t\t<li>2  B\u0103i<\/li>\n\t\t\t\t\t\t\t\t\t\t<li>60 m&sup2; Construit<\/li>\n\t\t\t\t\t\t\t<\/ul>\n\t\t\t<div class=\"wpb--card-locationref\">\n\t\t\t\t<div class=\"wpb--card-price\">\n\t\t\t\t\t550.000 &euro;\t\t\t\t<\/div>\n\t\t\t\t<span class=\"wpb--card--propertyreference\"><span>KE-00110P<\/span><\/span>\n\t\t\t<\/div>\n\t\t<\/div>\n\t<\/div>\n<\/div>\t<\/div>\r\n\t<!-- Go to the full list -->\r\n\t\t<div class=\"wpb--center\">\r\n\t\t<a class=\"wpb--btn-outline\" href=\"https:\/\/www.koreestates.com\/ro\/imobile?l=ro&f=sale&c=c24,a51&t=T3\">Vezi tot<\/a>\r\n\t<\/div>\r\n\t\n<\/section>\n<\/div>\n\n\n\n<div class=\"wp-block-group jaleo--container-75-center has-global-padding is-layout-constrained wp-block-group-is-layout-constrained\" style=\"margin-bottom:var(--wp--preset--spacing--50)\">\n<p class=\"has-text-align-left\" style=\"padding-right:0;padding-left:0\">Casele \u00een\u0219iruite (townhouses) de v\u00e2nzare \u00een Nueva Andaluc\u00eda ofer\u0103 o alternativ\u0103 practic\u0103 apartamentelor \u0219i vilelor, combin\u00e2nd intimitatea unei locuin\u021be pe mai multe niveluri cu avantajele facilit\u0103\u021bilor comune \u0219i ale comunit\u0103\u021bilor sigure. Zona reziden\u021bial\u0103 popular\u0103 Nueva Andaluc\u00eda este cea mai mare suburbie a Marbellei. Situat\u0103 la grani\u021ba cu Puerto Ban\u00fas, este renumit\u0103 pentru str\u0103zile sale pline de verdea\u021b\u0103, terenurile de golf \u0219i cererea constant\u0103 at\u00e2t din partea reziden\u021bilor permanen\u021bi, c\u00e2t \u0219i a proprietarilor de locuin\u021be de vacan\u021b\u0103. De fapt, este cunoscut\u0103 la nivel local sub denumirea de \u201eValea Golfului\u201d datorit\u0103 gamei \u0219i variet\u0103\u021bii de cluburi de golf g\u0103site \u00een zon\u0103.<\/p>\n\n\n\n<p>Casele \u00een\u0219iruite de aici variaz\u0103 de la stiluri tradi\u021bionale andaluze la op\u021biuni mai contemporane, nou construite. Multe se g\u0103sesc \u00een cadrul comunit\u0103\u021bilor securizate care ofer\u0103 facilit\u0103\u021bi precum piscine comune, gr\u0103dini, garaje private \u0219i securitate la fa\u021ba locului. Aceste propriet\u0103\u021bi sunt deosebit de populare printre familii \u0219i cump\u0103r\u0103torii care caut\u0103 locuin\u021be cu \u00eentre\u021binere redus\u0103, cu spa\u021biu exterior, \u00eentr-o zon\u0103 bine conectat\u0103 a Marbellei.<\/p>\n\n\n\n<p>Zonele reziden\u021biale populare pentru casele \u00een\u0219iruite includ Aloha Gardens, Los Naranjos Country Club \u0219i Soleuropa Golf, fiecare oferind acces pietonal la terenuri de golf, restaurante \u0219i \u0219coli. Aceste comunit\u0103\u021bi atrag pe cei care caut\u0103 un stil de via\u021b\u0103 sigur, la doar c\u00e2teva minute de coast\u0103, dar cu spa\u021biul \u0219i func\u021bionalitatea unei locuin\u021be individuale.<\/p>\n\n\n\n<p><\/p>\n\n\n\n<h2 class=\"wp-block-heading\"><strong>\u00centreb\u0103ri Frecvente: Case \u00een\u0219iruite de v\u00e2nzare \u00een Nueva Andaluc\u00eda<\/strong><\/h2>\n\n\n\n<h3 class=\"wp-block-heading\">De ce s\u0103 cump\u0103ra\u021bi o cas\u0103 \u00een\u0219iruit\u0103 \u00een Nueva Andaluc\u00eda?<br><\/h3>\n\n\n\n<p>Casele \u00een\u0219iruite ofer\u0103 un echilibru excelent \u00eentre spa\u021biu \u0219i costuri reduse de \u00eentre\u021binere. Cump\u0103r\u0103torii beneficiaz\u0103 de mai multe etaje de spa\u021biu de locuit, adesea cu terase private, solarii \u0219i gr\u0103dini amenajate, beneficiind \u00een acela\u0219i timp de facilit\u0103\u021bi comune precum piscine, parcare \u0219i securitate.<\/p>\n\n\n\n<h3 class=\"wp-block-heading\">Cum se compar\u0103 casele \u00een\u0219iruite cu apartamentele \u0219i vilele?<br><\/h3>\n\n\n\n<p>Casele \u00een\u0219iruite ofer\u0103 mai mult\u0103 intimitate \u0219i suprafa\u021b\u0103 util\u0103 dec\u00e2t majoritatea apartamentelor, fiind \u00een acela\u0219i timp mai accesibile \u0219i mai u\u0219or de gestionat dec\u00e2t vilele individuale. Sunt ideale pentru cump\u0103r\u0103torii care doresc senza\u021bia de cas\u0103 f\u0103r\u0103 \u00eentre\u021binerea unui teren mare.<\/p>\n\n\n\n<h3 class=\"wp-block-heading\">Care sunt caracteristicile tipice ale caselor \u00een\u0219iruite din aceast\u0103 zon\u0103?<br><\/h3>\n\n\n\n<p>Majoritatea caselor \u00een\u0219iruite din Nueva Andaluc\u00eda ofer\u0103 dou\u0103 p\u00e2n\u0103 la patru dormitoare, spa\u021biu exterior privat \u0219i acces la piscine \u0219i gr\u0103dini comune. Multe includ parcare privat\u0103, iar unele dispun de terase spa\u021bioase pe acoperi\u0219 sau subsoluri pentru o flexibilitate sporit\u0103.<\/p>\n\n\n\n<h3 class=\"wp-block-heading\">Reprezint\u0103 casele \u00een\u0219iruite din Nueva Andaluc\u00eda o investi\u021bie bun\u0103?<br><\/h3>\n\n\n\n<p>Da. Zona este mereu la mare c\u0103utare, iar casele \u00een\u0219iruite bine situate, \u00een apropierea terenurilor de golf sau a facilit\u0103\u021bilor, au tendin\u021ba de a performa bine at\u00e2t pe pia\u021ba de rev\u00e2nzare, c\u00e2t \u0219i pe cea de \u00eenchiriere. Sunt deosebit de atractive pentru \u00eenchirierile pe termen lung \u0219i pentru familii. Faptul c\u0103 Nueva Andaluc\u00eda este u\u0219or accesibil\u0103 din Puerto Ban\u00fas, Marbella \u0219i San Pedro este foarte atractiv pentru cump\u0103r\u0103tori.<\/p>\n\n\n\n<h3 class=\"wp-block-heading\">Ce comunit\u0103\u021bi sunt cunoscute pentru case \u00een\u0219iruite de bun\u0103 calitate?<br><\/h3>\n\n\n\n<p>Op\u021biunile notabile includ Aloha Gardens, cu loca\u021bia \u0219i facilit\u0103\u021bile sale excelente; Pe\u00f1ablanca, care se \u00eenvecineaz\u0103 cu Aloha Golf Club \u0219i Los Naranjos Country Club, oferind un farmec andaluz clasic \u00eentr-un cadru sigur. Alte op\u021biuni includ Soleuropa Golf, care se afl\u0103 la marginea fairway-urilor de la Los Naranjos, La Retranca del \u00c1ngel \u0219i El Palmeral.<\/p>\n\n\n\n<h3 class=\"wp-block-heading\">Care este intervalul de pre\u021b pentru casele \u00een\u0219iruite \u00een Nueva Andaluc\u00eda?<br><\/h3>\n\n\n\n<p>Pre\u021burile \u00eencep de obicei de la aproximativ 400.000 \u20ac \u0219i pot dep\u0103\u0219i cu u\u0219urin\u021b\u0103 aceast\u0103 sum\u0103, \u00een func\u021bie de loca\u021bie, dimensiune \u0219i nivelul de modernizare. Propriet\u0103\u021bile din comunit\u0103\u021bile securizate, situate l\u00e2ng\u0103 terenul de golf, tind s\u0103 aib\u0103 un pre\u021b premium.<\/p>\n\n\n\n<h3 class=\"wp-block-heading\">Este Nueva Andaluc\u00eda potrivit\u0103 pentru o re\u0219edin\u021b\u0103 permanent\u0103?<br><\/h3>\n\n\n\n<p>Da. Cu \u0219colile sale interna\u021bionale, serviciile disponibile pe tot parcursul anului \u0219i o infrastructur\u0103 solid\u0103, Nueva Andaluc\u00eda este una dintre cele mai bune zone din Marbella pentru reziden\u021bii permanen\u021bi, \u00een special pentru familii \u0219i profesioni\u0219ti.<\/p>\n\n\n\n<h3 class=\"wp-block-heading\">C\u00e2t de aproape este Nueva Andaluc\u00eda de facilit\u0103\u021bile locale?<br><\/h3>\n\n\n\n<p>Majoritatea comunit\u0103\u021bilor de case \u00een\u0219iruite se afl\u0103 la o scurt\u0103 distan\u021b\u0103 de condus sau de mers pe jos de supermarketuri, cafenele, cluburi de golf \u0219i centre de fitness. Plaja este la mai pu\u021bin de 10 minute cu ma\u0219ina, iar poalele mun\u021bilor Sierra Blanca sunt, de asemenea, \u00een apropiere pentru drume\u021bii, ciclism \u0219i tururi de aventur\u0103.<\/p>\n\n\n\n<h3 class=\"wp-block-heading has-text-align-left\">Casele \u00een\u0219iruite au acces la terenuri de golf?<br><\/h3>\n\n\n\n<p class=\"has-text-align-left\" style=\"padding-right:0;padding-left:0\">Multe ansambluri de case \u00een\u0219iruite sunt situate \u00een apropierea sau \u00een cadrul comunit\u0103\u021bilor de golf precum Aloha, Las Brisas sau Los Naranjos, oferind acces excelent la terenurile de golf, fie pe jos, fie la c\u00e2teva minute cu ma\u0219ina.<\/p>\n<\/div>\n\n\n\n<p><\/p>\n","protected":false},"excerpt":{"rendered":"<p>Case \u00een\u0219iruite de v\u00e2nzare \u00een Nueva Andaluc\u00eda Casele \u00een\u0219iruite (townhouses) de v\u00e2nzare \u00een Nueva Andaluc\u00eda ofer\u0103 o alternativ\u0103 practic\u0103 apartamentelor \u0219i vilelor, combin\u00e2nd intimitatea unei locuin\u021be pe mai multe niveluri cu avantajele facilit\u0103\u021bilor comune \u0219i ale comunit\u0103\u021bilor sigure. Zona reziden\u021bial\u0103 popular\u0103 Nueva Andaluc\u00eda este cea mai mare suburbie a Marbellei. Situat\u0103 la grani\u021ba cu Puerto [&hellip;]<\/p>\n","protected":false},"author":2,"featured_media":0,"parent":2548,"menu_order":0,"comment_status":"closed","ping_status":"closed","template":"","meta":{"_acf_changed":false,"footnotes":""},"class_list":["post-2828","page","type-page","status-publish","hentry"],"acf":[],"_links":{"self":[{"href":"https:\/\/www.koreestates.com\/ro\/wp-json\/wp\/v2\/pages\/2828","targetHints":{"allow":["GET"]}}],"collection":[{"href":"https:\/\/www.koreestates.com\/ro\/wp-json\/wp\/v2\/pages"}],"about":[{"href":"https:\/\/www.koreestates.com\/ro\/wp-json\/wp\/v2\/types\/page"}],"author":[{"embeddable":true,"href":"https:\/\/www.koreestates.com\/ro\/wp-json\/wp\/v2\/users\/2"}],"replies":[{"embeddable":true,"href":"https:\/\/www.koreestates.com\/ro\/wp-json\/wp\/v2\/comments?post=2828"}],"version-history":[{"count":1,"href":"https:\/\/www.koreestates.com\/ro\/wp-json\/wp\/v2\/pages\/2828\/revisions"}],"predecessor-version":[{"id":2830,"href":"https:\/\/www.koreestates.com\/ro\/wp-json\/wp\/v2\/pages\/2828\/revisions\/2830"}],"up":[{"embeddable":true,"href":"https:\/\/www.koreestates.com\/ro\/wp-json\/wp\/v2\/pages\/2548"}],"wp:attachment":[{"href":"https:\/\/www.koreestates.com\/ro\/wp-json\/wp\/v2\/media?parent=2828"}],"curies":[{"name":"wp","href":"https:\/\/api.w.org\/{rel}","templated":true}]}}