{"id":2571,"date":"2025-08-28T09:50:04","date_gmt":"2025-08-28T07:50:04","guid":{"rendered":"https:\/\/www.koreestates.com\/proprietati-de-vanzare-in-marbella\/villas-for-sale-in-benahavis"},"modified":"2025-10-18T13:11:25","modified_gmt":"2025-10-18T11:11:25","slug":"villas-for-sale-in-benahavis","status":"publish","type":"page","link":"https:\/\/www.koreestates.com\/ro\/proprietati-de-vanzare-in-marbella\/villas-for-sale-in-benahavis","title":{"rendered":"Villas for sale in Benahav\u00eds"},"content":{"rendered":"\n<div class=\"wp-block-group jaleo--container-75-center has-global-padding is-layout-constrained wp-block-group-is-layout-constrained\" style=\"margin-bottom:var(--wp--preset--spacing--50)\">\n<section class=\"wp-block-group jaleo-properties-grid is-layout-flow wp-block-group-is-layout-flow\" style=\"margin-top:0;margin-bottom:var(--wp--preset--spacing--50)\">\n<h1 class=\"wp-block-heading has-text-align-left has-xx-large-font-size\" style=\"text-transform:none\"><strong><strong><strong>Vile de v\u00e2nzare \u00een Benahav\u00eds<\/strong><\/strong><\/strong><\/h1>\n\n\n\t<div class=\"wpb--card-container\">\r\n\t\t<div class=\"wpb--card\">\n\t<div class=\"wpb--aspect-box wpb--panoramic\">\n\t\t<div class=\"wpb--overflow-hidden\">\n\t\t\t\t\t\t\t<img decoding=\"async\" loading=\"lazy\" class=\"wpb--image-fit\" src=\"https:\/\/www.koreestates.com\/wp-content\/uploads\/inmoba\/thumb-all-0.5625-maxwidth-694296.webp\" alt=\"Vil\u0103 luxoas\u0103, elegant\u0103 \u0219i modern\u0103 cu vedere panoramic\u0103 la mare \u00een La Reserva del Alcuzcuz, Benahavis\" \/>\n\t\t\t\n\t\t\t\t\t<\/div>\n\t<\/div>\n\t<div class=\"wpb--card-body\">\n\t\t<div class=\"jaleo-title-fav-wrapper\">\n\t\t\t<strong class=\"wpb--card-locationtitle\">Benahavis<\/strong>\n\t\t\t<button class=\"jaleo-fav\" data-fav-id=\"694296\" data-fav-filter=\"sale\">\n\t\t\t\t<span>Add to favourites<\/span>\n\t\t\t<\/button>\n\t\t<\/div>\n\t\t<h3 class=\"wpb--card-title\">\n\t\t\t<a class=\"wpb--stretched-link\" href=\"\/ro\/proprietati\/vanzare-benahavis-vila-694296\">\n\t\t\t\tVil\u0103 luxoas\u0103, elegant\u0103 \u0219i modern\u0103 cu vedere panoramic\u0103 la mare \u00een La Reserva del Alcuzcuz, Benahavis\t\t\t<\/a>\n\t\t<\/h3>\n\t\t<div class=\"wpb--card-data\">\n\t\t\t<ul class=\"wpb--card-features\">\n\t\t\t\t\t\t\t\t\t\t<li>9  Dormitoare<\/li>\n\t\t\t\t\t\t\t\t\t\t<li>9  B\u0103i<\/li>\n\t\t\t\t\t\t\t\t\t\t<li>3.560 m&sup2; Teren<\/li>\n\t\t\t\t\t\t\t\t\t\t<li>1.158 m&sup2; Construit<\/li>\n\t\t\t\t\t\t\t<\/ul>\n\t\t\t<div class=\"wpb--card-locationref\">\n\t\t\t\t<div class=\"wpb--card-price\">\n\t\t\t\t\t8.900.000 &euro;\t\t\t\t<\/div>\n\t\t\t\t<span class=\"wpb--card--propertyreference\"><span>KE-01304P<\/span><\/span>\n\t\t\t<\/div>\n\t\t<\/div>\n\t<\/div>\n<\/div><div class=\"wpb--card\">\n\t<div class=\"wpb--aspect-box wpb--panoramic\">\n\t\t<div class=\"wpb--overflow-hidden\">\n\t\t\t\t\t\t\t<img decoding=\"async\" loading=\"lazy\" class=\"wpb--image-fit\" src=\"https:\/\/www.koreestates.com\/wp-content\/uploads\/inmoba\/thumb-all-0.5625-maxwidth-694293.webp\" alt=\"Casa De Canto este o proprietate contemporan\u0103 excep\u021bional\u0103 cu \u0219apte dormitoare, situat\u0103 \u00eentr-o comunitate exclusivist\u0103 cu acces securizat din El Madro\u00f1al.\" \/>\n\t\t\t\n\t\t\t\t\t<\/div>\n\t<\/div>\n\t<div class=\"wpb--card-body\">\n\t\t<div class=\"jaleo-title-fav-wrapper\">\n\t\t\t<strong class=\"wpb--card-locationtitle\">El Madro\u00f1al - Benahavis<\/strong>\n\t\t\t<button class=\"jaleo-fav\" data-fav-id=\"694293\" data-fav-filter=\"sale\">\n\t\t\t\t<span>Add to favourites<\/span>\n\t\t\t<\/button>\n\t\t<\/div>\n\t\t<h3 class=\"wpb--card-title\">\n\t\t\t<a class=\"wpb--stretched-link\" href=\"\/ro\/proprietati\/vanzare-el-madronal-vila-694293\">\n\t\t\t\tCasa De Canto este o proprietate contemporan\u0103 excep\u021bional\u0103 cu \u0219apte dormitoare, situat\u0103 \u00eentr-o comunitate exclusivist\u0103 cu acces securizat din El Madro\u00f1al.\t\t\t<\/a>\n\t\t<\/h3>\n\t\t<div class=\"wpb--card-data\">\n\t\t\t<ul class=\"wpb--card-features\">\n\t\t\t\t\t\t\t\t\t\t<li>7  Dormitoare<\/li>\n\t\t\t\t\t\t\t\t\t\t<li>9  B\u0103i<\/li>\n\t\t\t\t\t\t\t\t\t\t<li>3.835 m&sup2; Teren<\/li>\n\t\t\t\t\t\t\t\t\t\t<li>1.175 m&sup2; Construit<\/li>\n\t\t\t\t\t\t\t<\/ul>\n\t\t\t<div class=\"wpb--card-locationref\">\n\t\t\t\t<div class=\"wpb--card-price\">\n\t\t\t\t\t11.500.000 &euro;\t\t\t\t<\/div>\n\t\t\t\t<span class=\"wpb--card--propertyreference\"><span>KE-01302P<\/span><\/span>\n\t\t\t<\/div>\n\t\t<\/div>\n\t<\/div>\n<\/div><div class=\"wpb--card\">\n\t<div class=\"wpb--aspect-box wpb--panoramic\">\n\t\t<div class=\"wpb--overflow-hidden\">\n\t\t\t\t\t\t\t<img decoding=\"async\" loading=\"lazy\" class=\"wpb--image-fit\" src=\"https:\/\/www.koreestates.com\/wp-content\/uploads\/inmoba\/thumb-all-0.5625-maxwidth-680273.webp\" alt=\"Capodoper\u0103 andaluz\u0103 modern\u0103 excep\u021bional\u0103 cu vedere panoramic\u0103 la mare \u2013 Los Flamingos, Benahav\u00eds\" \/>\n\t\t\t\n\t\t\t\t\t<\/div>\n\t<\/div>\n\t<div class=\"wpb--card-body\">\n\t\t<div class=\"jaleo-title-fav-wrapper\">\n\t\t\t<strong class=\"wpb--card-locationtitle\">Los Flamingos - Benahavis<\/strong>\n\t\t\t<button class=\"jaleo-fav\" data-fav-id=\"680273\" data-fav-filter=\"sale\">\n\t\t\t\t<span>Add to favourites<\/span>\n\t\t\t<\/button>\n\t\t<\/div>\n\t\t<h3 class=\"wpb--card-title\">\n\t\t\t<a class=\"wpb--stretched-link\" href=\"\/ro\/proprietati\/vanzare-los-flamingos-vila-680273\">\n\t\t\t\tCapodoper\u0103 andaluz\u0103 modern\u0103 excep\u021bional\u0103 cu vedere panoramic\u0103 la mare \u2013 Los Flamingos, Benahav\u00eds\t\t\t<\/a>\n\t\t<\/h3>\n\t\t<div class=\"wpb--card-data\">\n\t\t\t<ul class=\"wpb--card-features\">\n\t\t\t\t\t\t\t\t\t\t<li>4  Dormitoare<\/li>\n\t\t\t\t\t\t\t\t\t\t<li>7  B\u0103i<\/li>\n\t\t\t\t\t\t\t\t\t\t<li>1.445 m&sup2; Teren<\/li>\n\t\t\t\t\t\t\t\t\t\t<li>551 m&sup2; Construit<\/li>\n\t\t\t\t\t\t\t<\/ul>\n\t\t\t<div class=\"wpb--card-locationref\">\n\t\t\t\t<div class=\"wpb--card-price\">\n\t\t\t\t\t5.995.000 &euro;\t\t\t\t<\/div>\n\t\t\t\t<span class=\"wpb--card--propertyreference\"><span>KE-01186P<\/span><\/span>\n\t\t\t<\/div>\n\t\t<\/div>\n\t<\/div>\n<\/div><div class=\"wpb--card\">\n\t<div class=\"wpb--aspect-box wpb--panoramic\">\n\t\t<div class=\"wpb--overflow-hidden\">\n\t\t\t\t\t\t\t<img decoding=\"async\" loading=\"lazy\" class=\"wpb--image-fit\" src=\"https:\/\/www.koreestates.com\/wp-content\/uploads\/inmoba\/thumb-all-0.5625-maxwidth-677237.webp\" alt=\"VIL\u0102 THE RETREAT \u00een La Zagaleta, Benahavis\" \/>\n\t\t\t\n\t\t\t\t\t<\/div>\n\t<\/div>\n\t<div class=\"wpb--card-body\">\n\t\t<div class=\"jaleo-title-fav-wrapper\">\n\t\t\t<strong class=\"wpb--card-locationtitle\">La Zagaleta - Benahavis<\/strong>\n\t\t\t<button class=\"jaleo-fav\" data-fav-id=\"677237\" data-fav-filter=\"sale\">\n\t\t\t\t<span>Add to favourites<\/span>\n\t\t\t<\/button>\n\t\t<\/div>\n\t\t<h3 class=\"wpb--card-title\">\n\t\t\t<a class=\"wpb--stretched-link\" href=\"\/ro\/proprietati\/vanzare-la-zagaleta-vila-677237\">\n\t\t\t\tVIL\u0102 THE RETREAT \u00een La Zagaleta, Benahavis\t\t\t<\/a>\n\t\t<\/h3>\n\t\t<div class=\"wpb--card-data\">\n\t\t\t<ul class=\"wpb--card-features\">\n\t\t\t\t\t\t\t\t\t\t<li>6  Dormitoare<\/li>\n\t\t\t\t\t\t\t\t\t\t<li>1  Baie<\/li>\n\t\t\t\t\t\t\t\t\t\t<li>5.394 m&sup2; Teren<\/li>\n\t\t\t\t\t\t\t\t\t\t<li>958 m&sup2; Construit<\/li>\n\t\t\t\t\t\t\t<\/ul>\n\t\t\t<div class=\"wpb--card-locationref\">\n\t\t\t\t<div class=\"wpb--card-price\">\n\t\t\t\t\t11.600.000 &euro;\t\t\t\t<\/div>\n\t\t\t\t<span class=\"wpb--card--propertyreference\"><span>KE-01173P<\/span><\/span>\n\t\t\t<\/div>\n\t\t<\/div>\n\t<\/div>\n<\/div><div class=\"wpb--card\">\n\t<div class=\"wpb--aspect-box wpb--panoramic\">\n\t\t<div class=\"wpb--overflow-hidden\">\n\t\t\t\t\t\t\t<img decoding=\"async\" loading=\"lazy\" class=\"wpb--image-fit\" src=\"https:\/\/www.koreestates.com\/wp-content\/uploads\/inmoba\/thumb-all-0.5625-maxwidth-677236.webp\" alt=\"Proiect Modern La Zagaleta\" \/>\n\t\t\t\n\t\t\t\t\t<\/div>\n\t<\/div>\n\t<div class=\"wpb--card-body\">\n\t\t<div class=\"jaleo-title-fav-wrapper\">\n\t\t\t<strong class=\"wpb--card-locationtitle\">La Zagaleta - Benahavis<\/strong>\n\t\t\t<button class=\"jaleo-fav\" data-fav-id=\"677236\" data-fav-filter=\"sale\">\n\t\t\t\t<span>Add to favourites<\/span>\n\t\t\t<\/button>\n\t\t<\/div>\n\t\t<h3 class=\"wpb--card-title\">\n\t\t\t<a class=\"wpb--stretched-link\" href=\"\/ro\/proprietati\/vanzare-la-zagaleta-vila-677236\">\n\t\t\t\tProiect Modern La Zagaleta\t\t\t<\/a>\n\t\t<\/h3>\n\t\t<div class=\"wpb--card-data\">\n\t\t\t<ul class=\"wpb--card-features\">\n\t\t\t\t\t\t\t\t\t\t<li>5  Dormitoare<\/li>\n\t\t\t\t\t\t\t\t\t\t<li>5  B\u0103i<\/li>\n\t\t\t\t\t\t\t\t\t\t<li>3.972 m&sup2; Teren<\/li>\n\t\t\t\t\t\t\t\t\t\t<li>1.517 m&sup2; Construit<\/li>\n\t\t\t\t\t\t\t<\/ul>\n\t\t\t<div class=\"wpb--card-locationref\">\n\t\t\t\t<div class=\"wpb--card-price\">\n\t\t\t\t\t17.900.000 &euro;\t\t\t\t<\/div>\n\t\t\t\t<span class=\"wpb--card--propertyreference\"><span>KE-01172P<\/span><\/span>\n\t\t\t<\/div>\n\t\t<\/div>\n\t<\/div>\n<\/div><div class=\"wpb--card\">\n\t<div class=\"wpb--aspect-box wpb--panoramic\">\n\t\t<div class=\"wpb--overflow-hidden\">\n\t\t\t\t\t\t\t<img decoding=\"async\" loading=\"lazy\" class=\"wpb--image-fit\" src=\"https:\/\/www.koreestates.com\/wp-content\/uploads\/inmoba\/thumb-all-0.5625-maxwidth-677218.webp\" alt=\"Vil\u0103 elegant\u0103, complet renovat\u0103, cu cas\u0103 de oaspe\u021bi \u0219i vedere panoramic\u0103 \u00een El Madro\u00f1al\" \/>\n\t\t\t\n\t\t\t\t\t<\/div>\n\t<\/div>\n\t<div class=\"wpb--card-body\">\n\t\t<div class=\"jaleo-title-fav-wrapper\">\n\t\t\t<strong class=\"wpb--card-locationtitle\">El Madro\u00f1al - Benahavis<\/strong>\n\t\t\t<button class=\"jaleo-fav\" data-fav-id=\"677218\" data-fav-filter=\"sale\">\n\t\t\t\t<span>Add to favourites<\/span>\n\t\t\t<\/button>\n\t\t<\/div>\n\t\t<h3 class=\"wpb--card-title\">\n\t\t\t<a class=\"wpb--stretched-link\" href=\"\/ro\/proprietati\/vanzare-el-madronal-vila-677218\">\n\t\t\t\tVil\u0103 elegant\u0103, complet renovat\u0103, cu cas\u0103 de oaspe\u021bi \u0219i vedere panoramic\u0103 \u00een El Madro\u00f1al\t\t\t<\/a>\n\t\t<\/h3>\n\t\t<div class=\"wpb--card-data\">\n\t\t\t<ul class=\"wpb--card-features\">\n\t\t\t\t\t\t\t\t\t\t<li>8  Dormitoare<\/li>\n\t\t\t\t\t\t\t\t\t\t<li>7  B\u0103i<\/li>\n\t\t\t\t\t\t\t\t\t\t<li>1.865 m&sup2; Teren<\/li>\n\t\t\t\t\t\t\t\t\t\t<li>598 m&sup2; Construit<\/li>\n\t\t\t\t\t\t\t<\/ul>\n\t\t\t<div class=\"wpb--card-locationref\">\n\t\t\t\t<div class=\"wpb--card-price\">\n\t\t\t\t\t4.450.000 &euro;\t\t\t\t<\/div>\n\t\t\t\t<span class=\"wpb--card--propertyreference\"><span>KE-01157P<\/span><\/span>\n\t\t\t<\/div>\n\t\t<\/div>\n\t<\/div>\n<\/div><div class=\"wpb--card\">\n\t<div class=\"wpb--aspect-box wpb--panoramic\">\n\t\t<div class=\"wpb--overflow-hidden\">\n\t\t\t\t\t\t\t<img decoding=\"async\" loading=\"lazy\" class=\"wpb--image-fit\" src=\"https:\/\/www.koreestates.com\/wp-content\/uploads\/inmoba\/thumb-all-0.5625-maxwidth-677213.webp\" alt=\"Re\u0219edin\u021b\u0103 contemporan\u0103 rafinat\u0103 situat\u0103 \u00een prestigioasa comunitate Los Arqueros din Benahav\u00eds\" \/>\n\t\t\t\n\t\t\t\t\t<\/div>\n\t<\/div>\n\t<div class=\"wpb--card-body\">\n\t\t<div class=\"jaleo-title-fav-wrapper\">\n\t\t\t<strong class=\"wpb--card-locationtitle\">Los Arqueros - Benahavis<\/strong>\n\t\t\t<button class=\"jaleo-fav\" data-fav-id=\"677213\" data-fav-filter=\"sale\">\n\t\t\t\t<span>Add to favourites<\/span>\n\t\t\t<\/button>\n\t\t<\/div>\n\t\t<h3 class=\"wpb--card-title\">\n\t\t\t<a class=\"wpb--stretched-link\" href=\"\/ro\/proprietati\/vanzare-los-arqueros-vila-677213\">\n\t\t\t\tRe\u0219edin\u021b\u0103 contemporan\u0103 rafinat\u0103 situat\u0103 \u00een prestigioasa comunitate Los Arqueros din Benahav\u00eds\t\t\t<\/a>\n\t\t<\/h3>\n\t\t<div class=\"wpb--card-data\">\n\t\t\t<ul class=\"wpb--card-features\">\n\t\t\t\t\t\t\t\t\t\t<li>4  Dormitoare<\/li>\n\t\t\t\t\t\t\t\t\t\t<li>4  B\u0103i<\/li>\n\t\t\t\t\t\t\t\t\t\t<li>1.127 m&sup2; Teren<\/li>\n\t\t\t\t\t\t\t\t\t\t<li>521 m&sup2; Construit<\/li>\n\t\t\t\t\t\t\t<\/ul>\n\t\t\t<div class=\"wpb--card-locationref\">\n\t\t\t\t<div class=\"wpb--card-price\">\n\t\t\t\t\t3.895.000 &euro;\t\t\t\t<\/div>\n\t\t\t\t<span class=\"wpb--card--propertyreference\"><span>KE-01152P<\/span><\/span>\n\t\t\t<\/div>\n\t\t<\/div>\n\t<\/div>\n<\/div><div class=\"wpb--card\">\n\t<div class=\"wpb--aspect-box wpb--panoramic\">\n\t\t<div class=\"wpb--overflow-hidden\">\n\t\t\t\t\t\t\t<img decoding=\"async\" loading=\"lazy\" class=\"wpb--image-fit\" src=\"https:\/\/www.koreestates.com\/wp-content\/uploads\/inmoba\/thumb-all-0.5625-maxwidth-677235.webp\" alt=\"Vil\u0103 de v\u00e2nzare \u00een El Herrojo, Benahavis\" \/>\n\t\t\t\n\t\t\t\t\t<\/div>\n\t<\/div>\n\t<div class=\"wpb--card-body\">\n\t\t<div class=\"jaleo-title-fav-wrapper\">\n\t\t\t<strong class=\"wpb--card-locationtitle\">El Herrojo - Benahavis<\/strong>\n\t\t\t<button class=\"jaleo-fav\" data-fav-id=\"677235\" data-fav-filter=\"sale\">\n\t\t\t\t<span>Add to favourites<\/span>\n\t\t\t<\/button>\n\t\t<\/div>\n\t\t<h3 class=\"wpb--card-title\">\n\t\t\t<a class=\"wpb--stretched-link\" href=\"\/ro\/proprietati\/vanzare-el-herrojo-vila-677235\">\n\t\t\t\tVil\u0103 de v\u00e2nzare \u00een El Herrojo, Benahavis\t\t\t<\/a>\n\t\t<\/h3>\n\t\t<div class=\"wpb--card-data\">\n\t\t\t<ul class=\"wpb--card-features\">\n\t\t\t\t\t\t\t\t\t\t<li>8  Dormitoare<\/li>\n\t\t\t\t\t\t\t\t\t\t<li>9  B\u0103i<\/li>\n\t\t\t\t\t\t\t\t\t\t<li>1.963 m&sup2; Teren<\/li>\n\t\t\t\t\t\t\t\t\t\t<li>1.696 m&sup2; Construit<\/li>\n\t\t\t\t\t\t\t<\/ul>\n\t\t\t<div class=\"wpb--card-locationref\">\n\t\t\t\t<div class=\"wpb--card-price\">\n\t\t\t\t\t21.500.000 &euro;\t\t\t\t<\/div>\n\t\t\t\t<span class=\"wpb--card--propertyreference\"><span>KE-01171P<\/span><\/span>\n\t\t\t<\/div>\n\t\t<\/div>\n\t<\/div>\n<\/div><div class=\"wpb--card\">\n\t<div class=\"wpb--aspect-box wpb--panoramic\">\n\t\t<div class=\"wpb--overflow-hidden\">\n\t\t\t\t\t\t\t<img decoding=\"async\" loading=\"lazy\" class=\"wpb--image-fit\" src=\"\/wp-content\/plugins\/inmobaliaplugin\/image.php?u=B98Le8~d7M9k3DegpEFZhS0lI_F8U4XZVz~HWxt~mGgYekxX9nCAxh0ZjtE2u9zqepXEUrVLqfm8KeIGW6Gtyd4X_SGCKkSnnD9lAF60kYBiUYEfnm03h81du6uySgb0U5njshAyPWnRCqrzLMHR9tCsnTp1zYvYopoU8rVwkcjKGmo6Pq8pWjx45lWE8PSAsAwrg8bp3U2dPkSArh~zv6iPOdGTvPVELJZbl8YR5IePZmEMZoqNnTLT63Wrksm~d8ENPL76WVN~TMM7VZkdySKDK1LKPgOYOgOo~PuDvfxgzK3W5SKoY3p9o5x1&i=677215&s=1120&f=all&r=0.5625&ro=maxwidth\" alt=\"Vil\u0103 andaluz\u0103 elegant\u0103 cu vedere la mare \u0219i poten\u021bial de extindere \u00een Fuente del Espanto\" \/>\n\t\t\t\n\t\t\t\t\t<\/div>\n\t<\/div>\n\t<div class=\"wpb--card-body\">\n\t\t<div class=\"jaleo-title-fav-wrapper\">\n\t\t\t<strong class=\"wpb--card-locationtitle\">Fuente del Espanto - Benahavis<\/strong>\n\t\t\t<button class=\"jaleo-fav\" data-fav-id=\"677215\" data-fav-filter=\"sale\">\n\t\t\t\t<span>Add to favourites<\/span>\n\t\t\t<\/button>\n\t\t<\/div>\n\t\t<h3 class=\"wpb--card-title\">\n\t\t\t<a class=\"wpb--stretched-link\" href=\"\/ro\/proprietati\/vanzare-fuente-del-espanto-vila-677215\">\n\t\t\t\tVil\u0103 andaluz\u0103 elegant\u0103 cu vedere la mare \u0219i poten\u021bial de extindere \u00een Fuente del Espanto\t\t\t<\/a>\n\t\t<\/h3>\n\t\t<div class=\"wpb--card-data\">\n\t\t\t<ul class=\"wpb--card-features\">\n\t\t\t\t\t\t\t\t\t\t<li>4  Dormitoare<\/li>\n\t\t\t\t\t\t\t\t\t\t<li>4  B\u0103i<\/li>\n\t\t\t\t\t\t\t\t\t\t<li>5.300 m&sup2; Teren<\/li>\n\t\t\t\t\t\t\t\t\t\t<li>731 m&sup2; Construit<\/li>\n\t\t\t\t\t\t\t<\/ul>\n\t\t\t<div class=\"wpb--card-locationref\">\n\t\t\t\t<div class=\"wpb--card-price\">\n\t\t\t\t\t3.900.000 &euro;\t\t\t\t<\/div>\n\t\t\t\t<span class=\"wpb--card--propertyreference\"><span>KE-01154P<\/span><\/span>\n\t\t\t<\/div>\n\t\t<\/div>\n\t<\/div>\n<\/div>\t<\/div>\r\n\t<!-- Go to the full list -->\r\n\t\t<div class=\"wpb--center\">\r\n\t\t<a class=\"wpb--btn-outline\" href=\"https:\/\/www.koreestates.com\/ro\/imobile?l=ro&f=sale&c=c4&t=T2\">Vezi tot<\/a>\r\n\t<\/div>\r\n\t\n<\/section>\n<\/div>\n\n\n\n<div class=\"wp-block-group jaleo--container-75-center has-global-padding is-layout-constrained wp-block-group-is-layout-constrained\" style=\"margin-bottom:var(--wp--preset--spacing--50)\">\n<p class=\"has-text-align-left\" style=\"padding-right:0;padding-left:0\">Vilele de v\u00e2nzare \u00een Benahav\u00eds se num\u0103r\u0103 printre cele mai exclusiviste propriet\u0103\u021bi de pe Costa del Sol, zona fiind adesea asociat\u0103 cu luxul, intimitatea \u0219i valori \u00eenalte de design. Amplasat \u00eentr-un peisaj muntos, la doar c\u00e2teva minute de Marbella \u0219i de coast\u0103, Benahav\u00eds ofer\u0103 o combina\u021bie armonioas\u0103 de frumuse\u021be natural\u0103 \u0219i un stil de via\u021b\u0103 de lux. Comunit\u0103\u021bile sale securizate \u0219i planificarea urbanistic\u0103 cu densitate redus\u0103 \u00eel fac deosebit de atractiv pentru cump\u0103r\u0103torii care caut\u0103 siguran\u021b\u0103, lini\u0219te \u0219i o calitate arhitectural\u0103 superioar\u0103.<\/p>\n\n\n\n<p>Propriet\u0103\u021bile variaz\u0103 de la mo\u0219ii clasice \u00een stil andaluz la vile contemporane cu vederi panoramice la mare, piscine infinity \u0219i sisteme smart-home. Multe sunt situate \u00een comunit\u0103\u021bi planificate cu grij\u0103, precum La Zagaleta, El Madro\u00f1al \u0219i Marbella Club Golf Resort, care ofer\u0103 securitate 24 de ore din 24, facilit\u0103\u021bi de golf \u0219i echita\u021bie, precum \u0219i intimitate deplin\u0103. Alte loca\u021bii r\u00e2vnite includ Los Flamingos, Monte Mayor \u0219i La Quinta, care \u00eembin\u0103 accesibilitatea excelent\u0103 cu priveli\u0219ti remarcabile.<\/p>\n\n\n\n<h2 class=\"wp-block-heading\"><strong>\u00centreb\u0103ri Frecvente: Vile de v\u00e2nzare \u00een Benahav\u00eds<\/strong><\/h2>\n\n\n\n<h3 class=\"wp-block-heading\"><strong>De ce este Benahav\u00eds considerat\u0103 una dintre cele mai exclusiviste loca\u021bii pentru vile?<\/strong><\/h3>\n\n\n\n<p>Municipalitatea este renumit\u0103 pentru dezvoltarea sa cu densitate redus\u0103, propriet\u0103\u021bile securizate \u0219i parcelele elevate cu priveli\u0219ti impresionante. Ofer\u0103 intimitate \u0219i siguran\u021b\u0103 la o scurt\u0103 distan\u021b\u0103 de Marbella, Puerto Ban\u00fas \u0219i plaj\u0103. Multe dintre cele mai prestigioase adrese de pe Costa del Sol se afl\u0103 \u00een limitele Benahav\u00eds.<\/p>\n\n\n\n<h3 class=\"wp-block-heading\">Care sunt zonele din Benahav\u00eds cele mai cunoscute pentru vilele de lux?<\/h3>\n\n\n\n<p>La Zagaleta este una dintre cele mai sigure \u0219i exclusiviste comunit\u0103\u021bi reziden\u021biale din Europa, oferind vile ultra-private pe terenuri generoase. El Madro\u00f1al ofer\u0103 o senza\u021bie similar\u0103 de izolare, dar cu o accesibilitate pu\u021bin mai bun\u0103. Alte zone populare includ Marbella Club Golf Resort, Los Flamingos Golf, Monte Mayor \u0219i zonele superioare din La Quinta.<\/p>\n\n\n\n<h3 class=\"wp-block-heading\">Care este intervalul tipic de pre\u021b pentru vilele din Benahav\u00eds?<\/h3>\n\n\n\n<p>Pre\u021burile \u00eencep de la aproximativ 1,2 milioane \u20ac pentru o vil\u0103 individual\u0103 \u00eentr-una dintre comunit\u0103\u021bile de nivel mediu \u0219i pot dep\u0103\u0219i 10 milioane \u20ac \u00een propriet\u0103\u021bi precum La Zagaleta sau pentru case nou construite cu vedere la mare \u0219i specifica\u021bii de top.<\/p>\n\n\n\n<h3 class=\"wp-block-heading\">Exist\u0103 vile nou construite disponibile \u00een Benahav\u00eds?<\/h3>\n\n\n\n<p>Da. Multe zone din Benahav\u00eds, \u00een special Los Flamingos, La Alquer\u00eda \u0219i Monte Halcones, ofer\u0103 vile noi, contemporane, cu arhitectur\u0103 modern\u0103, eficien\u021b\u0103 energetic\u0103 \u0219i finisaje de lux. Acestea includ adesea facilit\u0103\u021bi precum acces cu lift, sisteme de automatizare a locuin\u021bei \u0219i terase pe acoperi\u0219.<\/p>\n\n\n\n<h3 class=\"wp-block-heading\">Ofer\u0103 vilele din Benahav\u00eds vederi la mare \u0219i la terenul de golf?<\/h3>\n\n\n\n<p>Un num\u0103r mare de vile sunt construite pe parcele elevate, oferind priveli\u0219ti panoramice asupra M\u0103rii Mediterane, terenurilor de golf \u0219i peisajului montan. Los Flamingos \u0219i Marbella Club Golf Resort, \u00een special, sunt renumite pentru combinarea frontului la terenul de golf cu vederi spectaculoase la mare.<\/p>\n\n\n\n<h3 class=\"wp-block-heading\">Este Benahav\u00eds o zon\u0103 bun\u0103 pentru reziden\u021b\u0103 pe termen lung?<\/h3>\n\n\n\n<p>Da. Benahav\u00eds este popular\u0103 at\u00e2t \u00een r\u00e2ndul reziden\u021bilor permanen\u021bi, c\u00e2t \u0219i al proprietarilor de re\u0219edin\u021be secundare, datorit\u0103 cadrului s\u0103u lini\u0219tit, comunit\u0103\u021bii interna\u021bionale \u0219i accesului facil la servicii. Satul \u00een sine este, de asemenea, renumit pentru restaurantele sale \u0219i atmosfera vibrant\u0103, dar autentic\u0103.<\/p>\n\n\n\n<h3 class=\"wp-block-heading\">Ce facilit\u0103\u021bi sunt disponibile \u00een comunit\u0103\u021bile de vile din Benahav\u00eds?<\/h3>\n\n\n\n<p>Multe comunit\u0103\u021bi securizate ofer\u0103 paz\u0103 privat\u0103, terenuri de golf, tenis sau centre ecvestre \u00een incint\u0103, cluburi \u0219i servicii de concierge. De\u0219i vilele se afl\u0103 de obicei pe parcele private, reziden\u021bii beneficiaz\u0103 de infrastructur\u0103 comun\u0103 \u0219i standarde \u00eenalte de \u00eentre\u021binere.<\/p>\n\n\n\n<h3 class=\"wp-block-heading\">C\u00e2t de departe este Benahav\u00eds de Marbella \u0219i Aeroportul Malaga?<\/h3>\n\n\n\n<p>Majoritatea zonelor reziden\u021biale cheie se afl\u0103 la 15 p\u00e2n\u0103 la 20 de minute de centrul Marbellei \u0219i la aproximativ 45 p\u00e2n\u0103 la 55 de minute de Aeroportul Malaga. Accesibilitatea variaz\u0103 u\u0219or \u00een func\u021bie de altitudine \u0219i loca\u021bia \u00een cadrul municipalit\u0103\u021bii.<\/p>\n\n\n\n<h3 class=\"wp-block-heading\">Sunt vilele din Benahav\u00eds o investi\u021bie bun\u0103?<\/h3>\n\n\n\n<p>Da. Datorit\u0103 dezvolt\u0103rii limitate, reglement\u0103rilor urbanistice stricte \u0219i cererii ridicate, vilele din Benahav\u00eds tind s\u0103-\u0219i p\u0103streze \u0219i s\u0103-\u0219i creasc\u0103 valoarea \u00een timp. Zona are o atractivitate puternic\u0103 pentru cump\u0103r\u0103torii interna\u021bionali, ceea ce sus\u021bine lichiditatea \u0219i prestigiul pe termen lung.<\/p>\n<\/div>\n","protected":false},"excerpt":{"rendered":"<p>Vile de v\u00e2nzare \u00een Benahav\u00eds Vilele de v\u00e2nzare \u00een Benahav\u00eds se num\u0103r\u0103 printre cele mai exclusiviste propriet\u0103\u021bi de pe Costa del Sol, zona fiind adesea asociat\u0103 cu luxul, intimitatea \u0219i valori \u00eenalte de design. Amplasat \u00eentr-un peisaj muntos, la doar c\u00e2teva minute de Marbella \u0219i de coast\u0103, Benahav\u00eds ofer\u0103 o combina\u021bie armonioas\u0103 de frumuse\u021be natural\u0103 [&hellip;]<\/p>\n","protected":false},"author":2,"featured_media":0,"parent":2548,"menu_order":0,"comment_status":"closed","ping_status":"closed","template":"","meta":{"_acf_changed":false,"footnotes":""},"class_list":["post-2571","page","type-page","status-publish","hentry"],"acf":[],"_links":{"self":[{"href":"https:\/\/www.koreestates.com\/ro\/wp-json\/wp\/v2\/pages\/2571","targetHints":{"allow":["GET"]}}],"collection":[{"href":"https:\/\/www.koreestates.com\/ro\/wp-json\/wp\/v2\/pages"}],"about":[{"href":"https:\/\/www.koreestates.com\/ro\/wp-json\/wp\/v2\/types\/page"}],"author":[{"embeddable":true,"href":"https:\/\/www.koreestates.com\/ro\/wp-json\/wp\/v2\/users\/2"}],"replies":[{"embeddable":true,"href":"https:\/\/www.koreestates.com\/ro\/wp-json\/wp\/v2\/comments?post=2571"}],"version-history":[{"count":1,"href":"https:\/\/www.koreestates.com\/ro\/wp-json\/wp\/v2\/pages\/2571\/revisions"}],"predecessor-version":[{"id":2572,"href":"https:\/\/www.koreestates.com\/ro\/wp-json\/wp\/v2\/pages\/2571\/revisions\/2572"}],"up":[{"embeddable":true,"href":"https:\/\/www.koreestates.com\/ro\/wp-json\/wp\/v2\/pages\/2548"}],"wp:attachment":[{"href":"https:\/\/www.koreestates.com\/ro\/wp-json\/wp\/v2\/media?parent=2571"}],"curies":[{"name":"wp","href":"https:\/\/api.w.org\/{rel}","templated":true}]}}