{"id":2558,"date":"2024-09-30T16:31:31","date_gmt":"2024-09-30T14:31:31","guid":{"rendered":"https:\/\/www.koreestates.com\/proprietati-de-vanzare-in-marbella\/nueva-andalucia-villas"},"modified":"2025-10-18T12:55:34","modified_gmt":"2025-10-18T10:55:34","slug":"nueva-andalucia-villas","status":"publish","type":"page","link":"https:\/\/www.koreestates.com\/ro\/proprietati-de-vanzare-in-marbella\/nueva-andalucia-villas","title":{"rendered":"Apartments for sale in Nueva Andalucia"},"content":{"rendered":"\n<div class=\"wp-block-group jaleo--container-75-center has-global-padding is-layout-constrained wp-block-group-is-layout-constrained\" style=\"margin-top:var(--wp--preset--spacing--50);margin-bottom:var(--wp--preset--spacing--50)\">\n<h1 class=\"wp-block-heading has-text-align-left has-xx-large-font-size\" style=\"text-transform:none\"><strong>Apartamente de v\u00e2nzare \u00een Nueva Andaluc\u00eda<\/strong><\/h1>\n\n\n\n<section class=\"wp-block-group jaleo-properties-grid is-layout-flow wp-block-group-is-layout-flow\" style=\"margin-top:0;margin-bottom:var(--wp--preset--spacing--50)\">\t<div class=\"wpb--card-container\">\r\n\t\t<div class=\"wpb--card\">\n\t<div class=\"wpb--aspect-box wpb--panoramic\">\n\t\t<div class=\"wpb--overflow-hidden\">\n\t\t\t\t\t\t\t<img decoding=\"async\" loading=\"lazy\" class=\"wpb--image-fit\" src=\"https:\/\/www.koreestates.com\/wp-content\/uploads\/inmoba\/thumb-all-0.5625-maxwidth-677072.webp\" alt=\"Penthouse uimitor \u00een Nueva Andaluc\u00eda \u0219i Puerto Ban\u00fas: Penthouse exclusivist \u00een Lorcrimar\" \/>\n\t\t\t\n\t\t\t\t\t<\/div>\n\t<\/div>\n\t<div class=\"wpb--card-body\">\n\t\t<div class=\"jaleo-title-fav-wrapper\">\n\t\t\t<strong class=\"wpb--card-locationtitle\">Lorcrimar - Nueva Andalucia<\/strong>\n\t\t\t<button class=\"jaleo-fav\" data-fav-id=\"677072\" data-fav-filter=\"sale\">\n\t\t\t\t<span>Add to favourites<\/span>\n\t\t\t<\/button>\n\t\t<\/div>\n\t\t<h3 class=\"wpb--card-title\">\n\t\t\t<a class=\"wpb--stretched-link\" href=\"\/ro\/proprietati\/vanzare-lorcrimar-penthouse-677072\">\n\t\t\t\tPenthouse uimitor \u00een Nueva Andaluc\u00eda \u0219i Puerto Ban\u00fas: Penthouse exclusivist \u00een Lorcrimar\t\t\t<\/a>\n\t\t<\/h3>\n\t\t<div class=\"wpb--card-data\">\n\t\t\t<ul class=\"wpb--card-features\">\n\t\t\t\t\t\t\t\t\t\t<li>3  Dormitoare<\/li>\n\t\t\t\t\t\t\t\t\t\t<li>2  B\u0103i<\/li>\n\t\t\t\t\t\t\t\t\t\t<li>161 m&sup2; Construit<\/li>\n\t\t\t\t\t\t\t<\/ul>\n\t\t\t<div class=\"wpb--card-locationref\">\n\t\t\t\t<div class=\"wpb--card-price\">\n\t\t\t\t\t999.000 &euro;\t\t\t\t<\/div>\n\t\t\t\t<span class=\"wpb--card--propertyreference\"><span>KE-01083P<\/span><\/span>\n\t\t\t<\/div>\n\t\t<\/div>\n\t<\/div>\n<\/div><div class=\"wpb--card\">\n\t<div class=\"wpb--aspect-box wpb--panoramic\">\n\t\t<div class=\"wpb--overflow-hidden\">\n\t\t\t\t\t\t\t<img decoding=\"async\" loading=\"lazy\" class=\"wpb--image-fit\" src=\"https:\/\/www.koreestates.com\/wp-content\/uploads\/inmoba\/thumb-all-0.5625-maxwidth-680271.webp\" alt=\"La Cerquilla Penthouse - un penthouse duplex spectaculos, complet renovat\" \/>\n\t\t\t\n\t\t\t\t\t<\/div>\n\t<\/div>\n\t<div class=\"wpb--card-body\">\n\t\t<div class=\"jaleo-title-fav-wrapper\">\n\t\t\t<strong class=\"wpb--card-locationtitle\">Les Belvederes - Nueva Andalucia<\/strong>\n\t\t\t<button class=\"jaleo-fav\" data-fav-id=\"680271\" data-fav-filter=\"sale\">\n\t\t\t\t<span>Add to favourites<\/span>\n\t\t\t<\/button>\n\t\t<\/div>\n\t\t<h3 class=\"wpb--card-title\">\n\t\t\t<a class=\"wpb--stretched-link\" href=\"\/ro\/proprietati\/vanzare-les-belvederes-penthouse-680271\">\n\t\t\t\tLa Cerquilla Penthouse - un penthouse duplex spectaculos, complet renovat\t\t\t<\/a>\n\t\t<\/h3>\n\t\t<div class=\"wpb--card-data\">\n\t\t\t<ul class=\"wpb--card-features\">\n\t\t\t\t\t\t\t\t\t\t<li>4  Dormitoare<\/li>\n\t\t\t\t\t\t\t\t\t\t<li>4  B\u0103i<\/li>\n\t\t\t\t\t\t\t\t\t\t<li>305 m&sup2; Construit<\/li>\n\t\t\t\t\t\t\t<\/ul>\n\t\t\t<div class=\"wpb--card-locationref\">\n\t\t\t\t<div class=\"wpb--card-price\">\n\t\t\t\t\t3.295.000 &euro;\t\t\t\t<\/div>\n\t\t\t\t<span class=\"wpb--card--propertyreference\"><span>KE-01184P<\/span><\/span>\n\t\t\t<\/div>\n\t\t<\/div>\n\t<\/div>\n<\/div><div class=\"wpb--card\">\n\t<div class=\"wpb--aspect-box wpb--panoramic\">\n\t\t<div class=\"wpb--overflow-hidden\">\n\t\t\t\t\t\t\t<img decoding=\"async\" loading=\"lazy\" class=\"wpb--image-fit\" src=\"https:\/\/www.koreestates.com\/wp-content\/uploads\/inmoba\/thumb-all-0.5625-maxwidth-680263.webp\" alt=\"Los Belvederes 9\" \/>\n\t\t\t\n\t\t\t\t\t<\/div>\n\t<\/div>\n\t<div class=\"wpb--card-body\">\n\t\t<div class=\"jaleo-title-fav-wrapper\">\n\t\t\t<strong class=\"wpb--card-locationtitle\">La Cerquilla - Nueva Andalucia<\/strong>\n\t\t\t<button class=\"jaleo-fav\" data-fav-id=\"680263\" data-fav-filter=\"sale\">\n\t\t\t\t<span>Add to favourites<\/span>\n\t\t\t<\/button>\n\t\t<\/div>\n\t\t<h3 class=\"wpb--card-title\">\n\t\t\t<a class=\"wpb--stretched-link\" href=\"\/ro\/proprietati\/vanzare-la-cerquilla-apartament-680263\">\n\t\t\t\tLos Belvederes 9\t\t\t<\/a>\n\t\t<\/h3>\n\t\t<div class=\"wpb--card-data\">\n\t\t\t<ul class=\"wpb--card-features\">\n\t\t\t\t\t\t\t\t\t\t<li>3  Dormitoare<\/li>\n\t\t\t\t\t\t\t\t\t\t<li>3  B\u0103i<\/li>\n\t\t\t\t\t\t\t\t\t\t<li>123 m&sup2; Construit<\/li>\n\t\t\t\t\t\t\t<\/ul>\n\t\t\t<div class=\"wpb--card-locationref\">\n\t\t\t\t<div class=\"wpb--card-price\">\n\t\t\t\t\t1.349.000 &euro;\t\t\t\t<\/div>\n\t\t\t\t<span class=\"wpb--card--propertyreference\"><span>KE-01179P<\/span><\/span>\n\t\t\t<\/div>\n\t\t<\/div>\n\t<\/div>\n<\/div><div class=\"wpb--card\">\n\t<div class=\"wpb--aspect-box wpb--panoramic\">\n\t\t<div class=\"wpb--overflow-hidden\">\n\t\t\t\t\t\t\t<img decoding=\"async\" loading=\"lazy\" class=\"wpb--image-fit\" src=\"https:\/\/www.koreestates.com\/wp-content\/uploads\/inmoba\/thumb-all-0.5625-maxwidth-680268.webp\" alt=\"Ima II - Un duplex uimitor cu patru dormitoare situat \u00een Alcores del Golf\" \/>\n\t\t\t\n\t\t\t\t\t<\/div>\n\t<\/div>\n\t<div class=\"wpb--card-body\">\n\t\t<div class=\"jaleo-title-fav-wrapper\">\n\t\t\t<strong class=\"wpb--card-locationtitle\">Alcores del Golf - Nueva Andalucia<\/strong>\n\t\t\t<button class=\"jaleo-fav\" data-fav-id=\"680268\" data-fav-filter=\"sale\">\n\t\t\t\t<span>Add to favourites<\/span>\n\t\t\t<\/button>\n\t\t<\/div>\n\t\t<h3 class=\"wpb--card-title\">\n\t\t\t<a class=\"wpb--stretched-link\" href=\"\/ro\/proprietati\/vanzare-alcores-del-golf-ground-floor-duplex-680268\">\n\t\t\t\tIma II - Un duplex uimitor cu patru dormitoare situat \u00een Alcores del Golf\t\t\t<\/a>\n\t\t<\/h3>\n\t\t<div class=\"wpb--card-data\">\n\t\t\t<ul class=\"wpb--card-features\">\n\t\t\t\t\t\t\t\t\t\t<li>4  Dormitoare<\/li>\n\t\t\t\t\t\t\t\t\t\t<li>4  B\u0103i<\/li>\n\t\t\t\t\t\t\t\t\t\t<li>80 m&sup2; Teren<\/li>\n\t\t\t\t\t\t\t\t\t\t<li>240 m&sup2; Construit<\/li>\n\t\t\t\t\t\t\t<\/ul>\n\t\t\t<div class=\"wpb--card-locationref\">\n\t\t\t\t<div class=\"wpb--card-price\">\n\t\t\t\t\t2.250.000 &euro;\t\t\t\t<\/div>\n\t\t\t\t<span class=\"wpb--card--propertyreference\"><span>KE-01181P<\/span><\/span>\n\t\t\t<\/div>\n\t\t<\/div>\n\t<\/div>\n<\/div><div class=\"wpb--card\">\n\t<div class=\"wpb--aspect-box wpb--panoramic\">\n\t\t<div class=\"wpb--overflow-hidden\">\n\t\t\t\t\t\t\t<img decoding=\"async\" loading=\"lazy\" class=\"wpb--image-fit\" src=\"https:\/\/www.koreestates.com\/wp-content\/uploads\/inmoba\/thumb-all-0.5625-maxwidth-680600.webp\" alt=\"Apartament cu vedere la mare \u00een loca\u021bie de top\" \/>\n\t\t\t\n\t\t\t\t\t<\/div>\n\t<\/div>\n\t<div class=\"wpb--card-body\">\n\t\t<div class=\"jaleo-title-fav-wrapper\">\n\t\t\t<strong class=\"wpb--card-locationtitle\">Royal Gardens - Nueva Andalucia<\/strong>\n\t\t\t<button class=\"jaleo-fav\" data-fav-id=\"680600\" data-fav-filter=\"sale\">\n\t\t\t\t<span>Add to favourites<\/span>\n\t\t\t<\/button>\n\t\t<\/div>\n\t\t<h3 class=\"wpb--card-title\">\n\t\t\t<a class=\"wpb--stretched-link\" href=\"\/ro\/proprietati\/vanzare-royal-gardens-apartament-680600\">\n\t\t\t\tApartament cu vedere la mare \u00een loca\u021bie de top\t\t\t<\/a>\n\t\t<\/h3>\n\t\t<div class=\"wpb--card-data\">\n\t\t\t<ul class=\"wpb--card-features\">\n\t\t\t\t\t\t\t\t\t\t<li>2  Dormitoare<\/li>\n\t\t\t\t\t\t\t\t\t\t<li>2  B\u0103i<\/li>\n\t\t\t\t\t\t\t\t\t\t<li>144 m&sup2; Construit<\/li>\n\t\t\t\t\t\t\t<\/ul>\n\t\t\t<div class=\"wpb--card-locationref\">\n\t\t\t\t<div class=\"wpb--card-price\">\n\t\t\t\t\t795.000 &euro;\t\t\t\t<\/div>\n\t\t\t\t<span class=\"wpb--card--propertyreference\"><span>KE-01227P<\/span><\/span>\n\t\t\t<\/div>\n\t\t<\/div>\n\t<\/div>\n<\/div><div class=\"wpb--card\">\n\t<div class=\"wpb--aspect-box wpb--panoramic\">\n\t\t<div class=\"wpb--overflow-hidden\">\n\t\t\t\t\t\t\t<img decoding=\"async\" loading=\"lazy\" class=\"wpb--image-fit\" src=\"https:\/\/www.koreestates.com\/wp-content\/uploads\/inmoba\/thumb-all-0.5625-maxwidth-680614.webp\" alt=\"Apartament la parter de v\u00e2nzare \u00een Sol y Paz, Nueva Andalucia\" \/>\n\t\t\t\n\t\t\t\t\t<\/div>\n\t<\/div>\n\t<div class=\"wpb--card-body\">\n\t\t<div class=\"jaleo-title-fav-wrapper\">\n\t\t\t<strong class=\"wpb--card-locationtitle\">Sol y Paz - Nueva Andalucia<\/strong>\n\t\t\t<button class=\"jaleo-fav\" data-fav-id=\"680614\" data-fav-filter=\"sale\">\n\t\t\t\t<span>Add to favourites<\/span>\n\t\t\t<\/button>\n\t\t<\/div>\n\t\t<h3 class=\"wpb--card-title\">\n\t\t\t<a class=\"wpb--stretched-link\" href=\"\/ro\/proprietati\/vanzare-sol-y-paz-apartament-la-parter-680614\">\n\t\t\t\tApartament la parter de v\u00e2nzare \u00een Sol y Paz, Nueva Andalucia\t\t\t<\/a>\n\t\t<\/h3>\n\t\t<div class=\"wpb--card-data\">\n\t\t\t<ul class=\"wpb--card-features\">\n\t\t\t\t\t\t\t\t\t\t<li>3  Dormitoare<\/li>\n\t\t\t\t\t\t\t\t\t\t<li>3  B\u0103i<\/li>\n\t\t\t\t\t\t\t\t\t\t<li>136 m&sup2; Construit<\/li>\n\t\t\t\t\t\t\t<\/ul>\n\t\t\t<div class=\"wpb--card-locationref\">\n\t\t\t\t<div class=\"wpb--card-price\">\n\t\t\t\t\t630.000 &euro;\t\t\t\t<\/div>\n\t\t\t\t<span class=\"wpb--card--propertyreference\"><span>KE-01239P<\/span><\/span>\n\t\t\t<\/div>\n\t\t<\/div>\n\t<\/div>\n<\/div><div class=\"wpb--card\">\n\t<div class=\"wpb--aspect-box wpb--panoramic\">\n\t\t<div class=\"wpb--overflow-hidden\">\n\t\t\t\t\t\t\t<img decoding=\"async\" loading=\"lazy\" class=\"wpb--image-fit\" src=\"https:\/\/www.koreestates.com\/wp-content\/uploads\/inmoba\/thumb-all-0.5625-maxwidth-677216.webp\" alt=\"Penthouse duplex spa\u021bios, renovat cu rafinament, \u00een Las Alamandas, Nueva Andaluc\u00eda\" \/>\n\t\t\t\n\t\t\t\t\t<\/div>\n\t<\/div>\n\t<div class=\"wpb--card-body\">\n\t\t<div class=\"jaleo-title-fav-wrapper\">\n\t\t\t<strong class=\"wpb--card-locationtitle\">Las Alamandas - Nueva Andalucia<\/strong>\n\t\t\t<button class=\"jaleo-fav\" data-fav-id=\"677216\" data-fav-filter=\"sale\">\n\t\t\t\t<span>Add to favourites<\/span>\n\t\t\t<\/button>\n\t\t<\/div>\n\t\t<h3 class=\"wpb--card-title\">\n\t\t\t<a class=\"wpb--stretched-link\" href=\"\/ro\/proprietati\/vanzare-las-alamandas-penthouse-duplex-677216\">\n\t\t\t\tPenthouse duplex spa\u021bios, renovat cu rafinament, \u00een Las Alamandas, Nueva Andaluc\u00eda\t\t\t<\/a>\n\t\t<\/h3>\n\t\t<div class=\"wpb--card-data\">\n\t\t\t<ul class=\"wpb--card-features\">\n\t\t\t\t\t\t\t\t\t\t<li>3  Dormitoare<\/li>\n\t\t\t\t\t\t\t\t\t\t<li>3  B\u0103i<\/li>\n\t\t\t\t\t\t\t\t\t\t<li>407 m&sup2; Construit<\/li>\n\t\t\t\t\t\t\t<\/ul>\n\t\t\t<div class=\"wpb--card-locationref\">\n\t\t\t\t<div class=\"wpb--card-price\">\n\t\t\t\t\t3.950.000 &euro;\t\t\t\t<\/div>\n\t\t\t\t<span class=\"wpb--card--propertyreference\"><span>KE-01155P<\/span><\/span>\n\t\t\t<\/div>\n\t\t<\/div>\n\t<\/div>\n<\/div><div class=\"wpb--card\">\n\t<div class=\"wpb--aspect-box wpb--panoramic\">\n\t\t<div class=\"wpb--overflow-hidden\">\n\t\t\t\t\t\t\t<img decoding=\"async\" loading=\"lazy\" class=\"wpb--image-fit\" src=\"https:\/\/www.koreestates.com\/wp-content\/uploads\/inmoba\/thumb-all-0.5625-maxwidth-677079.webp\" alt=\"Re\u0219edin\u021b\u0103 sofisticat\u0103 la parter \u00een Magna Marbella\" \/>\n\t\t\t\n\t\t\t\t\t<\/div>\n\t<\/div>\n\t<div class=\"wpb--card-body\">\n\t\t<div class=\"jaleo-title-fav-wrapper\">\n\t\t\t<strong class=\"wpb--card-locationtitle\">Magna Marbella - Nueva Andalucia<\/strong>\n\t\t\t<button class=\"jaleo-fav\" data-fav-id=\"677079\" data-fav-filter=\"sale\">\n\t\t\t\t<span>Add to favourites<\/span>\n\t\t\t<\/button>\n\t\t<\/div>\n\t\t<h3 class=\"wpb--card-title\">\n\t\t\t<a class=\"wpb--stretched-link\" href=\"\/ro\/proprietati\/vanzare-magna-marbella-apartament-la-parter-677079\">\n\t\t\t\tRe\u0219edin\u021b\u0103 sofisticat\u0103 la parter \u00een Magna Marbella\t\t\t<\/a>\n\t\t<\/h3>\n\t\t<div class=\"wpb--card-data\">\n\t\t\t<ul class=\"wpb--card-features\">\n\t\t\t\t\t\t\t\t\t\t<li>3  Dormitoare<\/li>\n\t\t\t\t\t\t\t\t\t\t<li>2  B\u0103i<\/li>\n\t\t\t\t\t\t\t\t\t\t<li>162 m&sup2; Construit<\/li>\n\t\t\t\t\t\t\t<\/ul>\n\t\t\t<div class=\"wpb--card-locationref\">\n\t\t\t\t<div class=\"wpb--card-price\">\n\t\t\t\t\t1.190.000 &euro;\t\t\t\t<\/div>\n\t\t\t\t<span class=\"wpb--card--propertyreference\"><span>KE-01088P<\/span><\/span>\n\t\t\t<\/div>\n\t\t<\/div>\n\t<\/div>\n<\/div><div class=\"wpb--card\">\n\t<div class=\"wpb--aspect-box wpb--panoramic\">\n\t\t<div class=\"wpb--overflow-hidden\">\n\t\t\t\t\t\t\t<img decoding=\"async\" loading=\"lazy\" class=\"wpb--image-fit\" src=\"https:\/\/www.koreestates.com\/wp-content\/uploads\/inmoba\/thumb-all-0.5625-maxwidth-677075.webp\" alt=\"Penthouse de v\u00e2nzare \u00een Les Belvederes, Nueva Andalucia\" \/>\n\t\t\t\n\t\t\t\t\t<\/div>\n\t<\/div>\n\t<div class=\"wpb--card-body\">\n\t\t<div class=\"jaleo-title-fav-wrapper\">\n\t\t\t<strong class=\"wpb--card-locationtitle\">Les Belvederes - Nueva Andalucia<\/strong>\n\t\t\t<button class=\"jaleo-fav\" data-fav-id=\"677075\" data-fav-filter=\"sale\">\n\t\t\t\t<span>Add to favourites<\/span>\n\t\t\t<\/button>\n\t\t<\/div>\n\t\t<h3 class=\"wpb--card-title\">\n\t\t\t<a class=\"wpb--stretched-link\" href=\"\/ro\/proprietati\/vanzare-les-belvederes-penthouse-677075\">\n\t\t\t\tPenthouse de v\u00e2nzare \u00een Les Belvederes, Nueva Andalucia\t\t\t<\/a>\n\t\t<\/h3>\n\t\t<div class=\"wpb--card-data\">\n\t\t\t<ul class=\"wpb--card-features\">\n\t\t\t\t\t\t\t\t\t\t<li>3  Dormitoare<\/li>\n\t\t\t\t\t\t\t\t\t\t<li>2  B\u0103i<\/li>\n\t\t\t\t\t\t\t\t\t\t<li>150 m&sup2; Construit<\/li>\n\t\t\t\t\t\t\t<\/ul>\n\t\t\t<div class=\"wpb--card-locationref\">\n\t\t\t\t<div class=\"wpb--card-price\">\n\t\t\t\t\t1.145.000 &euro;\t\t\t\t<\/div>\n\t\t\t\t<span class=\"wpb--card--propertyreference\"><span>KE-01085P<\/span><\/span>\n\t\t\t<\/div>\n\t\t<\/div>\n\t<\/div>\n<\/div>\t<\/div>\r\n\t<!-- Go to the full list -->\r\n\t\t<div class=\"wpb--center\">\r\n\t\t<a class=\"wpb--btn-outline\" href=\"https:\/\/www.koreestates.com\/ro\/imobile?l=ro&f=sale&c=c24,a51&t=T1\">Vezi tot<\/a>\r\n\t<\/div>\r\n\t\n<\/section>\n<\/div>\n\n\n\n<div class=\"wp-block-group jaleo--container-75-center has-global-padding is-layout-constrained wp-block-group-is-layout-constrained\" style=\"margin-bottom:var(--wp--preset--spacing--50)\">\n<p>Exist\u0103 mai multe motive pentru care cump\u0103r\u0103torii aleg aceast\u0103 zon\u0103. \u00cen primul r\u00e2nd, Nueva Andaluc\u00eda face parte din ceea ce este adesea denumit \u201eValea Golfului\u201d din Marbella, g\u0103zduind trei dintre cele mai bine stabilite terenuri de golf din regiune \u2013 Las Brisas, Aloha Golf \u0219i Los Naranjos, cu La Quinta \u0219i terenul de 9 g\u0103uri Magna Marbella, de asemenea, \u00een apropiere. Pentru pasiona\u021bii de golf, acest lucru o face una dintre cele mai dorite loca\u021bii de pe Costa del Sol. Zona este, de asemenea, o comunitate vibrant\u0103 pe tot parcursul anului, oferind o mare varietate de servicii \u0219i facilit\u0103\u021bi, inclusiv \u0219coli interna\u021bionale, centre de fitness, supermarketuri \u0219i restaurante.<\/p>\n\n\n\n<p>Tipurile de apartamente variaz\u0103 de la locuin\u021be compacte de vacan\u021b\u0103 la penthouse-uri spa\u021bioase cu vederi panoramice \u0219i terase pe acoperi\u0219. Multe sunt situate \u00een comunit\u0103\u021bi \u00eenchise, cu piscine comune, gr\u0103dini amenajate \u0219i securitate, \u00een timp ce altele fac parte din urbaniz\u0103ri mai mici, cu densitate redus\u0103 \u0219i un aer mai reziden\u021bial. Unele ansambluri reziden\u021biale sunt stilizate tradi\u021bional, cu fa\u021bade din teracot\u0103 \u0219i detalii mediteraneene, \u00een timp ce altele reflect\u0103 o arhitectur\u0103 mai modern\u0103, cu linii curate, ferestre mari \u0219i sisteme eficiente energetic.<\/p>\n\n\n\n<p>Printre cele mai c\u0103utate complexe de apartamente se num\u0103r\u0103 Alminar de Marbella, un ansamblu frumos amenajat, cu spa\u021bii generoase \u0219i terase mari, \u0219i Aloha Hill Club, popular pentru facilit\u0103\u021bile sale la fa\u021ba locului, inclusiv o sal\u0103 de sport, restaurant \u0219i serviciu de concierge. Azahar de Marbella ofer\u0103 vederi \u00eenc\u00e2nt\u0103toare asupra coastei \u0219i terenurilor de golf, \u00een timp ce Los Dragos \u0219i Se\u00f1or\u00edo de Gonzaga se num\u0103r\u0103 printre comunit\u0103\u021bile mai bine stabilite, favorizate pentru loca\u021bia lor central\u0103 \u0219i poten\u021bialul bun de \u00eenchiriere. Cump\u0103r\u0103torii care caut\u0103 calitate la construc\u021bii noi iau adesea \u00een considerare 9 Lions Residences, un complex \u00eenchis cu design de lux, facilit\u0103\u021bi de wellness \u0219i vederi ample.<\/p>\n\n\n\n<p>Varietatea de apartamente din Nueva Andaluc\u00eda permite cump\u0103r\u0103torilor s\u0103 aleag\u0103 \u00een func\u021bie de stilul lor de via\u021b\u0103, fie c\u0103 este vorba de confortul unei propriet\u0103\u021bi \u201elock-up-and-leave\u201d (unde po\u021bi \u00eenchide \u0219i pleca f\u0103r\u0103 griji), o locuin\u021b\u0103 spa\u021bioas\u0103 pentru familie sau o investi\u021bie de \u00eenchiriat. Aceast\u0103 combina\u021bie de fundamente solide, infrastructur\u0103 fiabil\u0103 \u0219i un farmec durabil men\u021bine Nueva Andaluc\u00eda \u00een topul listelor multor cump\u0103r\u0103tori din Marbella.<\/p>\n\n\n\n<h2 class=\"wp-block-heading\"><strong>\u00centreb\u0103ri Frecvente: Apartamente de v\u00e2nzare \u00een Nueva Andaluc\u00eda<\/strong><\/h2>\n\n\n\n<p><strong>De ce s\u0103 cump\u0103ra\u021bi un apartament \u00een Nueva Andaluc\u00eda?<\/strong><br>Zona ofer\u0103 un mediu bine stabilit, cu infrastructur\u0103 de \u00eenalt\u0103 calitate, securitate \u0219i acces la golf, cump\u0103r\u0103turi \u0219i restaurante. Loca\u021bia sa, aproape de Puerto Ban\u00fas \u0219i centrul ora\u0219ului Marbella, adaug\u0103, de asemenea, valoare pentru cump\u0103r\u0103torii care caut\u0103 at\u00e2t confort, c\u00e2t \u0219i o component\u0103 puternic\u0103 de stil de via\u021b\u0103.<\/p>\n\n\n\n<h3 class=\"wp-block-heading\"><strong>Ce tipuri de apartamente sunt disponibile?<\/strong><br><\/h3>\n\n\n\n<p>Ve\u021bi g\u0103si totul, de la unit\u0103\u021bi compacte cu un dormitor la penthouse-uri de \u00eenalt\u0103 specifica\u021bie. Multe propriet\u0103\u021bi dispun de amenaj\u0103ri open-space, terase mari, parcare subteran\u0103 \u0219i facilit\u0103\u021bi comune, cum ar fi piscine \u0219i s\u0103li de sport.<\/p>\n\n\n\n<h3 class=\"wp-block-heading\"><strong>Care sunt cele mai populare zone reziden\u021biale pentru apartamente?<\/strong><br><\/h3>\n\n\n\n<p>Alegerile de top includ Las Alamandas, cu vederi peste Aloha Golf Club, pentru exclusivitatea sa, Aloha Hill Club pentru stilul s\u0103u de via\u021b\u0103 tip resort, \u0219i Azahar de Marbella \u0219i Alminar de Marbella pentru designul lor modern \u0219i vederile excelente. Los Naranjos de Marbella este preferat de cei care caut\u0103 o loca\u021bie central\u0103, cu acces u\u0219or la facilit\u0103\u021bi.<\/p>\n\n\n\n<h3 class=\"wp-block-heading\"><strong>Exist\u0103 apartamente cu vedere la golf sau la mare?<\/strong><br><\/h3>\n\n\n\n<p>Da, numeroase! Terenurile elevate din Nueva Andaluc\u00eda ofer\u0103 vederi excep\u021bionale la terenurile de golf din apropiere, la mun\u021bii din Marbella sau la Marea Mediteran\u0103, \u00een func\u021bie de orientare.<\/p>\n\n\n\n<h3 class=\"wp-block-heading\"><strong>Este Nueva Andaluc\u00eda o zon\u0103 bun\u0103 pentru reziden\u021ba pe termen lung?<\/strong><br><\/h3>\n\n\n\n<p>Este una dintre cele mai populare zone din Marbella pentru locuit pe tot parcursul anului, oferind un echilibru bun \u00eentre lini\u0219te, facilit\u0103\u021bi \u0219i o comunitate interna\u021bional\u0103 \u00eenfloritoare. Mul\u021bi reziden\u021bi locuiesc aici permanent \u0219i beneficiaz\u0103 de accesibilitatea zonei, \u0219coli \u0219i servicii fiabile.<\/p>\n\n\n\n<h3 class=\"wp-block-heading\"><strong>C\u00e2t de aproape este de coast\u0103 \u0219i de alte zone cheie?<\/strong><br><\/h3>\n\n\n\n<p>Nueva Andaluc\u00eda se afl\u0103 la mai pu\u021bin de cinci minute cu ma\u0219ina de Puerto Ban\u00fas \u0219i la aproximativ zece minute de centrul ora\u0219ului Marbella. Aeroportul Malaga este la aproximativ 45 de minute de mers cu ma\u0219ina, via AP-7.<\/p>\n\n\n\n<h3 class=\"wp-block-heading has-text-align-left\"><strong>Care este intervalul mediu de pre\u021b pentru apartamente?<\/strong><br><\/h3>\n\n\n\n<p class=\"has-text-align-left\" style=\"padding-right:0;padding-left:0\">Apartamentele entry-level \u00eencep de la aproximativ 350.000 \u20ac, cu op\u021biuni mai mari sau mai moderne, variind \u00eentre 600.000 \u20ac \u0219i 1,2 milioane \u20ac. Penthouse-urile premium \u00een loca\u021bii de top pot dep\u0103\u0219i 2 milioane \u20ac.<\/p>\n<\/div>\n","protected":false},"excerpt":{"rendered":"<p>Apartamente de v\u00e2nzare \u00een Nueva Andaluc\u00eda Exist\u0103 mai multe motive pentru care cump\u0103r\u0103torii aleg aceast\u0103 zon\u0103. \u00cen primul r\u00e2nd, Nueva Andaluc\u00eda face parte din ceea ce este adesea denumit \u201eValea Golfului\u201d din Marbella, g\u0103zduind trei dintre cele mai bine stabilite terenuri de golf din regiune \u2013 Las Brisas, Aloha Golf \u0219i Los Naranjos, cu La [&hellip;]<\/p>\n","protected":false},"author":1,"featured_media":0,"parent":2548,"menu_order":0,"comment_status":"closed","ping_status":"closed","template":"","meta":{"_acf_changed":false,"footnotes":""},"class_list":["post-2558","page","type-page","status-publish","hentry"],"acf":[],"_links":{"self":[{"href":"https:\/\/www.koreestates.com\/ro\/wp-json\/wp\/v2\/pages\/2558","targetHints":{"allow":["GET"]}}],"collection":[{"href":"https:\/\/www.koreestates.com\/ro\/wp-json\/wp\/v2\/pages"}],"about":[{"href":"https:\/\/www.koreestates.com\/ro\/wp-json\/wp\/v2\/types\/page"}],"author":[{"embeddable":true,"href":"https:\/\/www.koreestates.com\/ro\/wp-json\/wp\/v2\/users\/1"}],"replies":[{"embeddable":true,"href":"https:\/\/www.koreestates.com\/ro\/wp-json\/wp\/v2\/comments?post=2558"}],"version-history":[{"count":1,"href":"https:\/\/www.koreestates.com\/ro\/wp-json\/wp\/v2\/pages\/2558\/revisions"}],"predecessor-version":[{"id":2560,"href":"https:\/\/www.koreestates.com\/ro\/wp-json\/wp\/v2\/pages\/2558\/revisions\/2560"}],"up":[{"embeddable":true,"href":"https:\/\/www.koreestates.com\/ro\/wp-json\/wp\/v2\/pages\/2548"}],"wp:attachment":[{"href":"https:\/\/www.koreestates.com\/ro\/wp-json\/wp\/v2\/media?parent=2558"}],"curies":[{"name":"wp","href":"https:\/\/api.w.org\/{rel}","templated":true}]}}