{"id":2545,"date":"2024-09-01T10:19:54","date_gmt":"2024-09-01T08:19:54","guid":{"rendered":"https:\/\/www.koreestates.com\/privacy-policy"},"modified":"2025-10-18T12:08:11","modified_gmt":"2025-10-18T10:08:11","slug":"privacy-policy","status":"publish","type":"page","link":"https:\/\/www.koreestates.com\/ro\/privacy-policy","title":{"rendered":"Privacy Policy"},"content":{"rendered":"\n<div class=\"wp-block-group has-global-padding is-layout-constrained wp-block-group-is-layout-constrained\" style=\"margin-bottom:var(--wp--preset--spacing--50)\">\n\t<h1 class=\"wp-block-heading\">Politic\u0103 de Confiden\u021bialitate<\/h1>\n\t\n\n\t\n\t<h2 class=\"wp-block-heading\"><strong>Politic\u0103 de Confiden\u021bialitate<\/strong><\/h2>\n\t\n\n\t\n\t<p>\u00cen conformitate cu Legea 34\/2002 din 11 iulie, privind Informa\u021biile \u0219i Comer\u021bul Electronic,&nbsp;<strong>KORE\n\t\t\tESTATES S.L.<\/strong>&nbsp;informeaz\u0103 c\u0103 este proprietarul site-ului web&nbsp;<strong>KORE\n\t\t\tESTATES<\/strong>&nbsp;cu URL-ul&nbsp;<strong><a\n\t\t\t\thref=\"http:\/\/www.koreestates.com\/\">www.koreestates.com<\/a><\/strong>&nbsp;\u0219i, conform cerin\u021belor Articolului\n\t\t10 din aceea\u0219i Lege,&nbsp;<strong>KORE ESTATES S.L.<\/strong>&nbsp;face publice urm\u0103toarele detalii ale companiei:\n\t<\/p>\n\t\n\n\t\n\t<p>Proprietarul acestui site web este&nbsp;<strong>KORE ESTATES S.L.<\/strong>, cu Num\u0103r de\n\t\t\u00cenregistrare&nbsp;<strong>B19347319<\/strong>&nbsp;\u0219i sediul social la&nbsp;<strong>Calle San Juan Bosco, 2 &#8211; Piso\n\t\t\t5, Marbella, 29602, Malaga<\/strong>. Adresa de e-mail de contact a companiei\n\t\teste&nbsp;<strong><a>info@koreestates.com<\/a><\/strong>.<\/p>\n\t\n\n\t\n\t<h3 class=\"wp-block-heading\"><strong>Statutul Utilizatorului \u0219i Responsabilit\u0103\u021bi<\/strong><\/h3>\n\t\n\n\t\n\t<p>Orice navigare, acces \u0219i utilizare a site-ului web&nbsp;<strong>KORE ESTATES S.L.<\/strong>&nbsp;va conferi\n\t\tstatutul de utilizator \u0219i, din momentul \u00een care paginile&nbsp;<strong>KORE ESTATES S.L.<\/strong>&nbsp;sunt\n\t\tnavigate, to\u021bi utilizatorii vor accepta termenii de utilizare prezenta\u021bi aici, f\u0103r\u0103 a aduce atingere conformit\u0103\u021bii\n\t\tlegale cu alte reglement\u0103ri obligatorii \u00een orice caz particular.<\/p>\n\t\n\n\t\n\t<p>Paginile web ale&nbsp;<strong>KORE ESTATES S.L.<\/strong>&nbsp;ofer\u0103 o multitudine de informa\u021bii, servicii \u0219i date.\n\t\tUtilizatorii sunt responsabili pentru utilizarea corespunz\u0103toare a site-ului web, inclusiv:<\/p>\n\t\n\n\t\n\t<ul class=\"wp-block-list\">\n\t\t<li>Asigurarea veridicit\u0103\u021bii \u0219i legalit\u0103\u021bii oric\u0103ror informa\u021bii furnizate \u00een formularele emise de\u00a0<strong>KORE\n\t\t\t\tESTATES S.L.<\/strong>\u00a0pentru accesul la anumite con\u021binuturi sau servicii web, precum \u0219i pentru utilizarea\n\t\t\tparolelor ob\u021binute prin aceste formulare.<\/li>\n\t\t\n\n\t\t\n\t\t<li>Evitarea oric\u0103rei utiliz\u0103ri a informa\u021biilor, serviciilor \u0219i datelor contrare prevederilor acestor termeni,\n\t\t\tlegii, codurilor morale standard, eticii sau bunelor practici, sau care ar putea aduce atingere drepturilor\n\t\t\tter\u021bilor sau func\u021bion\u0103rii efective a site-ului web.<\/li>\n\t\t\n\t<\/ul>\n\t\n\n\t\n\t<h3 class=\"wp-block-heading\"><strong>Politica privind Link-urile Externe \u0219i Declinarea Responsabilit\u0103\u021bii<\/strong>\n\t<\/h3>\n\t\n\n\t\n\t<p><strong>KORE ESTATES S.L.<\/strong>&nbsp;\u00ee\u0219i declin\u0103 orice responsabilitate pentru con\u021binutul paginilor web pe care\n\t\tutilizatorii le pot accesa prin link-urile de pe site-ul s\u0103u. Compania nu examineaz\u0103 \u0219i nu exercit\u0103 control asupra\n\t\tcon\u021binutului paginilor externe.<\/p>\n\t\n\n\t\n\t<p>De asemenea, nu garanteaz\u0103 disponibilitatea tehnic\u0103, acurate\u021bea, veridicitatea, validitatea sau legalitatea\n\t\tpaginilor externe&nbsp;<strong>KORE ESTATES S.L.<\/strong>&nbsp;accesate prin link-uri, inclusiv integr\u0103ri ter\u021be\n\t\tprecum Google \u0219i Facebook Pixel.<\/p>\n\t\n\n\t\n\t<p><strong>KORE ESTATES S.L.<\/strong>&nbsp;declar\u0103 c\u0103 au fost luate toate m\u0103surile necesare pentru a preveni daunele\n\t\taduse utilizatorilor prin navigarea pe paginile sale web. \u00cen consecin\u021b\u0103, compania \u00ee\u0219i declin\u0103 responsabilitatea\n\t\tpentru orice daune poten\u021biale rezultate din utilizarea internetului.<\/p>\n\t\n\n\t\n\t<h3 class=\"wp-block-heading\"><strong>Modific\u0103ri<\/strong><\/h3>\n\t\n\n\t\n\t<p><strong>KORE ESTATES S.L.<\/strong>&nbsp;\u00ee\u0219i rezerv\u0103 dreptul de a face orice modific\u0103ri pe site-ul s\u0103u web pe care\n\t\tle consider\u0103 adecvate, f\u0103r\u0103 notificare prealabil\u0103. Aceasta include con\u021binutul site-ului, termenii de utilizare \u0219i\n\t\tcondi\u021biile contractuale generale. Aceste modific\u0103ri vor fi obligatorii at\u00e2ta timp c\u00e2t sunt publicate pe site-ul\n\t\tweb \u0219i p\u00e2n\u0103 la \u00eenlocuirea lor cu modific\u0103ri ulterioare.<\/p>\n\t\n\n\t\n\t<h3 class=\"wp-block-heading\"><strong>Protec\u021bia Datelor<\/strong><\/h3>\n\t\n\n\t\n\t<p>\u00cen conformitate cu Legea Organic\u0103 15\/1999 privind Protec\u021bia Datelor cu Caracter Personal,&nbsp;<strong>KORE\n\t\t\tESTATES S.L.<\/strong>&nbsp;informeaz\u0103 to\u021bi utilizatorii site-ului web c\u0103 orice date cu caracter personal\n\t\tcolectate prin formularele de pe paginile sale web vor fi incluse \u00eentr-un fi\u0219ier automatizat gestionat\n\t\tde&nbsp;<strong>KORE ESTATES S.L.<\/strong>. Acest lucru are ca scop facilitarea, procesarea \u0219i \u00eendeplinirea\n\t\tangajamentelor stabilite \u00eentre ambele p\u0103r\u021bi.<\/p>\n\t\n\n\t\n\t<p>Utilizatorii \u00ee\u0219i p\u0103streaz\u0103 drepturile de a accesa, rectifica, anula sau opune de\u021binerii datelor lor, trimi\u021b\u00e2nd o\n\t\tcerere scris\u0103 la:<br><strong>Calle San Juan Bosco, 2 &#8211; Piso 5, Marbella, 29602, Malaga<\/strong>.<\/p>\n\t\n\n\t\n\t<p>Dac\u0103 nu se notific\u0103 altfel, se va presupune c\u0103 datele utilizatorului nu au fost modificate, iar utilizatorii sunt\n\t\tde acord s\u0103 notifice&nbsp;<strong>KORE ESTATES S.L.<\/strong>&nbsp;cu privire la orice modific\u0103ri. Prin furnizarea\n\t\tdatelor lor, utilizatorii consimt la utilizarea acestora pentru a facilita rela\u021bia de afaceri a p\u0103r\u021bilor.<\/p>\n\t\n\n\t\n\t<h3 class=\"wp-block-heading\"><strong>Proprietate Intelectual\u0103<\/strong><\/h3>\n\t\n\n\t\n\t<p>Toate drepturile de proprietate intelectual\u0103 \u0219i industrial\u0103 derivate din orice texte, imagini \u0219i design al\n\t\tsite-ului web apar\u021bin&nbsp;<strong>KORE ESTATES S.L.<\/strong>&nbsp;sau licen\u021biatorilor s\u0103i autoriza\u021bi. \u00cen\n\t\tconsecin\u021b\u0103, con\u021binutul este protejat ca proprietate intelectual\u0103 conform legisla\u021biei spaniole \u0219i reglement\u0103rilor\n\t\tUE \u0219i interna\u021bionale relevante.<\/p>\n\t\n\n\t\n\t<p>Este interzis\u0103 \u00een mod expres reproducerea, distribuirea, comunicarea public\u0103 sau utilizarea oric\u0103rei p\u0103r\u021bi a\n\t\tcon\u021binutului acestui site web f\u0103r\u0103 consim\u021b\u0103m\u00e2ntul expres al&nbsp;<strong>KORE ESTATES S.L.<\/strong>.<\/p>\n\t\n\n\t\n\t<h3 class=\"wp-block-heading\"><strong>Ac\u021biune Legal\u0103, Lege Aplicabil\u0103 \u0219i Jurisdic\u021bie<\/strong><\/h3>\n\t\n\n\t\n\t<p><strong>KORE ESTATES S.L.<\/strong>&nbsp;\u00ee\u0219i rezerv\u0103 dreptul de a intenta ac\u021biuni civile sau penale pentru\n\t\tutilizarea abuziv\u0103 a paginilor \u0219i con\u021binutului s\u0103u web sau pentru \u00eenc\u0103lcarea acestor termeni.<\/p>\n\t\n\n\t\n\t<p>Rela\u021bia dintre utilizator \u0219i&nbsp;<strong>KORE EATES S.L.<\/strong>&nbsp;va fi guvernat\u0103 de legisla\u021bia spaniol\u0103,\n\t\tCur\u021bile \u0219i Tribunalele din ora\u0219ul&nbsp;<strong>M\u00e1laga<\/strong>&nbsp;av\u00e2nd jurisdic\u021bia de a solu\u021biona orice\n\t\tlitigii.<\/p>\n\t\n<\/div>\n","protected":false},"excerpt":{"rendered":"<p>Politic\u0103 de Confiden\u021bialitate Politic\u0103 de Confiden\u021bialitate \u00cen conformitate cu Legea 34\/2002 din 11 iulie, privind Informa\u021biile \u0219i Comer\u021bul Electronic,&nbsp;KORE ESTATES S.L.&nbsp;informeaz\u0103 c\u0103 este proprietarul site-ului web&nbsp;KORE ESTATES&nbsp;cu URL-ul&nbsp;www.koreestates.com&nbsp;\u0219i, conform cerin\u021belor Articolului 10 din aceea\u0219i Lege,&nbsp;KORE ESTATES S.L.&nbsp;face publice urm\u0103toarele detalii ale companiei: Proprietarul acestui site web este&nbsp;KORE ESTATES S.L., cu Num\u0103r de \u00cenregistrare&nbsp;B19347319&nbsp;\u0219i sediul social [&hellip;]<\/p>\n","protected":false},"author":2,"featured_media":0,"parent":0,"menu_order":0,"comment_status":"closed","ping_status":"open","template":"","meta":{"_acf_changed":false,"footnotes":""},"class_list":["post-2545","page","type-page","status-publish","hentry"],"acf":[],"_links":{"self":[{"href":"https:\/\/www.koreestates.com\/ro\/wp-json\/wp\/v2\/pages\/2545","targetHints":{"allow":["GET"]}}],"collection":[{"href":"https:\/\/www.koreestates.com\/ro\/wp-json\/wp\/v2\/pages"}],"about":[{"href":"https:\/\/www.koreestates.com\/ro\/wp-json\/wp\/v2\/types\/page"}],"author":[{"embeddable":true,"href":"https:\/\/www.koreestates.com\/ro\/wp-json\/wp\/v2\/users\/2"}],"replies":[{"embeddable":true,"href":"https:\/\/www.koreestates.com\/ro\/wp-json\/wp\/v2\/comments?post=2545"}],"version-history":[{"count":1,"href":"https:\/\/www.koreestates.com\/ro\/wp-json\/wp\/v2\/pages\/2545\/revisions"}],"predecessor-version":[{"id":2547,"href":"https:\/\/www.koreestates.com\/ro\/wp-json\/wp\/v2\/pages\/2545\/revisions\/2547"}],"wp:attachment":[{"href":"https:\/\/www.koreestates.com\/ro\/wp-json\/wp\/v2\/media?parent=2545"}],"curies":[{"name":"wp","href":"https:\/\/api.w.org\/{rel}","templated":true}]}}