{"id":2530,"date":"2024-09-20T19:31:38","date_gmt":"2024-09-20T17:31:38","guid":{"rendered":"https:\/\/www.koreestates.com\/kore-investments"},"modified":"2025-11-25T13:51:00","modified_gmt":"2025-11-25T12:51:00","slug":"kore-investments","status":"publish","type":"page","link":"https:\/\/www.koreestates.com\/ro\/kore-investments","title":{"rendered":"Kore Investments"},"content":{"rendered":"\n<section class=\"wp-block-group alignfull jaleo-herobox-left has-accent-5-background-color has-background has-global-padding is-layout-constrained wp-container-core-group-is-layout-5c3d8866 wp-block-group-is-layout-constrained\" style=\"margin-top:var(--wp--preset--spacing--50);margin-bottom:var(--wp--preset--spacing--50);padding-top:0;padding-right:0;padding-bottom:0;padding-left:0\">\n<div class=\"wp-block-columns alignwide are-vertically-aligned-center is-layout-flex wp-container-core-columns-is-layout-e5e30b16 wp-block-columns-is-layout-flex\" style=\"padding-right:0;padding-left:0\">\n<div class=\"wp-block-column is-vertically-aligned-center is-layout-flow wp-block-column-is-layout-flow\" style=\"flex-basis:50%\">\n<figure class=\"wp-block-image size-full has-custom-border is-style-default wp-duotone-varpresetduotoneduotone-1-1\"><img loading=\"lazy\" decoding=\"async\" width=\"1024\" height=\"1536\" src=\"https:\/\/www.koreestates.com\/wp-content\/uploads\/2024\/11\/investmets-page.webp\" alt=\"\" class=\"wp-image-997\" style=\"border-radius:0px;aspect-ratio:1;object-fit:cover\" srcset=\"https:\/\/www.koreestates.com\/wp-content\/uploads\/2024\/11\/investmets-page.webp 1024w, https:\/\/www.koreestates.com\/wp-content\/uploads\/2024\/11\/investmets-page-768x1152.webp 768w, https:\/\/www.koreestates.com\/wp-content\/uploads\/2024\/11\/investmets-page-50x75.webp 50w\" sizes=\"auto, (max-width: 1024px) 100vw, 1024px\" \/><\/figure>\n<\/div>\n\n\n\n<div class=\"wp-block-column is-vertically-aligned-center is-layout-flow wp-block-column-is-layout-flow\" style=\"flex-basis:50%\">\n<h2 class=\"wp-block-heading jaleo-k-logo\">Investi\u021bii: Calea ta c\u0103tre succesul imobiliar strategic<\/h2>\n\n\n\n<p>La Kore Investments, \u00een\u021belegem c\u0103 investi\u021bia imobiliar\u0103 ar trebui s\u0103 fie o c\u0103l\u0103torie personalizat\u0103 \u2013 la fel de strategic\u0103 pe c\u00e2t este de plin\u0103 de satisfac\u021bii. Oferim o experien\u021b\u0103 de investi\u021bii simplificat\u0103, astfel \u00eenc\u00e2t s\u0103 po\u021bi intra pe pia\u021ba imobiliar\u0103 f\u0103r\u0103 povara sarcinilor zilnice de management. Ai acces la oportunit\u0103\u021bi exclusive pentru a finan\u021ba fie construc\u021bia de noi proiecte, fie proiecte de renovare, iar echipa noastr\u0103 se ocup\u0103 de tot, de la achizi\u021bia propriet\u0103\u021bii p\u00e2n\u0103 la v\u00e2nzarea final\u0103 \u2013 asigur\u00e2nd o experien\u021b\u0103 lin\u0103 \u0219i profitabil\u0103 pentru investi\u021bia ta.<\/p>\n<\/div>\n<\/div>\n<\/section>\n\n\n\n<section id=\"whyinvest\" class=\"wp-block-group has-global-padding is-layout-constrained wp-block-group-is-layout-constrained\">\n<p>Investi\u021biile imobiliare sunt recunoscute ca o metod\u0103 fiabil\u0103 de acumulare a averii. Totu\u0219i, complexitatea gestion\u0103rii unui proiect poate fi descurajant\u0103. De la alegerea propriet\u0103\u021bii ideale la supravegherea lucr\u0103rilor, procesul necesit\u0103 expertiz\u0103, timp \u0219i planificare atent\u0103. La Kore Investments, ne ocup\u0103m de toate acestea pentru tine, oferindu-\u021bi un serviciu complet \u0219i f\u0103r\u0103 griji.<\/p>\n\n\n\n<p>Fie c\u0103 e\u0219ti un investitor experimentat care vrea s\u0103-\u0219i extind\u0103 portofoliul sau un nou-venit entuziast, Kore Investments ofer\u0103 solu\u021bii la cheie, astfel \u00eenc\u00e2t s\u0103 investe\u0219ti cu \u00eencredere, \u0219tiind c\u0103 totul este gestionat de la \u00eenceput p\u00e2n\u0103 la sf\u00e2r\u0219it.<\/p>\n\n\n\n<p>Investitorii beneficiaz\u0103 nu doar de randamente favorabile, ci \u0219i de o parte din profituri \u00een func\u021bie de contribu\u021bia lor. \u00cen func\u021bie de proiect, po\u021bi fi singurul investitor sau parte a unei oportunit\u0103\u021bi colaborative. \u00cen Marbella, investi\u021biile imobiliare r\u0103m\u00e2n una dintre cele mai profitabile op\u021biuni.<\/p>\n\n\n\n<p>Pa\u0219ii cheie pentru o experien\u021b\u0103 de investi\u021bii lin\u0103:<\/p>\n\n\n\n<h3 class=\"wp-block-heading has-text-align-left\" style=\"margin-top:var(--wp--preset--spacing--30)\">Pasul 1: Define\u0219te-\u021bi obiectivele \u0219i viziunea<\/h3>\n\n\n\n<p class=\"has-text-align-left\">\u00cen\u021belegem c\u0103 fundamentul fiec\u0103rei investi\u021bii de succes este definirea clar\u0103 a obiectivelor \u0219i viziunii tale. \u00cen consultarea ini\u021bial\u0103, afl\u0103m despre situa\u021bia ta financiar\u0103, preferin\u021bele \u0219i aspira\u021biile tale. Astfel, identific\u0103m oportunit\u0103\u021bile care se potrivesc perfect cu obiectivele tale \u2013 fie proiecte rapide de renovare, fie strategii pe termen lung.<\/p>\n\n\n\n<h3 class=\"wp-block-heading has-text-align-left\">Pasul 2: Efectueaz\u0103 o analiz\u0103 de pia\u021b\u0103<\/h3>\n\n\n\n<p class=\"has-text-align-left\">Te ghid\u0103m \u00een selec\u021bia propriet\u0103\u021bii ideale, oferindu-\u021bi acces la cele mai bune oportunit\u0103\u021bi din Marbella \u0219i Costa del Sol. Cu expertiza noastr\u0103, descoperim propriet\u0103\u021bi ascunse \u0219i avantajoase, fie pentru renovare, fie pentru \u00eenchiriere pe termen lung.<\/p>\n\n\n\n<h3 class=\"wp-block-heading has-text-align-left\">Pasul 3: Creeaz\u0103 o strategie de investi\u021bii personalizat\u0103<\/h3>\n\n\n\n<p class=\"has-text-align-left\">Odat\u0103 ce am identificat proprietatea potrivit\u0103, dezvolt\u0103m o strategie detaliat\u0103 care include costuri, termene de renovare \u0219i randamente proiectate. Comunicarea deschis\u0103 \u0219i transparen\u021ba sunt esen\u021biale, astfel \u00eenc\u00e2t s\u0103 fii informat la fiecare pas.<\/p>\n\n\n\n<h3 class=\"wp-block-heading has-text-align-left\">Pasul 4: Supraveghere complet\u0103 a proiectului<span style=\"caret-color: rgb(0, 0, 0); color: rgb(0, 0, 0); font-family: -webkit-standard; font-size: medium; letter-spacing: normal; white-space: normal;\"><\/span><\/h3>\n\n\n\n<p class=\"has-text-align-left\">Ne ocup\u0103m de fiecare detaliu, de la achizi\u021bie p\u00e2n\u0103 la v\u00e2nzarea final\u0103. Gestion\u0103m sarcinile legale \u0219i administrative, bugetul \u0219i programul lucr\u0103rilor, asigur\u00e2nd standarde \u00eenalte \u0219i o execu\u021bie f\u0103r\u0103 probleme.<\/p>\n\n\n\n<h3 class=\"wp-block-heading has-text-align-left\">Pasul 5: Planificare strategic\u0103 de marketing \u0219i v\u00e2nz\u0103ri<span style=\"caret-color: rgb(0, 0, 0); color: rgb(0, 0, 0); font-family: -webkit-standard; font-size: medium; letter-spacing: normal; white-space: normal;\"><\/span><\/h3>\n\n\n\n<p class=\"has-text-align-left\">Strategiile noastre de marketing \u0219i v\u00e2nz\u0103ri sunt special concepute pentru a se alinia cu obiectivele tale de investi\u021bii. Suntem dedica\u021bi maximiz\u0103rii expunerii propriet\u0103\u021bii tale \u0219i asigur\u0103rii unei v\u00e2nz\u0103ri sau \u00eenchirieri de succes.<\/p>\n\n\n\n<p class=\"has-text-align-left\">Combin\u00e2nd strategii de marketing eficiente cu re\u021beaua noastr\u0103 bine stabilit\u0103, Kore Investments se asigur\u0103 c\u0103 proiectul t\u0103u prime\u0219te aten\u021bia pe care o merit\u0103 \u0219i duce la un rezultat de succes \u0219i profitabil.<\/p>\n<\/section>\n\n\n\n<div class=\"wp-block-group has-contrast-background-color has-background has-global-padding is-layout-constrained wp-container-core-group-is-layout-618d5ff6 wp-block-group-is-layout-constrained\" style=\"margin-top:var(--wp--preset--spacing--50);margin-bottom:var(--wp--preset--spacing--50);padding-top:var(--wp--preset--spacing--30);padding-right:var(--wp--preset--spacing--40);padding-bottom:var(--wp--preset--spacing--30);padding-left:var(--wp--preset--spacing--40)\">\n<figure class=\"wp-block-image size-full is-resized wp-duotone-duotone-2\"><img decoding=\"async\" src=\"https:\/\/www.koreestates.com\/wp-content\/uploads\/2024\/11\/kore-logo.svg\" alt=\"\" class=\"wp-image-1066\" style=\"width:150px\"\/><\/figure>\n\n\n\n<h2 class=\"wp-block-heading has-text-align-center has-base-color has-text-color has-link-color wp-elements-6e4063626b67267af1e901eb88d87d06\">Procesul de\n\t\tInvesti\u021bii<\/h2>\n\n\n\n<p class=\"has-text-align-center has-base-color has-text-color has-link-color wp-elements-3115e4d2e9cce0478abd448b4df59f5a\">Procesul nostru de investi\u021bii este\n\t\tconstruit pe o funda\u021bie de claritate, strategie \u0219i rezultate. Fiecare etap\u0103 este meticulos conceput\u0103 pentru a\n\t\tconduce la succes, asigur\u00e2nd c\u0103 obiectivele sunt atinse cu precizie \u0219i rezultatele ofer\u0103 valoare maxim\u0103.<\/p>\n\n\n\n<div class=\"wp-block-group alignwide has-global-padding is-layout-constrained wp-block-group-is-layout-constrained\" style=\"margin-top:var(--wp--preset--spacing--30);margin-bottom:var(--wp--preset--spacing--30)\">\n<figure class=\"wp-block-image alignwide size-large jaleo--visible-desktop wp-duotone-duotone-2\"><img loading=\"lazy\" decoding=\"async\" width=\"1920\" height=\"215\" src=\"https:\/\/www.koreestates.com\/wp-content\/uploads\/2025\/11\/marketingflow_ru-v2-02-1-1920x215.png\" alt=\"\" class=\"wp-image-2748\" srcset=\"https:\/\/www.koreestates.com\/wp-content\/uploads\/2025\/11\/marketingflow_ru-v2-02-1-1920x215.png 1920w, https:\/\/www.koreestates.com\/wp-content\/uploads\/2025\/11\/marketingflow_ru-v2-02-1-1024x115.png 1024w, https:\/\/www.koreestates.com\/wp-content\/uploads\/2025\/11\/marketingflow_ru-v2-02-1-768x86.png 768w, https:\/\/www.koreestates.com\/wp-content\/uploads\/2025\/11\/marketingflow_ru-v2-02-1-50x6.png 50w, https:\/\/www.koreestates.com\/wp-content\/uploads\/2025\/11\/marketingflow_ru-v2-02-1-1600x179.png 1600w, https:\/\/www.koreestates.com\/wp-content\/uploads\/2025\/11\/marketingflow_ru-v2-02-1-1536x172.png 1536w, https:\/\/www.koreestates.com\/wp-content\/uploads\/2025\/11\/marketingflow_ru-v2-02-1-2048x230.png 2048w\" sizes=\"auto, (max-width: 1920px) 100vw, 1920px\" \/><\/figure>\n\n\n\n<figure class=\"wp-block-image size-full jaleo--visible-mobile wp-duotone-duotone-2\"><img loading=\"lazy\" decoding=\"async\" width=\"1682\" height=\"1867\" src=\"https:\/\/www.koreestates.com\/wp-content\/uploads\/2025\/11\/marketingflow_ru-v2phone-01-05-1.png\" alt=\"\" class=\"wp-image-2751\" srcset=\"https:\/\/www.koreestates.com\/wp-content\/uploads\/2025\/11\/marketingflow_ru-v2phone-01-05-1.png 1682w, https:\/\/www.koreestates.com\/wp-content\/uploads\/2025\/11\/marketingflow_ru-v2phone-01-05-1-1024x1137.png 1024w, https:\/\/www.koreestates.com\/wp-content\/uploads\/2025\/11\/marketingflow_ru-v2phone-01-05-1-768x852.png 768w, https:\/\/www.koreestates.com\/wp-content\/uploads\/2025\/11\/marketingflow_ru-v2phone-01-05-1-50x55.png 50w, https:\/\/www.koreestates.com\/wp-content\/uploads\/2025\/11\/marketingflow_ru-v2phone-01-05-1-1600x1776.png 1600w, https:\/\/www.koreestates.com\/wp-content\/uploads\/2025\/11\/marketingflow_ru-v2phone-01-05-1-1384x1536.png 1384w\" sizes=\"auto, (max-width: 1682px) 100vw, 1682px\" \/><\/figure>\n<\/div>\n\n\n\n<div class=\"wp-block-buttons is-content-justification-center is-layout-flex wp-container-core-buttons-is-layout-a89b3969 wp-block-buttons-is-layout-flex\">\n<div class=\"wp-block-button is-style-outline is-style-outline--2\"><a class=\"wp-block-button__link wp-element-button\" href=\"https:\/\/www.koreestates.com\/952-investment-guide-navigating-property-investment-on-the-costa-del-sol\">desc\u0103rca\u021bi\n\t\t\t\tGHIDUL NOSTRU DE INVESTI\u021aII \u00ceN MARBELLA<\/a><\/div>\n<\/div>\n<\/div>\n\n\n\n<section class=\"wp-block-group alignfull jaleo-herobox-group wide right is-layout-flow wp-block-group-is-layout-flow\" style=\"margin-top:var(--wp--preset--spacing--60);margin-bottom:var(--wp--preset--spacing--60)\">\n<div class=\"wp-block-columns alignwide are-vertically-aligned-center jaleo-herobox-columns has-contrast-background-color has-background is-layout-flex wp-container-core-columns-is-layout-2e289adc wp-block-columns-is-layout-flex\" style=\"padding-top:0;padding-right:0;padding-bottom:0;padding-left:0\">\n<div class=\"wp-block-column is-vertically-aligned-center jaleo-herobox-column is-layout-flow wp-block-column-is-layout-flow\" style=\"flex-basis:50%\">\n<figure class=\"wp-block-image size-large jaleo-herobox-image wp-duotone-unset-3\"><img loading=\"lazy\" decoding=\"async\" width=\"1920\" height=\"776\" src=\"https:\/\/www.koreestates.com\/wp-content\/uploads\/2024\/11\/Kore-Stock-1-copy-1920x776.webp\" alt=\"\" class=\"wp-image-933\" style=\"aspect-ratio:1;object-fit:cover\" srcset=\"https:\/\/www.koreestates.com\/wp-content\/uploads\/2024\/11\/Kore-Stock-1-copy-1920x776.webp 1920w, https:\/\/www.koreestates.com\/wp-content\/uploads\/2024\/11\/Kore-Stock-1-copy-1024x414.webp 1024w, https:\/\/www.koreestates.com\/wp-content\/uploads\/2024\/11\/Kore-Stock-1-copy-768x310.webp 768w, https:\/\/www.koreestates.com\/wp-content\/uploads\/2024\/11\/Kore-Stock-1-copy-50x20.webp 50w, https:\/\/www.koreestates.com\/wp-content\/uploads\/2024\/11\/Kore-Stock-1-copy-1600x646.webp 1600w, https:\/\/www.koreestates.com\/wp-content\/uploads\/2024\/11\/Kore-Stock-1-copy-1536x621.webp 1536w, https:\/\/www.koreestates.com\/wp-content\/uploads\/2024\/11\/Kore-Stock-1-copy.webp 2000w\" sizes=\"auto, (max-width: 1920px) 100vw, 1920px\" \/><\/figure>\n<\/div>\n\n\n\n<div class=\"wp-block-column is-vertically-aligned-center jaleo-herobox-content is-layout-flow wp-block-column-is-layout-flow\" style=\"padding-right:0;flex-basis:50%\">\n<div class=\"wp-block-group has-global-padding is-layout-constrained wp-container-core-group-is-layout-299a9126 wp-block-group-is-layout-constrained\" style=\"margin-top:0;margin-bottom:0;padding-top:var(--wp--preset--spacing--30);padding-right:var(--wp--preset--spacing--30);padding-bottom:var(--wp--preset--spacing--30);padding-left:var(--wp--preset--spacing--30)\">\n<h2 class=\"wp-block-heading has-base-color has-text-color has-link-color has-xxx-large-font-size wp-elements-d5933afbf6b1327d893898f45c9a093f\" style=\"margin-bottom:var(--wp--preset--spacing--40);text-transform:none\"><strong>\u00cencepe\u021bi-v\u0103 C\u0103l\u0103toria\n\t\t\t\t\t\tC\u0103tre un Portofoliu de Investi\u021bii Profitabil<\/strong>&nbsp;<\/h2>\n\n\n\n<p class=\"has-base-color has-text-color has-link-color wp-elements-e9a4a75200be6945bb7737d7bce4cc65\">Sunte\u021bi gata s\u0103 explora\u021bi oportunit\u0103\u021bi imobiliare cu\n\t\t\t\t\tpoten\u021bial ridicat pe pia\u021ba dinamic\u0103 din Marbella? Contacta\u021bi-ne ast\u0103zi \u0219i haide\u021bi s\u0103 construim \u00eempreun\u0103\n\t\t\t\t\tun portofoliu strategic \u0219i profitabil. Cu K Investments, ve\u021bi avea un partener de \u00eencredere care v\u0103 va\n\t\t\t\t\tghida la fiecare pas, asigur\u00e2ndu-v\u0103 c\u0103 fiecare decizie se aliniaz\u0103 cu obiectivele dumneavoastr\u0103 \u0219i v\u0103\n\t\t\t\t\taduce mai aproape de succesul financiar.&nbsp;<\/p>\n\n\n\n<div class=\"wp-block-buttons is-layout-flex wp-block-buttons-is-layout-flex\" style=\"margin-top:var(--wp--preset--spacing--40)\">\n<div class=\"wp-block-button is-style-outline is-style-outline--4\"><a class=\"wp-block-button__link has-ultrasmall-font-size has-custom-font-size wp-element-button\" href=\"https:\/\/www.koreestates.com\/ro\/ansambluri-noi\">cite\u0219te mai mult<\/a><\/div>\n<\/div>\n<\/div>\n<\/div>\n<\/div>\n<\/section>\n\n\n\n<section class=\"wp-block-group alignfull jaleo-heroform is-layout-flow wp-block-group-is-layout-flow\" style=\"margin-top:var(--wp--preset--spacing--50);margin-bottom:var(--wp--preset--spacing--50);padding-right:0;padding-left:0\">\n<div class=\"wp-block-columns alignwide are-vertically-aligned-center is-layout-flex wp-container-core-columns-is-layout-28f84493 wp-block-columns-is-layout-flex\">\n<div class=\"wp-block-column is-vertically-aligned-center has-global-padding is-layout-constrained wp-block-column-is-layout-constrained\" style=\"flex-basis:50%\">\n<figure class=\"wp-block-image size-full is-style-default wp-duotone-unset-5\"><img loading=\"lazy\" decoding=\"async\" width=\"1024\" height=\"1536\" src=\"https:\/\/www.koreestates.com\/wp-content\/uploads\/2024\/11\/contact-kore.webp\" alt=\"\" class=\"wp-image-999\" style=\"aspect-ratio:1;object-fit:cover\" srcset=\"https:\/\/www.koreestates.com\/wp-content\/uploads\/2024\/11\/contact-kore.webp 1024w, https:\/\/www.koreestates.com\/wp-content\/uploads\/2024\/11\/contact-kore-768x1152.webp 768w, https:\/\/www.koreestates.com\/wp-content\/uploads\/2024\/11\/contact-kore-50x75.webp 50w\" sizes=\"auto, (max-width: 1024px) 100vw, 1024px\" \/><\/figure>\n<\/div>\n\n\n\n<div class=\"wp-block-column is-vertically-aligned-center has-global-padding is-layout-constrained wp-block-column-is-layout-constrained\" style=\"flex-basis:50%\">\n<h1 class=\"wp-block-heading has-xxx-large-font-size\"><strong>Face\u021bi Primul Pas C\u0103tre o Investi\u021bie Imobiliar\u0103\n\t\t\t\t\tInteligent\u0103<\/strong><\/h1>\n\n\n\n<p>Sunte\u021bi gata s\u0103 explora\u021bi oportunit\u0103\u021bi de investi\u021bii cu poten\u021bial ridicat? Contacta\u021bi-ne ast\u0103zi \u0219i l\u0103sa\u021bi-ne\n\t\t\t\ts\u0103 v\u0103 ajut\u0103m s\u0103 construi\u021bi un portofoliu puternic \u0219i profitabil.<\/p>\n\n\n\n<div class=\"wp-block-group is-content-justification-left is-layout-flex wp-container-core-group-is-layout-ecdd832d wp-block-group-is-layout-flex\" style=\"margin-top:var(--wp--preset--spacing--30);margin-bottom:var(--wp--preset--spacing--30);padding-right:0;padding-left:0\">\n<p class=\"jaleo-icon-email\"><strong><a href=\"mailto:info@koreestates.com\">info@koreestates.com<\/a><\/strong>\n\t\t\t\t<\/p>\n\n\n\n<p class=\"jaleo-icon-phone\"><strong><a href=\"tel:+34851817060\">+34 851 817 060<\/a><\/strong><\/p>\n<\/div>\n\n\n<form id=\"property_form\" class=\"wpb--property-form\" action=\"localhost\" method=\"POST\" data-contact=\"property_form\" data-lead-sent-ok=\"Mesajul dvs. a fost trimis.\" data-sitekey=\"6Lcu70ApAAAAALSclGERBvdFXlfg15po4zMqthx0\">\n\t<input type=\"hidden\" name=\"subject\" value=\"Contact de la Proprietate \/ro\/wp-json\/wp\/v2\/pages\/2530\" \/>\n\t<input type=\"hidden\" name=\"g-recaptcha-response\" value=\"\" \/>\n\t<input type=\"hidden\" name=\"source\" value=\"https:\/\/www.koreestates.com\/ro\/wp-json\/wp\/v2\/pages\/2530\" \/>\n\t<input name=\"success\" type=\"hidden\" value=\"\/success\" \/>\n\n\t\t\n\t<input name=\"name\" type=\"text\" autocomplete=\"off\" placeholder=\"Nume complet\" required data-error=\"Numele complet este obligatoriu\" \/>\n\t<input name=\"email\" type=\"email\" autocomplete=\"off\" placeholder=\"Adres\u0103 de email\" required data-error=\"Email obligatoriu\" \/>\n\t<input name=\"intphone\" type=\"tel\" autocomplete=\"off\" placeholder=\"Telefon\" data-error=\"Numerele de telefon trebuie s\u0103 aib\u0103 \u00eentre 8 \u0219i 20 de cifre\" \/>\n\t<textarea name=\"comment\" rows=\"6\">Scrie\u021bi \u00eentreb\u0103rile dumneavoastr\u0103<\/textarea>\n\t<div class=\"wpb--checkboxes-group\">\n\t\t<div class=\"wpb--custom-checkbox\">\n\t\t\t<input type=\"checkbox\" id=\"property_form-property_form-customCheck1\" name=\"privacy_policy\" required data-error=\"C\u00e2mp obligatoriu\" \/>\n\t\t\t<label for=\"property_form-property_form-customCheck1\">Accept  <a href=\"https:\/\/www.koreestates.com\/privacy-policy\" target=\"_blank\">Politic\u0103 de confiden\u021bialitate<\/a><\/label>\n\t\t<\/div>\n\t\t<div class=\"wpb--custom-checkbox\">\n\t\t\t<input type=\"checkbox\" id=\"property_form-property_form-customCheck2\" name=\"commercial_information\" \/>\n\t\t\t<label for=\"property_form-property_form-customCheck2\">Sunt de acord s\u0103 primesc informa\u021bii prin email<\/label>\n\t\t<\/div>\n\t<\/div>\n\t<button data-ids=\"property_form\" data-lang=\"\" class=\"btn wpb--formbutton g-recaptcha\" type=\"submit\"><span id=\"text-send\">Trimite<\/span> <span id=\"spinner-send\"><\/span><\/button>\n<\/form>\n\t<script src=\"https:\/\/www.google.com\/recaptcha\/api.js?render=6Lcu70ApAAAAALSclGERBvdFXlfg15po4zMqthx0&hl=\"><\/script>\n\t<link rel=\"stylesheet\" href=\"https:\/\/cdn.jsdelivr.net\/npm\/intl-tel-input@23.0.10\/build\/css\/intlTelInput.css\">\n\t<script src=\"https:\/\/cdn.jsdelivr.net\/npm\/intl-tel-input@23.0.10\/build\/js\/intlTelInput.min.js\"><\/script>\n\t<script>\n\t\tconst input = document.querySelectorAll(\"[name=intphone]\");\n\t\tif (input.length) {\n\t\t\tconst currentLang = document.querySelector(\"html\").getAttribute(\"lang\").split(\"-\")[0];\n            const conversions = {\n                \"en\": \"gb\",\n                \"es\": \"es\",\n                \"fr\": \"fr\",\n                \"de\": \"de\"\n            };\n\t\t\tinput.forEach(function(item) {\n\t\t\t\twindow.intlTelInput(item, {\n\t\t\t\t\tutilsScript: \"https:\/\/cdn.jsdelivr.net\/npm\/intl-tel-input@23.0.10\/build\/js\/utils.js\",\n\t\t\t\t\tinitialCountry: \"auto\",\n\t\t\t\t\tcountryOrder: [\"gb\", \"se\", \"es\", \"fr\", \"de\"],\n\t\t\t\t\thiddenInput: () => ({ phone: \"phone\", country: \"country_code\" }),\n\t\t\t\t\tnationalMode: false,\n\t\t\t\t\tautoHideDialCode: false,\n\t\t\t\t\texcludeCountries: [\"none\"],\n\t\t\t\t\tseparateDialCode: true,\n\t\t\t\t\tgeoIpLookup: callback => {\n\t\t\t\t\t\tfetch(\"https:\/\/ipapi.co\/json\")\n\t\t\t\t\t\t.then(res => res.json())\n\t\t\t\t\t\t.then(data => callback(data.country_code))\n\t\t\t\t\t\t.catch(() => callback(conversions[currentLang]));\n\t\t\t\t\t},\n\t\t\t\t})\n\t\t\t});\n\t\t}\n\t<\/script>\n\n<\/div>\n<\/div>\n<\/section>\n","protected":false},"excerpt":{"rendered":"<p>Investi\u021bii: Calea ta c\u0103tre succesul imobiliar strategic La Kore Investments, \u00een\u021belegem c\u0103 investi\u021bia imobiliar\u0103 ar trebui s\u0103 fie o c\u0103l\u0103torie personalizat\u0103 \u2013 la fel de strategic\u0103 pe c\u00e2t este de plin\u0103 de satisfac\u021bii. Oferim o experien\u021b\u0103 de investi\u021bii simplificat\u0103, astfel \u00eenc\u00e2t s\u0103 po\u021bi intra pe pia\u021ba imobiliar\u0103 f\u0103r\u0103 povara sarcinilor zilnice de management. Ai acces [&hellip;]<\/p>\n","protected":false},"author":1,"featured_media":2532,"parent":0,"menu_order":0,"comment_status":"closed","ping_status":"closed","template":"","meta":{"_acf_changed":false,"footnotes":""},"class_list":["post-2530","page","type-page","status-publish","has-post-thumbnail","hentry"],"acf":[],"_links":{"self":[{"href":"https:\/\/www.koreestates.com\/ro\/wp-json\/wp\/v2\/pages\/2530","targetHints":{"allow":["GET"]}}],"collection":[{"href":"https:\/\/www.koreestates.com\/ro\/wp-json\/wp\/v2\/pages"}],"about":[{"href":"https:\/\/www.koreestates.com\/ro\/wp-json\/wp\/v2\/types\/page"}],"author":[{"embeddable":true,"href":"https:\/\/www.koreestates.com\/ro\/wp-json\/wp\/v2\/users\/1"}],"replies":[{"embeddable":true,"href":"https:\/\/www.koreestates.com\/ro\/wp-json\/wp\/v2\/comments?post=2530"}],"version-history":[{"count":1,"href":"https:\/\/www.koreestates.com\/ro\/wp-json\/wp\/v2\/pages\/2530\/revisions"}],"predecessor-version":[{"id":2754,"href":"https:\/\/www.koreestates.com\/ro\/wp-json\/wp\/v2\/pages\/2530\/revisions\/2754"}],"wp:featuredmedia":[{"embeddable":true,"href":"https:\/\/www.koreestates.com\/ro\/wp-json\/wp\/v2\/media\/2532"}],"wp:attachment":[{"href":"https:\/\/www.koreestates.com\/ro\/wp-json\/wp\/v2\/media?parent=2530"}],"curies":[{"name":"wp","href":"https:\/\/api.w.org\/{rel}","templated":true}]}}