{"id":2524,"date":"2024-10-03T19:00:35","date_gmt":"2024-10-03T17:00:35","guid":{"rendered":"https:\/\/www.koreestates.com\/join-kore-team"},"modified":"2025-11-07T11:52:37","modified_gmt":"2025-11-07T10:52:37","slug":"join-kore-team","status":"publish","type":"page","link":"https:\/\/www.koreestates.com\/ro\/join-kore-team","title":{"rendered":"Join Kore Team"},"content":{"rendered":"\n<section class=\"wp-block-group alignfull jaleo-herobox-two-columns-left has-base-background-color has-background has-global-padding is-layout-constrained wp-container-core-group-is-layout-af8d0820 wp-block-group-is-layout-constrained\" style=\"margin-top:var(--wp--preset--spacing--50);margin-bottom:var(--wp--preset--spacing--50);padding-right:0;padding-left:0\">\n<div class=\"wp-block-columns alignwide are-vertically-aligned-center is-layout-flex wp-container-core-columns-is-layout-c588bf21 wp-block-columns-is-layout-flex\" style=\"margin-top:0;margin-bottom:0;padding-right:var(--wp--preset--spacing--20);padding-left:var(--wp--preset--spacing--20)\">\n<div class=\"wp-block-column is-vertically-aligned-center has-global-padding is-content-justification-left is-layout-constrained wp-container-core-column-is-layout-4f15e8fe wp-block-column-is-layout-constrained\" style=\"flex-basis:40%\">\n<figure class=\"wp-block-image alignleft size-full wp-duotone-duotone-2\"><img loading=\"lazy\" decoding=\"async\" width=\"1024\" height=\"1536\" src=\"https:\/\/www.koreestates.com\/wp-content\/uploads\/2024\/11\/join-our-team-kore-estates.webp\" alt=\"\" class=\"wp-image-1030\" style=\"aspect-ratio:1;object-fit:cover\" srcset=\"https:\/\/www.koreestates.com\/wp-content\/uploads\/2024\/11\/join-our-team-kore-estates.webp 1024w, https:\/\/www.koreestates.com\/wp-content\/uploads\/2024\/11\/join-our-team-kore-estates-768x1152.webp 768w, https:\/\/www.koreestates.com\/wp-content\/uploads\/2024\/11\/join-our-team-kore-estates-50x75.webp 50w\" sizes=\"auto, (max-width: 1024px) 100vw, 1024px\" \/><\/figure>\n<\/div>\n\n\n\n<div class=\"wp-block-column is-vertically-aligned-center is-layout-flow wp-container-core-column-is-layout-8a368f38 wp-block-column-is-layout-flow\" style=\"flex-basis:60%\">\n<h1 class=\"wp-block-heading\">Cariere la Kore Estates<\/h1>\n\n\n\n<div class=\"wp-block-columns is-layout-flex wp-container-core-columns-is-layout-87beb0d0 wp-block-columns-is-layout-flex\">\n<div class=\"wp-block-column is-vertically-aligned-center is-layout-flow wp-block-column-is-layout-flow\">\n<p class=\"wp-container-content-9cfa9a5a\">La Kore Estates, c\u0103ut\u0103m mereu persoane pasionate \u0219i motivate care s\u0103 ni se al\u0103ture \u00een c\u0103l\u0103toria noastr\u0103. Fie c\u0103 ai experien\u021b\u0103 \u00een imobiliare sau e\u0219ti la \u00eenceput de carier\u0103, \u00ee\u021bi oferim un mediu dinamic \u0219i de sus\u021binere \u00een care po\u021bi prospera.<\/p>\n\n\n\n<p>Ai oportunitatea s\u0103 te implici \u00een v\u00e2nz\u0103ri, marketing, design interior sau consultan\u021b\u0103 \u00een investi\u021bii, dezvolt\u00e2ndu-\u021bi abilit\u0103\u021bile \u0219i av\u00e2nd un impact semnificativ \u00een industria imobiliar\u0103. Al\u0103tur\u0103-te echipei noastre \u0219i fii parte dintr-o companie dedicat\u0103 excelen\u021bei, inova\u021biei \u0219i ob\u021binerii de rezultate remarcabile pentru clien\u021bii no\u0219tri.<\/p>\n<\/div>\n<\/div>\n<\/div>\n<\/div>\n<\/section>\n\n\n\n<section class=\"wp-block-group jaleo-social-links has-white-background-color has-background has-global-padding is-layout-constrained wp-container-core-group-is-layout-adb06961 wp-block-group-is-layout-constrained\" style=\"padding-top:0rem;padding-right:0;padding-bottom:0rem;padding-left:0\">\n<div class=\"wp-block-group has-global-padding is-layout-constrained wp-container-core-group-is-layout-c9115f92 wp-block-group-is-layout-constrained\" style=\"padding-right:var(--wp--preset--spacing--20);padding-left:var(--wp--preset--spacing--20)\">\n<h3 class=\"wp-block-heading has-text-align-left jaleo-mx-auto has-x-large-font-size\">Vino al\u0103turi de noi<\/h3>\n\n\n\n<p class=\"has-text-align-left jaleo-mx-auto\">Completeaz\u0103 formularul de mai jos sau trimite-ne CV-ul t\u0103u la <a style=\"font-family: var(--wp--preset--font-family--body); font-size: revert; display: inline !important;\" href=\"mailto:info@koreestates.com\">info@koreestates.com<\/a>, iar noi te vom contacta c\u00e2t mai cur\u00e2nd posibil. Abia a\u0219tept\u0103m s\u0103 ne cunoa\u0219tem!\u00a0<strong>Kore Estates<\/strong><\/p>\n\n\n<form id=\"property_form\" class=\"wpb--property-form\" action=\"localhost\" method=\"POST\" data-contact=\"property_form\" data-lead-sent-ok=\"Mesajul dvs. a fost trimis.\" data-sitekey=\"6Lcu70ApAAAAALSclGERBvdFXlfg15po4zMqthx0\">\n\t<input type=\"hidden\" name=\"subject\" value=\"Contact de la Proprietate \/ro\/wp-json\/wp\/v2\/pages\/2524\" \/>\n\t<input type=\"hidden\" name=\"g-recaptcha-response\" value=\"\" \/>\n\t<input type=\"hidden\" name=\"source\" value=\"https:\/\/www.koreestates.com\/ro\/wp-json\/wp\/v2\/pages\/2524\" \/>\n\t<input name=\"success\" type=\"hidden\" value=\"\/success\" \/>\n\n\t\t\n\t<input name=\"name\" type=\"text\" autocomplete=\"off\" placeholder=\"Nume complet\" required data-error=\"Numele complet este obligatoriu\" \/>\n\t<input name=\"email\" type=\"email\" autocomplete=\"off\" placeholder=\"Adres\u0103 de email\" required data-error=\"Email obligatoriu\" \/>\n\t<input name=\"intphone\" type=\"tel\" autocomplete=\"off\" placeholder=\"Telefon\" data-error=\"Numerele de telefon trebuie s\u0103 aib\u0103 \u00eentre 8 \u0219i 20 de cifre\" \/>\n\t<textarea name=\"comment\" rows=\"6\">Scrie-ne \u00eentreb\u0103rile tale<\/textarea>\n\t<div class=\"wpb--checkboxes-group\">\n\t\t<div class=\"wpb--custom-checkbox\">\n\t\t\t<input type=\"checkbox\" id=\"property_form-property_form-customCheck1\" name=\"privacy_policy\" required data-error=\"C\u00e2mp obligatoriu\" \/>\n\t\t\t<label for=\"property_form-property_form-customCheck1\">Accept  <a href=\"https:\/\/www.koreestates.com\/privacy-policy\" target=\"_blank\">Politic\u0103 de confiden\u021bialitate<\/a><\/label>\n\t\t<\/div>\n\t\t<div class=\"wpb--custom-checkbox\">\n\t\t\t<input type=\"checkbox\" id=\"property_form-property_form-customCheck2\" name=\"commercial_information\" \/>\n\t\t\t<label for=\"property_form-property_form-customCheck2\">Sunt de acord s\u0103 primesc informa\u021bii prin email<\/label>\n\t\t<\/div>\n\t<\/div>\n\t<button data-ids=\"property_form\" data-lang=\"\" class=\"btn wpb--formbutton g-recaptcha\" type=\"submit\"><span id=\"text-send\">Trimite<\/span> <span id=\"spinner-send\"><\/span><\/button>\n<\/form>\n\t<script src=\"https:\/\/www.google.com\/recaptcha\/api.js?render=6Lcu70ApAAAAALSclGERBvdFXlfg15po4zMqthx0&hl=\"><\/script>\n\t<link rel=\"stylesheet\" href=\"https:\/\/cdn.jsdelivr.net\/npm\/intl-tel-input@23.0.10\/build\/css\/intlTelInput.css\">\n\t<script src=\"https:\/\/cdn.jsdelivr.net\/npm\/intl-tel-input@23.0.10\/build\/js\/intlTelInput.min.js\"><\/script>\n\t<script>\n\t\tconst input = document.querySelectorAll(\"[name=intphone]\");\n\t\tif (input.length) {\n\t\t\tconst currentLang = document.querySelector(\"html\").getAttribute(\"lang\").split(\"-\")[0];\n            const conversions = {\n                \"en\": \"gb\",\n                \"es\": \"es\",\n                \"fr\": \"fr\",\n                \"de\": \"de\"\n            };\n\t\t\tinput.forEach(function(item) {\n\t\t\t\twindow.intlTelInput(item, {\n\t\t\t\t\tutilsScript: \"https:\/\/cdn.jsdelivr.net\/npm\/intl-tel-input@23.0.10\/build\/js\/utils.js\",\n\t\t\t\t\tinitialCountry: \"auto\",\n\t\t\t\t\tcountryOrder: [\"gb\", \"se\", \"es\", \"fr\", \"de\"],\n\t\t\t\t\thiddenInput: () => ({ phone: \"phone\", country: \"country_code\" }),\n\t\t\t\t\tnationalMode: false,\n\t\t\t\t\tautoHideDialCode: false,\n\t\t\t\t\texcludeCountries: [\"none\"],\n\t\t\t\t\tseparateDialCode: true,\n\t\t\t\t\tgeoIpLookup: callback => {\n\t\t\t\t\t\tfetch(\"https:\/\/ipapi.co\/json\")\n\t\t\t\t\t\t.then(res => res.json())\n\t\t\t\t\t\t.then(data => callback(data.country_code))\n\t\t\t\t\t\t.catch(() => callback(conversions[currentLang]));\n\t\t\t\t\t},\n\t\t\t\t})\n\t\t\t});\n\t\t}\n\t<\/script>\n\n<\/div>\n<\/section>\n\n\n\n<section class=\"wp-block-group jaleo-social-links has-white-background-color has-background has-global-padding is-layout-constrained wp-container-core-group-is-layout-f750b8a9 wp-block-group-is-layout-constrained\" style=\"padding-top:2.9rem;padding-right:0;padding-bottom:2.9rem;padding-left:0\">\n<h3 class=\"wp-block-heading has-text-align-center jaleo-mx-auto has-x-large-font-size\">Conexiunile noastre sociale<\/h3>\n\n\n\n<p class=\"has-text-align-center jaleo-mx-auto\">Contacteaz\u0103-ne<\/p>\n\n\n\n<div style=\"height:20px\" aria-hidden=\"true\" class=\"wp-block-spacer\"><\/div>\n\n\n\n<div class=\"wp-block-buttons is-content-justification-center is-layout-flex wp-container-core-buttons-is-layout-662a369f wp-block-buttons-is-layout-flex\" style=\"margin-top:var(--wp--preset--spacing--20);margin-bottom:var(--wp--preset--spacing--20)\">\n<div class=\"wp-block-button has-custom-width wp-block-button__width-25\"><a class=\"wp-block-button__link wp-element-button\" href=\"https:\/\/www.youtube.com\/@koreestates\" target=\"_blank\" rel=\"noreferrer noopener\">Urm\u0103re\u0219te ultimele noastre videoclipuri<\/a><\/div>\n\n\n\n<div class=\"wp-block-button has-custom-width wp-block-button__width-25\"><a class=\"wp-block-button__link wp-element-button\" href=\"https:\/\/www.instagram.com\/kore.estates\/\" target=\"_blank\" rel=\"noreferrer noopener\">G\u0103se\u0219te-ne pe Instagram<\/a><\/div>\n\n\n\n<div class=\"wp-block-button has-custom-width wp-block-button__width-25\"><a class=\"wp-block-button__link wp-element-button\" href=\"https:\/\/www.facebook.com\/koreestatesmarbella\/\" target=\"_blank\" rel=\"noreferrer noopener\">Urm\u0103re\u0219te-ne pe Facebook<\/a><\/div>\n\n\n\n<div class=\"wp-block-button has-custom-width wp-block-button__width-25 is-style-fill\"><a class=\"wp-block-button__link wp-element-button\" href=\"tel:+34851817060\">Sun\u0103-ne<\/a><\/div>\n<\/div>\n<\/section>\n","protected":false},"excerpt":{"rendered":"<p>Cariere la Kore Estates La Kore Estates, c\u0103ut\u0103m mereu persoane pasionate \u0219i motivate care s\u0103 ni se al\u0103ture \u00een c\u0103l\u0103toria noastr\u0103. Fie c\u0103 ai experien\u021b\u0103 \u00een imobiliare sau e\u0219ti la \u00eenceput de carier\u0103, \u00ee\u021bi oferim un mediu dinamic \u0219i de sus\u021binere \u00een care po\u021bi prospera. Ai oportunitatea s\u0103 te implici \u00een v\u00e2nz\u0103ri, marketing, design interior [&hellip;]<\/p>\n","protected":false},"author":1,"featured_media":2481,"parent":0,"menu_order":0,"comment_status":"closed","ping_status":"closed","template":"","meta":{"_acf_changed":false,"footnotes":""},"class_list":["post-2524","page","type-page","status-publish","has-post-thumbnail","hentry"],"acf":[],"_links":{"self":[{"href":"https:\/\/www.koreestates.com\/ro\/wp-json\/wp\/v2\/pages\/2524","targetHints":{"allow":["GET"]}}],"collection":[{"href":"https:\/\/www.koreestates.com\/ro\/wp-json\/wp\/v2\/pages"}],"about":[{"href":"https:\/\/www.koreestates.com\/ro\/wp-json\/wp\/v2\/types\/page"}],"author":[{"embeddable":true,"href":"https:\/\/www.koreestates.com\/ro\/wp-json\/wp\/v2\/users\/1"}],"replies":[{"embeddable":true,"href":"https:\/\/www.koreestates.com\/ro\/wp-json\/wp\/v2\/comments?post=2524"}],"version-history":[{"count":1,"href":"https:\/\/www.koreestates.com\/ro\/wp-json\/wp\/v2\/pages\/2524\/revisions"}],"predecessor-version":[{"id":2692,"href":"https:\/\/www.koreestates.com\/ro\/wp-json\/wp\/v2\/pages\/2524\/revisions\/2692"}],"wp:featuredmedia":[{"embeddable":true,"href":"https:\/\/www.koreestates.com\/ro\/wp-json\/wp\/v2\/media\/2481"}],"wp:attachment":[{"href":"https:\/\/www.koreestates.com\/ro\/wp-json\/wp\/v2\/media?parent=2524"}],"curies":[{"name":"wp","href":"https:\/\/api.w.org\/{rel}","templated":true}]}}