{"id":2509,"date":"2024-09-20T19:32:45","date_gmt":"2024-09-20T17:32:45","guid":{"rendered":"https:\/\/www.koreestates.com\/interior-design"},"modified":"2025-11-25T13:49:23","modified_gmt":"2025-11-25T12:49:23","slug":"interior-design","status":"publish","type":"page","link":"https:\/\/www.koreestates.com\/ro\/interior-design","title":{"rendered":"Interior design"},"content":{"rendered":"\n<section class=\"wp-block-group alignfull jaleo-herobox-left has-accent-background-color has-background has-global-padding is-layout-constrained wp-container-core-group-is-layout-40fa7b49 wp-block-group-is-layout-constrained\" style=\"margin-top:var(--wp--preset--spacing--50);margin-bottom:var(--wp--preset--spacing--50);padding-top:0;padding-right:0;padding-bottom:0;padding-left:0\">\n<div class=\"wp-block-columns alignwide is-layout-flex wp-container-core-columns-is-layout-1da03c2a wp-block-columns-is-layout-flex\">\n<div class=\"wp-block-column is-vertically-aligned-stretch is-layout-flow wp-block-column-is-layout-flow\" style=\"flex-basis:50%\">\n<div class=\"wp-block-group is-vertical is-content-justification-left is-nowrap is-layout-flex wp-container-core-group-is-layout-7b13d825 wp-block-group-is-layout-flex\" style=\"min-height:100%;padding-right:0;padding-left:0\">\n<h1 class=\"wp-block-heading has-text-align-center has-medium-font-size\">&#8222;La Kore Interior Design, designul interior excep\u021bional dep\u0103\u0219e\u0219te estetica \u2013 este vorba despre crearea de spa\u021bii care reflect\u0103 stilul \u0219i personalitatea ta, \u00eembun\u0103t\u0103\u021besc func\u021bionalitatea \u0219i sporesc calitatea vie\u021bii de zi cu zi&#8221;<\/h1>\n<\/div>\n<\/div>\n\n\n\n<div class=\"wp-block-column is-vertically-aligned-center is-layout-flow wp-block-column-is-layout-flow\" style=\"flex-basis:50%\">\n<figure class=\"wp-block-image size-full is-style-default wp-duotone-duotone-2\"><img loading=\"lazy\" decoding=\"async\" width=\"1024\" height=\"1536\" src=\"https:\/\/www.koreestates.com\/wp-content\/uploads\/2024\/11\/DSC05906.jpg\" alt=\"\" class=\"wp-image-1054\" style=\"aspect-ratio:1;object-fit:cover\" srcset=\"https:\/\/www.koreestates.com\/wp-content\/uploads\/2024\/11\/DSC05906.jpg 1024w, https:\/\/www.koreestates.com\/wp-content\/uploads\/2024\/11\/DSC05906-768x1152.jpg 768w, https:\/\/www.koreestates.com\/wp-content\/uploads\/2024\/11\/DSC05906-50x75.jpg 50w\" sizes=\"auto, (max-width: 1024px) 100vw, 1024px\" \/><\/figure>\n<\/div>\n<\/div>\n<\/section>\n\n\n\n<section class=\"wp-block-group alignfull jaleo-herobox-two-columns-left has-base-background-color has-background is-layout-flow wp-container-core-group-is-layout-2ae586ca wp-block-group-is-layout-flow\" style=\"margin-top:var(--wp--preset--spacing--50);margin-bottom:var(--wp--preset--spacing--50);padding-right:var(--wp--preset--spacing--20);padding-left:var(--wp--preset--spacing--20)\">\n<div class=\"wp-block-columns alignwide are-vertically-aligned-center is-layout-flex wp-container-core-columns-is-layout-5f2652e6 wp-block-columns-is-layout-flex\" style=\"margin-top:0;margin-bottom:0\">\n<div class=\"wp-block-column is-vertically-aligned-center has-global-padding is-content-justification-left is-layout-constrained wp-container-core-column-is-layout-4f15e8fe wp-block-column-is-layout-constrained\" style=\"flex-basis:40%\">\n<figure class=\"wp-block-image alignleft size-full is-resized wp-duotone-duotone-2\"><img loading=\"lazy\" decoding=\"async\" width=\"1024\" height=\"1536\" src=\"https:\/\/www.koreestates.com\/wp-content\/uploads\/2024\/11\/DSC05913.jpg\" alt=\"\" class=\"wp-image-1056\" style=\"aspect-ratio:1;object-fit:cover;width:486px;height:auto\" srcset=\"https:\/\/www.koreestates.com\/wp-content\/uploads\/2024\/11\/DSC05913.jpg 1024w, https:\/\/www.koreestates.com\/wp-content\/uploads\/2024\/11\/DSC05913-768x1152.jpg 768w, https:\/\/www.koreestates.com\/wp-content\/uploads\/2024\/11\/DSC05913-50x75.jpg 50w\" sizes=\"auto, (max-width: 1024px) 100vw, 1024px\" \/><\/figure>\n<\/div>\n\n\n\n<div class=\"wp-block-column is-vertically-aligned-center is-layout-flow wp-container-core-column-is-layout-119bc444 wp-block-column-is-layout-flow\" style=\"flex-basis:60%\">\n<h2 class=\"wp-block-heading\"><strong>Design Interior Kore<\/strong>&nbsp;<\/h2>\n\n\n\n<div class=\"wp-block-columns is-layout-flex wp-container-core-columns-is-layout-87beb0d0 wp-block-columns-is-layout-flex\">\n<div class=\"wp-block-column is-layout-flow wp-block-column-is-layout-flow\">\n<p class=\"wp-container-content-9cfa9a5a\">La Kore Interior Design, designul interior excep\u021bional dep\u0103\u0219e\u0219te estetica \u2013 este vorba despre crearea de spa\u021bii care reflect\u0103 identitatea, \u00eembun\u0103t\u0103\u021besc func\u021bionalitatea \u0219i sporesc via\u021ba de zi cu zi.&nbsp;<\/p>\n\n\n\n<p>Combin\u00e2nd luxul cu practicitatea, serviciile noastre de design interior sunt concepute pentru a eleva spa\u021biile at\u00e2t cu stil, c\u00e2t \u0219i cu durabilitate. De la conceptul ini\u021bial la finisajele finale, Kore Interior Design d\u0103 via\u021b\u0103 viziunii tale cu elegan\u021b\u0103 \u0219i o aten\u021bie des\u0103v\u00e2r\u0219it\u0103 la detalii.<\/p>\n\n\n\n<p class=\"wp-container-content-9cfa9a5a\">Fie c\u0103 te mu\u021bi \u00eentr-o cas\u0103 nou\u0103, renovezi sau preg\u0103te\u0219ti o proprietate pentru v\u00e2nzare, Kore Interior Design ofer\u0103 interioare uimitoare \u0219i func\u021bionale care reflect\u0103 caracterul unic al fiec\u0103rei propriet\u0103\u021bi.&nbsp;<\/p>\n<\/div>\n<\/div>\n<\/div>\n<\/div>\n<\/section>\n\n\n\n<section class=\"wp-block-group has-global-padding is-layout-constrained wp-block-group-is-layout-constrained\">\n<h2 class=\"wp-block-heading has-text-align-center\"><strong>Abordarea noastr\u0103 \u00een Designul Interior&nbsp;<\/strong><\/h2>\n\n\n\n<h3 class=\"wp-block-heading has-text-align-left\" style=\"margin-top:var(--wp--preset--spacing--30)\">\n\t\t<strong>Consultan\u021b\u0103 de Design Personalizat\u0103<\/strong><span style=\"caret-color: rgb(0, 0, 0); color: rgb(0, 0, 0); font-family: -webkit-standard; font-size: medium; letter-spacing: normal; white-space: normal;\"><\/span>\n\t<\/h3>\n\n\n\n<p class=\"has-text-align-left\">Fiecare proiect \u00eencepe cu o \u00een\u021belegere aprofundat\u0103 a viziunii, stilului \u0219i nevoilor specifice.Consultan\u021ba personalizat\u0103 asigur\u0103 ca fiecare design se aliniaz\u0103 gusturilor individuale \u0219i cerin\u021belor func\u021bionale.<\/p>\n\n\n\n<h3 class=\"wp-block-heading has-text-align-left\"><strong>Solu\u021bii de Design Personalizate<\/strong><span style=\"caret-color: rgb(0, 0, 0); color: rgb(0, 0, 0); font-family: -webkit-standard; font-size: medium; letter-spacing: normal; white-space: normal;\"><\/span>\n\t<\/h3>\n\n\n\n<p class=\"has-text-align-left\">De la designuri minimaliste la cele clasice, solu\u021biile sunt create pentru a se potrivi\n\t\tnevoilor stilului de via\u021b\u0103. Fiecare element &#8211; materiale, mobilier \u0219i palete de culori &#8211; este selectat pentru a\n\t\tspori frumuse\u021bea \u0219i a ad\u0103uga valoare propriet\u0103\u021bii.<\/p>\n\n\n\n<h3 class=\"wp-block-heading has-text-align-left\"><strong>Designuri 3D \u0219i Rand\u0103ri<\/strong><span style=\"caret-color: rgb(0, 0, 0); color: rgb(0, 0, 0); font-family: -webkit-standard; font-size: medium; letter-spacing: normal; white-space: normal;\"><\/span>\n\t<\/h3>\n\n\n\n<p class=\"has-text-align-left\">Pentru a oferi o viziune clar\u0103 a aspectului final, designurile 3D \u0219i rand\u0103rile\n\t\tprezint\u0103 fiecare detaliu al conceptului. Acest serviciu vizual v\u0103 asigur\u0103 c\u0103 ve\u021bi fi complet mul\u021bumit de design\n\t\t\u00eenainte de a \u00eencepe orice lucrare.<\/p>\n\n\n\n<h3 class=\"wp-block-heading has-text-align-left\"><strong>M\u0103iestrie de Calitate<\/strong><span style=\"caret-color: rgb(0, 0, 0); color: rgb(0, 0, 0); font-family: -webkit-standard; font-size: medium; letter-spacing: normal; white-space: normal;\"><\/span>\n\t<\/h3>\n\n\n\n<p class=\"has-text-align-left\">Colabor\u00e2nd cu artizani \u0219i furnizori de top, Kore Interior Design prioritizeaz\u0103\n\t\tcalitatea \u00een fiecare detaliu. Mobilierul personalizat, accesoriile de lux \u0219i materialele durabile definesc fiecare\n\t\tspa\u021biu cu rafinament.<\/p>\n\n\n\n<h3 class=\"wp-block-heading has-text-align-left\"><strong>Design \u0219i Implementare Servicii Complete<\/strong><span style=\"caret-color: rgb(0, 0, 0); color: rgb(0, 0, 0); font-family: -webkit-standard; font-size: medium; letter-spacing: normal; white-space: normal;\"><\/span>\n\t<\/h3>\n\n\n\n<p>Acest serviciu complet include dezvoltarea conceptului, planificarea spa\u021biului, managementul proiectului \u0219i instalarea. Fiecare etap\u0103 este coordonat\u0103 cu grij\u0103, pentru o experien\u021b\u0103 f\u0103r\u0103 efort \u0219i un spa\u021biu transformat cu rafinament.<\/p>\n\n\n\n<h3 class=\"wp-block-heading has-text-align-left\"><strong>Ad\u0103ugarea de Valoare Propriet\u0103\u021bii\n\t\t\tDumneavoastr\u0103<\/strong><span style=\"caret-color: rgb(0, 0, 0); color: rgb(0, 0, 0); font-family: -webkit-standard; font-size: medium; letter-spacing: normal; white-space: normal;\"><\/span>\n\t<\/h3>\n\n\n\n<p class=\"has-text-align-left\">Un design bine g\u00e2ndit spore\u0219te semnificativ valoarea de pia\u021b\u0103 \u0219i atractivitatea Fie c\u0103 scopul este de a vinde sau de a aduce un plus de confort vie\u021bii de zi cu zi, fiecare design este creat pentru un impact de durat\u0103.<\/p>\n\n\n\n<p class=\"has-text-align-center has-base-color has-text-color has-link-color wp-elements-b55fbd29d97fe6e286eeb94b7567f827\"><\/p>\n<\/section>\n\n\n\n<div class=\"wp-block-group has-contrast-background-color has-background has-global-padding is-layout-constrained wp-container-core-group-is-layout-10d9d1a1 wp-block-group-is-layout-constrained\" style=\"margin-top:var(--wp--preset--spacing--50);margin-bottom:var(--wp--preset--spacing--50);padding-top:var(--wp--preset--spacing--40);padding-right:var(--wp--preset--spacing--20);padding-bottom:var(--wp--preset--spacing--40);padding-left:var(--wp--preset--spacing--20)\">\n<figure class=\"wp-block-image aligncenter size-full is-resized wp-duotone-duotone-2\"><img decoding=\"async\" src=\"https:\/\/www.koreestates.com\/wp-content\/uploads\/2024\/11\/kore-logo.svg\" alt=\"\" class=\"wp-image-1066\" style=\"width:150px\"\/><\/figure>\n\n\n\n<h2 class=\"wp-block-heading has-text-align-center has-base-2-color has-text-color has-link-color wp-elements-54e45e6afd7a4a0a8bdb3a95f152a1e5\">Procesul de Design\n\t\tInterior<\/h2>\n\n\n\n<p class=\"has-text-align-center has-base-2-color has-text-color has-link-color wp-elements-edea41593247e0b389f84def4f34bb07\"><\/p>\n\n\n\n<p class=\"has-text-align-center has-base-2-color has-text-color has-link-color wp-elements-650bfe1185603c3af16d86cd3035a14c\">Crearea de spa\u021bii frumoase \u0219i\n\t\tfunc\u021bionale \u00eencepe cu o viziune clar\u0103. Procesul nostru de design interior transform\u0103 ideile \u00een realitate,\n\t\tghid\u00e2ndu-v\u0103 de la consultan\u021b\u0103 \u0219i dezvoltarea conceptului p\u00e2n\u0103 la aprovizionare \u0219i instalare, asigur\u00e2nd c\u0103 fiecare\n\t\tdetaliu este atent luat \u00een considerare.<\/p>\n\n\n\n<div class=\"wp-block-group alignwide has-global-padding is-layout-constrained wp-block-group-is-layout-constrained\" style=\"margin-top:var(--wp--preset--spacing--30);margin-bottom:var(--wp--preset--spacing--30)\">\n<figure class=\"wp-block-image alignwide size-large jaleo--visible-desktop wp-duotone-duotone-2\"><img loading=\"lazy\" decoding=\"async\" width=\"1920\" height=\"215\" src=\"https:\/\/www.koreestates.com\/wp-content\/uploads\/2025\/11\/marketingflow_ru-v2-02-1920x215.png\" alt=\"\" class=\"wp-image-2741\" srcset=\"https:\/\/www.koreestates.com\/wp-content\/uploads\/2025\/11\/marketingflow_ru-v2-02-1920x215.png 1920w, https:\/\/www.koreestates.com\/wp-content\/uploads\/2025\/11\/marketingflow_ru-v2-02-1024x115.png 1024w, https:\/\/www.koreestates.com\/wp-content\/uploads\/2025\/11\/marketingflow_ru-v2-02-768x86.png 768w, https:\/\/www.koreestates.com\/wp-content\/uploads\/2025\/11\/marketingflow_ru-v2-02-50x6.png 50w, https:\/\/www.koreestates.com\/wp-content\/uploads\/2025\/11\/marketingflow_ru-v2-02-1600x179.png 1600w, https:\/\/www.koreestates.com\/wp-content\/uploads\/2025\/11\/marketingflow_ru-v2-02-1536x172.png 1536w, https:\/\/www.koreestates.com\/wp-content\/uploads\/2025\/11\/marketingflow_ru-v2-02-2048x230.png 2048w\" sizes=\"auto, (max-width: 1920px) 100vw, 1920px\" \/><\/figure>\n\n\n\n<figure class=\"wp-block-image size-full jaleo--visible-mobile wp-duotone-duotone-2\"><img loading=\"lazy\" decoding=\"async\" width=\"1682\" height=\"1867\" src=\"https:\/\/www.koreestates.com\/wp-content\/uploads\/2025\/11\/marketingflow_ru-v2phone-01-05.png\" alt=\"\" class=\"wp-image-2744\" srcset=\"https:\/\/www.koreestates.com\/wp-content\/uploads\/2025\/11\/marketingflow_ru-v2phone-01-05.png 1682w, https:\/\/www.koreestates.com\/wp-content\/uploads\/2025\/11\/marketingflow_ru-v2phone-01-05-1024x1137.png 1024w, https:\/\/www.koreestates.com\/wp-content\/uploads\/2025\/11\/marketingflow_ru-v2phone-01-05-768x852.png 768w, https:\/\/www.koreestates.com\/wp-content\/uploads\/2025\/11\/marketingflow_ru-v2phone-01-05-50x55.png 50w, https:\/\/www.koreestates.com\/wp-content\/uploads\/2025\/11\/marketingflow_ru-v2phone-01-05-1600x1776.png 1600w, https:\/\/www.koreestates.com\/wp-content\/uploads\/2025\/11\/marketingflow_ru-v2phone-01-05-1384x1536.png 1384w\" sizes=\"auto, (max-width: 1682px) 100vw, 1682px\" \/><\/figure>\n<\/div>\n\n\n\n<div class=\"wp-block-group alignwide has-global-padding is-layout-constrained wp-block-group-is-layout-constrained\" style=\"margin-top:var(--wp--preset--spacing--30);margin-bottom:var(--wp--preset--spacing--30)\"><\/div>\n\n\n\n<div class=\"wp-block-buttons is-content-justification-center is-layout-flex wp-container-core-buttons-is-layout-a89b3969 wp-block-buttons-is-layout-flex\">\n<div class=\"wp-block-button is-style-outline is-style-outline--1\"><a class=\"wp-block-button__link wp-element-button\" href=\"#contact\">Mai multe informa\u021bii<\/a><\/div>\n<\/div>\n<\/div>\n\n\n\n<section class=\"wp-block-group jaleo-latest-blogs-wrapper has-base-background-color has-background is-layout-flow wp-block-group-is-layout-flow\" style=\"margin-top:var(--wp--preset--spacing--60);margin-bottom:var(--wp--preset--spacing--50);padding-top:0;padding-bottom:var(--wp--preset--spacing--40)\">\n<div class=\"wp-block-group has-global-padding is-layout-constrained wp-container-core-group-is-layout-951a40f6 wp-block-group-is-layout-constrained\" style=\"padding-top:var(--wp--preset--spacing--20);padding-right:var(--wp--preset--spacing--40);padding-bottom:var(--wp--preset--spacing--20);padding-left:var(--wp--preset--spacing--40)\">\n<h2 class=\"wp-block-heading has-text-align-center has-xx-large-font-size\">Ultimele \u0219tiri din designul interior\n\t\t<\/h2>\n<\/div>\n\n\n\n<div data-wp-context=\"{}\" data-wp-interactive=\"core\/query\" data-wp-key=\"8\" data-wp-router-region=\"query-8\" class=\"wp-block-query jaleo-latest-blogs-loop is-layout-flow wp-block-query-is-layout-flow\">\n\n\n<div class=\"wp-block-buttons is-content-justification-center is-layout-flex wp-container-core-buttons-is-layout-a89b3969 wp-block-buttons-is-layout-flex\">\n<div class=\"wp-block-button\"><a class=\"wp-block-button__link has-ultrasmall-font-size has-custom-font-size wp-element-button\" href=\"https:\/\/www.koreestates.com\/ro\/blog\">Vezi tot\n\t\t\t\t\tblogul<\/a><\/div>\n<\/div>\n<\/div>\n<\/section>\n\n\n\n<section class=\"wp-block-group alignfull jaleo-heroform is-layout-flow wp-block-group-is-layout-flow\" style=\"margin-top:var(--wp--preset--spacing--40);margin-bottom:var(--wp--preset--spacing--40);padding-right:0;padding-left:0\">\n<div class=\"wp-block-columns alignwide are-vertically-aligned-center is-layout-flex wp-container-core-columns-is-layout-f1061711 wp-block-columns-is-layout-flex\" style=\"padding-right:var(--wp--preset--spacing--20);padding-left:var(--wp--preset--spacing--20)\">\n<div class=\"wp-block-column is-vertically-aligned-center has-global-padding is-layout-constrained wp-block-column-is-layout-constrained\" style=\"flex-basis:50%\">\n<figure class=\"wp-block-image size-full is-style-default wp-duotone-unset-2\"><img loading=\"lazy\" decoding=\"async\" width=\"1024\" height=\"1536\" src=\"https:\/\/www.koreestates.com\/wp-content\/uploads\/2024\/11\/interior-design-kore-estates.webp\" alt=\"\" class=\"wp-image-1013\" style=\"aspect-ratio:1;object-fit:cover\" srcset=\"https:\/\/www.koreestates.com\/wp-content\/uploads\/2024\/11\/interior-design-kore-estates.webp 1024w, https:\/\/www.koreestates.com\/wp-content\/uploads\/2024\/11\/interior-design-kore-estates-768x1152.webp 768w, https:\/\/www.koreestates.com\/wp-content\/uploads\/2024\/11\/interior-design-kore-estates-50x75.webp 50w\" sizes=\"auto, (max-width: 1024px) 100vw, 1024px\" \/><\/figure>\n<\/div>\n\n\n\n<div class=\"wp-block-column is-vertically-aligned-center has-global-padding is-layout-constrained wp-block-column-is-layout-constrained\" style=\"flex-basis:50%\">\n<h1 class=\"wp-block-heading has-xxx-large-font-size\" id=\"contact\"><strong><strong>Creeaz\u0103 Elegan\u021b\u0103 Durabil\u0103 cu\t\t\t\t\t\tKore Interior Design<\/strong>&nbsp;<\/strong><\/h1>\n\n\n\n<p>E\u0219ti gata s\u0103 \u00ee\u021bi elevezi proprietatea? Contacteaz\u0103 Kore Estates pentru o consultan\u021b\u0103 personalizat\u0103 \u0219i adu viziunile de design la via\u021b\u0103. Maximizeaz\u0103 poten\u021bialul propriet\u0103\u021bii tale \u2013 totul este la doar un design distan\u021b\u0103<\/p>\n\n\n\n<div class=\"wp-block-group is-content-justification-left is-layout-flex wp-container-core-group-is-layout-ecdd832d wp-block-group-is-layout-flex\" style=\"margin-top:var(--wp--preset--spacing--30);margin-bottom:var(--wp--preset--spacing--30);padding-right:0;padding-left:0\">\n<p class=\"jaleo-icon-email\"><strong><a href=\"mailto:info@koreestates.com\">info@koreestates.com<\/a><\/strong>\n\t\t\t\t<\/p>\n\n\n\n<p class=\"jaleo-icon-phone\"><strong><a href=\"tel:+34851817060\">+34 851 817 060<\/a><\/strong><\/p>\n<\/div>\n\n\n<form id=\"property_form\" class=\"wpb--property-form\" action=\"localhost\" method=\"POST\" data-contact=\"property_form\" data-lead-sent-ok=\"Mesajul dvs. a fost trimis.\" data-sitekey=\"6Lcu70ApAAAAALSclGERBvdFXlfg15po4zMqthx0\">\n\t<input type=\"hidden\" name=\"subject\" value=\"Contact de la Proprietate \/ro\/wp-json\/wp\/v2\/pages\/2509\" \/>\n\t<input type=\"hidden\" name=\"g-recaptcha-response\" value=\"\" \/>\n\t<input type=\"hidden\" name=\"source\" value=\"https:\/\/www.koreestates.com\/ro\/wp-json\/wp\/v2\/pages\/2509\" \/>\n\t<input name=\"success\" type=\"hidden\" value=\"\/success\" \/>\n\n\t\t\n\t<input name=\"name\" type=\"text\" autocomplete=\"off\" placeholder=\"Nume complet\" required data-error=\"Numele complet este obligatoriu\" \/>\n\t<input name=\"email\" type=\"email\" autocomplete=\"off\" placeholder=\"Adres\u0103 de email\" required data-error=\"Email obligatoriu\" \/>\n\t<input name=\"intphone\" type=\"tel\" autocomplete=\"off\" placeholder=\"Telefon\" data-error=\"Numerele de telefon trebuie s\u0103 aib\u0103 \u00eentre 8 \u0219i 20 de cifre\" \/>\n\t<textarea name=\"comment\" rows=\"6\">Scrie-ne \u00eentreb\u0103rile tale<\/textarea>\n\t<div class=\"wpb--checkboxes-group\">\n\t\t<div class=\"wpb--custom-checkbox\">\n\t\t\t<input type=\"checkbox\" id=\"property_form-property_form-customCheck1\" name=\"privacy_policy\" required data-error=\"C\u00e2mp obligatoriu\" \/>\n\t\t\t<label for=\"property_form-property_form-customCheck1\">Accept  <a href=\"https:\/\/www.koreestates.com\/privacy-policy\" target=\"_blank\">Politic\u0103 de confiden\u021bialitate<\/a><\/label>\n\t\t<\/div>\n\t\t<div class=\"wpb--custom-checkbox\">\n\t\t\t<input type=\"checkbox\" id=\"property_form-property_form-customCheck2\" name=\"commercial_information\" \/>\n\t\t\t<label for=\"property_form-property_form-customCheck2\">Sunt de acord s\u0103 primesc informa\u021bii prin email<\/label>\n\t\t<\/div>\n\t<\/div>\n\t<button data-ids=\"property_form\" data-lang=\"\" class=\"btn wpb--formbutton g-recaptcha\" type=\"submit\"><span id=\"text-send\">Trimite<\/span> <span id=\"spinner-send\"><\/span><\/button>\n<\/form>\n\t<script src=\"https:\/\/www.google.com\/recaptcha\/api.js?render=6Lcu70ApAAAAALSclGERBvdFXlfg15po4zMqthx0&hl=\"><\/script>\n\t<link rel=\"stylesheet\" href=\"https:\/\/cdn.jsdelivr.net\/npm\/intl-tel-input@23.0.10\/build\/css\/intlTelInput.css\">\n\t<script src=\"https:\/\/cdn.jsdelivr.net\/npm\/intl-tel-input@23.0.10\/build\/js\/intlTelInput.min.js\"><\/script>\n\t<script>\n\t\tconst input = document.querySelectorAll(\"[name=intphone]\");\n\t\tif (input.length) {\n\t\t\tconst currentLang = document.querySelector(\"html\").getAttribute(\"lang\").split(\"-\")[0];\n            const conversions = {\n                \"en\": \"gb\",\n                \"es\": \"es\",\n                \"fr\": \"fr\",\n                \"de\": \"de\"\n            };\n\t\t\tinput.forEach(function(item) {\n\t\t\t\twindow.intlTelInput(item, {\n\t\t\t\t\tutilsScript: \"https:\/\/cdn.jsdelivr.net\/npm\/intl-tel-input@23.0.10\/build\/js\/utils.js\",\n\t\t\t\t\tinitialCountry: \"auto\",\n\t\t\t\t\tcountryOrder: [\"gb\", \"se\", \"es\", \"fr\", \"de\"],\n\t\t\t\t\thiddenInput: () => ({ phone: \"phone\", country: \"country_code\" }),\n\t\t\t\t\tnationalMode: false,\n\t\t\t\t\tautoHideDialCode: false,\n\t\t\t\t\texcludeCountries: [\"none\"],\n\t\t\t\t\tseparateDialCode: true,\n\t\t\t\t\tgeoIpLookup: callback => {\n\t\t\t\t\t\tfetch(\"https:\/\/ipapi.co\/json\")\n\t\t\t\t\t\t.then(res => res.json())\n\t\t\t\t\t\t.then(data => callback(data.country_code))\n\t\t\t\t\t\t.catch(() => callback(conversions[currentLang]));\n\t\t\t\t\t},\n\t\t\t\t})\n\t\t\t});\n\t\t}\n\t<\/script>\n\n<\/div>\n<\/div>\n<\/section>\n","protected":false},"excerpt":{"rendered":"<p>&#8222;La Kore Interior Design, designul interior excep\u021bional dep\u0103\u0219e\u0219te estetica \u2013 este vorba despre crearea de spa\u021bii care reflect\u0103 stilul \u0219i personalitatea ta, \u00eembun\u0103t\u0103\u021besc func\u021bionalitatea \u0219i sporesc calitatea vie\u021bii de zi cu zi&#8221; Design Interior Kore&nbsp; La Kore Interior Design, designul interior excep\u021bional dep\u0103\u0219e\u0219te estetica \u2013 este vorba despre crearea de spa\u021bii care reflect\u0103 identitatea, \u00eembun\u0103t\u0103\u021besc [&hellip;]<\/p>\n","protected":false},"author":1,"featured_media":2511,"parent":0,"menu_order":0,"comment_status":"closed","ping_status":"closed","template":"","meta":{"_acf_changed":false,"footnotes":""},"class_list":["post-2509","page","type-page","status-publish","has-post-thumbnail","hentry"],"acf":[],"_links":{"self":[{"href":"https:\/\/www.koreestates.com\/ro\/wp-json\/wp\/v2\/pages\/2509","targetHints":{"allow":["GET"]}}],"collection":[{"href":"https:\/\/www.koreestates.com\/ro\/wp-json\/wp\/v2\/pages"}],"about":[{"href":"https:\/\/www.koreestates.com\/ro\/wp-json\/wp\/v2\/types\/page"}],"author":[{"embeddable":true,"href":"https:\/\/www.koreestates.com\/ro\/wp-json\/wp\/v2\/users\/1"}],"replies":[{"embeddable":true,"href":"https:\/\/www.koreestates.com\/ro\/wp-json\/wp\/v2\/comments?post=2509"}],"version-history":[{"count":1,"href":"https:\/\/www.koreestates.com\/ro\/wp-json\/wp\/v2\/pages\/2509\/revisions"}],"predecessor-version":[{"id":2747,"href":"https:\/\/www.koreestates.com\/ro\/wp-json\/wp\/v2\/pages\/2509\/revisions\/2747"}],"wp:featuredmedia":[{"embeddable":true,"href":"https:\/\/www.koreestates.com\/ro\/wp-json\/wp\/v2\/media\/2511"}],"wp:attachment":[{"href":"https:\/\/www.koreestates.com\/ro\/wp-json\/wp\/v2\/media?parent=2509"}],"curies":[{"name":"wp","href":"https:\/\/api.w.org\/{rel}","templated":true}]}}