{"id":2495,"date":"2024-09-16T07:57:39","date_gmt":"2024-09-16T05:57:39","guid":{"rendered":"https:\/\/www.koreestates.com\/contact"},"modified":"2025-11-07T09:48:53","modified_gmt":"2025-11-07T08:48:53","slug":"contact","status":"publish","type":"page","link":"https:\/\/www.koreestates.com\/ro\/contact","title":{"rendered":"Contact"},"content":{"rendered":"\n<section class=\"wp-block-group alignfull jaleo-heroform is-layout-flow wp-block-group-is-layout-flow\" style=\"margin-top:var(--wp--preset--spacing--40);margin-bottom:var(--wp--preset--spacing--40);padding-right:0;padding-left:0\">\n<div class=\"wp-block-columns alignwide are-vertically-aligned-center is-layout-flex wp-container-core-columns-is-layout-28f84493 wp-block-columns-is-layout-flex\">\n<div class=\"wp-block-column is-vertically-aligned-center has-global-padding is-layout-constrained wp-block-column-is-layout-constrained\" style=\"flex-basis:50%\">\n<figure class=\"wp-block-image size-large is-style-default wp-duotone-unset-1\"><img loading=\"lazy\" decoding=\"async\" width=\"1920\" height=\"2880\" src=\"https:\/\/www.koreestates.com\/wp-content\/uploads\/2024\/11\/kore-estates-web-1-1920x2880.webp\" alt=\"\" class=\"wp-image-931\" style=\"aspect-ratio:1;object-fit:cover\" srcset=\"https:\/\/www.koreestates.com\/wp-content\/uploads\/2024\/11\/kore-estates-web-1-1920x2880.webp 1920w, https:\/\/www.koreestates.com\/wp-content\/uploads\/2024\/11\/kore-estates-web-1-1024x1536.webp 1024w, https:\/\/www.koreestates.com\/wp-content\/uploads\/2024\/11\/kore-estates-web-1-768x1152.webp 768w, https:\/\/www.koreestates.com\/wp-content\/uploads\/2024\/11\/kore-estates-web-1-50x75.webp 50w, https:\/\/www.koreestates.com\/wp-content\/uploads\/2024\/11\/kore-estates-web-1-1600x2400.webp 1600w, https:\/\/www.koreestates.com\/wp-content\/uploads\/2024\/11\/kore-estates-web-1-1365x2048.webp 1365w, https:\/\/www.koreestates.com\/wp-content\/uploads\/2024\/11\/kore-estates-web-1-scaled.webp 1707w\" sizes=\"auto, (max-width: 1920px) 100vw, 1920px\" \/><\/figure>\n<\/div>\n\n\n\n<div class=\"wp-block-column is-vertically-aligned-center has-global-padding is-layout-constrained wp-block-column-is-layout-constrained\" style=\"flex-basis:50%\">\n<h1 class=\"wp-block-heading has-xxx-large-font-size\">Contacteaz\u0103-ne<\/h1>\n\n\n\n<p>Vrei s\u0103 cumperi o cas\u0103 nou\u0103, s\u0103 explorezi op\u021biuni off-plan sau ai nevoie de \u00eendrumare \u00een orice problem\u0103 imobiliar\u0103? Suntem aici s\u0103 te sprijinim. <br><br>Ne po\u021bi contacta telefonic la <strong><a href=\"tel:+34851817060\">+34 851 817 060<\/a><\/strong> s\u0103 ne trimi\u021bi un mesaj pe <a href=\"https:\/\/wa.me\/34674052968\" target=\"_blank\" rel=\"noopener\"><strong>WhatsApp<\/strong><\/a>, pur \u0219i simplu, s\u0103 completezi formularul de mai jos pentru a discuta nevoile tale \u0219i a explora toate posibilit\u0103\u021bile!<\/p>\n\n\n\n<div class=\"wp-block-group is-content-justification-left is-layout-flex wp-container-core-group-is-layout-ecdd832d wp-block-group-is-layout-flex\" style=\"margin-top:var(--wp--preset--spacing--30);margin-bottom:var(--wp--preset--spacing--30);padding-right:0;padding-left:0\">\n<p class=\"jaleo-icon-email\"><strong><a href=\"mailto:info@koreestates.com\">info@koreestates.com<\/a><\/strong>\n\t\t\t\t<\/p>\n\n\n\n<p class=\"jaleo-icon-phone\"><strong><a href=\"tel:+34851817060\">+34 851 817 060<\/a><\/strong><\/p>\n<\/div>\n\n\n<form id=\"property_form\" class=\"wpb--property-form\" action=\"localhost\" method=\"POST\" data-contact=\"property_form\" data-lead-sent-ok=\"Mesajul dvs. a fost trimis.\" data-sitekey=\"6Lcu70ApAAAAALSclGERBvdFXlfg15po4zMqthx0\">\n\t<input type=\"hidden\" name=\"subject\" value=\"Contact de la Proprietate \/ro\/wp-json\/wp\/v2\/pages\/2495\" \/>\n\t<input type=\"hidden\" name=\"g-recaptcha-response\" value=\"\" \/>\n\t<input type=\"hidden\" name=\"source\" value=\"https:\/\/www.koreestates.com\/ro\/wp-json\/wp\/v2\/pages\/2495\" \/>\n\t<input name=\"success\" type=\"hidden\" value=\"\/success\" \/>\n\n\t\t\n\t<input name=\"name\" type=\"text\" autocomplete=\"off\" placeholder=\"Nume complet\" required data-error=\"Numele complet este obligatoriu\" \/>\n\t<input name=\"email\" type=\"email\" autocomplete=\"off\" placeholder=\"Adres\u0103 de email\" required data-error=\"Email obligatoriu\" \/>\n\t<input name=\"intphone\" type=\"tel\" autocomplete=\"off\" placeholder=\"Telefon\" data-error=\"Numerele de telefon trebuie s\u0103 aib\u0103 \u00eentre 8 \u0219i 20 de cifre\" \/>\n\t<textarea name=\"comment\" rows=\"6\">Scrie\u021bi \u00eentreb\u0103rile dumneavoastr\u0103<\/textarea>\n\t<div class=\"wpb--checkboxes-group\">\n\t\t<div class=\"wpb--custom-checkbox\">\n\t\t\t<input type=\"checkbox\" id=\"property_form-property_form-customCheck1\" name=\"privacy_policy\" required data-error=\"C\u00e2mp obligatoriu\" \/>\n\t\t\t<label for=\"property_form-property_form-customCheck1\">Accept  <a href=\"https:\/\/www.koreestates.com\/privacy-policy\" target=\"_blank\">Politic\u0103 de confiden\u021bialitate<\/a><\/label>\n\t\t<\/div>\n\t\t<div class=\"wpb--custom-checkbox\">\n\t\t\t<input type=\"checkbox\" id=\"property_form-property_form-customCheck2\" name=\"commercial_information\" \/>\n\t\t\t<label for=\"property_form-property_form-customCheck2\">Sunt de acord s\u0103 primesc informa\u021bii prin email<\/label>\n\t\t<\/div>\n\t<\/div>\n\t<button data-ids=\"property_form\" data-lang=\"\" class=\"btn wpb--formbutton g-recaptcha\" type=\"submit\"><span id=\"text-send\">Trimite<\/span> <span id=\"spinner-send\"><\/span><\/button>\n<\/form>\n\t<script src=\"https:\/\/www.google.com\/recaptcha\/api.js?render=6Lcu70ApAAAAALSclGERBvdFXlfg15po4zMqthx0&hl=\"><\/script>\n\t<link rel=\"stylesheet\" href=\"https:\/\/cdn.jsdelivr.net\/npm\/intl-tel-input@23.0.10\/build\/css\/intlTelInput.css\">\n\t<script src=\"https:\/\/cdn.jsdelivr.net\/npm\/intl-tel-input@23.0.10\/build\/js\/intlTelInput.min.js\"><\/script>\n\t<script>\n\t\tconst input = document.querySelectorAll(\"[name=intphone]\");\n\t\tif (input.length) {\n\t\t\tconst currentLang = document.querySelector(\"html\").getAttribute(\"lang\").split(\"-\")[0];\n            const conversions = {\n                \"en\": \"gb\",\n                \"es\": \"es\",\n                \"fr\": \"fr\",\n                \"de\": \"de\"\n            };\n\t\t\tinput.forEach(function(item) {\n\t\t\t\twindow.intlTelInput(item, {\n\t\t\t\t\tutilsScript: \"https:\/\/cdn.jsdelivr.net\/npm\/intl-tel-input@23.0.10\/build\/js\/utils.js\",\n\t\t\t\t\tinitialCountry: \"auto\",\n\t\t\t\t\tcountryOrder: [\"gb\", \"se\", \"es\", \"fr\", \"de\"],\n\t\t\t\t\thiddenInput: () => ({ phone: \"phone\", country: \"country_code\" }),\n\t\t\t\t\tnationalMode: false,\n\t\t\t\t\tautoHideDialCode: false,\n\t\t\t\t\texcludeCountries: [\"none\"],\n\t\t\t\t\tseparateDialCode: true,\n\t\t\t\t\tgeoIpLookup: callback => {\n\t\t\t\t\t\tfetch(\"https:\/\/ipapi.co\/json\")\n\t\t\t\t\t\t.then(res => res.json())\n\t\t\t\t\t\t.then(data => callback(data.country_code))\n\t\t\t\t\t\t.catch(() => callback(conversions[currentLang]));\n\t\t\t\t\t},\n\t\t\t\t})\n\t\t\t});\n\t\t}\n\t<\/script>\n\n<\/div>\n<\/div>\n<\/section>\n\n\n\n<section class=\"wp-block-group jaleo-favourites-wrapper is-layout-flow wp-block-group-is-layout-flow\" style=\"margin-top:var(--wp--preset--spacing--50);padding-right:var(--wp--preset--spacing--20);padding-left:var(--wp--preset--spacing--20)\">\n<h2 class=\"wp-block-heading jaleo-favourites-title\">Favoritele dumneavoastr\u0103<\/h2>\n\n\n\n<p class=\"jaleo-no-favourites\">Nu exist\u0103 propriet\u0103\u021bi ad\u0103ugate la lista de favorite.<\/p>\n\n\n<div class=\"wpb--card-container jaleo-favourites-container\" data-favourites-container=\"favourites\" data-language=\"ro\"><\/div>\n\n\n\n<div class=\"wp-block-buttons is-content-justification-center is-layout-flex wp-container-core-buttons-is-layout-e511ce0b wp-block-buttons-is-layout-flex\" style=\"margin-top:var(--wp--preset--spacing--30);margin-bottom:var(--wp--preset--spacing--30)\">\n<div class=\"wp-block-button is-style-outline is-style-outline--2\" id=\"reset\"><a class=\"wp-block-button__link wp-element-button\">reseteaz\u0103 favoritele<\/a><\/div>\n<\/div>\n<\/section>\n\n\n\n<section class=\"wp-block-group jaleo-social-links has-white-background-color has-background has-global-padding is-layout-constrained wp-container-core-group-is-layout-f750b8a9 wp-block-group-is-layout-constrained\" style=\"padding-top:2.9rem;padding-right:0;padding-bottom:2.9rem;padding-left:0\">\n<h3 class=\"wp-block-heading has-text-align-center jaleo-mx-auto has-x-large-font-size\">Conexiunile noastre sociale<\/h3>\n\n\n\n<p class=\"has-text-align-center jaleo-mx-auto\">Contacteaz\u0103-ne<\/p>\n\n\n\n<div style=\"height:20px\" aria-hidden=\"true\" class=\"wp-block-spacer\"><\/div>\n\n\n\n<div class=\"wp-block-buttons is-content-justification-center is-layout-flex wp-container-core-buttons-is-layout-662a369f wp-block-buttons-is-layout-flex\" style=\"margin-top:var(--wp--preset--spacing--20);margin-bottom:var(--wp--preset--spacing--20)\">\n<div class=\"wp-block-button has-custom-width wp-block-button__width-25\"><a class=\"wp-block-button__link wp-element-button\" href=\"https:\/\/www.youtube.com\/@koreestates\" target=\"_blank\" rel=\"noreferrer noopener\">Urm\u0103re\u0219te ultimele noastre videoclipuri<\/a><\/div>\n\n\n\n<div class=\"wp-block-button has-custom-width wp-block-button__width-25\"><a class=\"wp-block-button__link wp-element-button\" href=\"https:\/\/www.instagram.com\/kore.estates\/\" target=\"_blank\" rel=\"noreferrer noopener\">G\u0103se\u0219te-ne pe Instagram<\/a><\/div>\n\n\n\n<div class=\"wp-block-button has-custom-width wp-block-button__width-25\"><a class=\"wp-block-button__link wp-element-button\" href=\"https:\/\/www.facebook.com\/koreestatesmarbella\/\" target=\"_blank\" rel=\"noreferrer noopener\">Urm\u0103re\u0219te-ne pe Facebook<\/a><\/div>\n\n\n\n<div class=\"wp-block-button has-custom-width wp-block-button__width-25 is-style-fill\"><a class=\"wp-block-button__link wp-element-button\" href=\"tel:+34851817060\">Sun\u0103-ne<\/a><\/div>\n<\/div>\n<\/section>\n\n\n\n<section class=\"wp-block-group jaleo-map-component is-layout-flow wp-block-group-is-layout-flow\" style=\"padding-right:0;padding-left:0\">\n<h2 class=\"wp-block-heading has-text-align-center jaleo-mx-auto\" style=\"margin-bottom:0;padding-bottom:var(--wp--preset--spacing--20)\">Descoper\u0103 Kore Estates<\/h2>\n\n\n\t\t<div\n            id=\"wpmapblock_8ba2a625\"\n            data-settings='{&quot;map_marker&quot;:[{&quot;id&quot;:&quot;0&quot;,&quot;lat&quot;:&quot;36.496562016824&quot;,&quot;lng&quot;:&quot;-4.9522858858109&quot;,&quot;title&quot;:&quot;Kore Estates&quot;,&quot;content&quot;:&quot;Ob\\u021bine\\u021bi indica\\u021bii&quot;,&quot;iconType&quot;:&quot;custom&quot;,&quot;customIconUrl&quot;:&quot;https:\\\/\\\/www.koreestates.com\\\/wp-content\\\/uploads\\\/2024\\\/09\\\/logo.png&quot;,&quot;customIconWidth&quot;:&quot;100&quot;,&quot;customIconHeight&quot;:&quot;120&quot;}],&quot;map_zoom&quot;:&quot;16&quot;,&quot;scroll_wheel_zoom&quot;:false,&quot;map_type&quot;:&quot;GM&quot;,&quot;center_index&quot;:0}'\n            class=\"wpmapblockrender\"\n            style=\"\n\t\t\twidth: 100%;\n\t\t\theight: 500px;\n\t\t\"\n            >\n        <\/div>\n        <\/section>\n","protected":false},"excerpt":{"rendered":"<p>Contacteaz\u0103-ne Vrei s\u0103 cumperi o cas\u0103 nou\u0103, s\u0103 explorezi op\u021biuni off-plan sau ai nevoie de \u00eendrumare \u00een orice problem\u0103 imobiliar\u0103? Suntem aici s\u0103 te sprijinim. Ne po\u021bi contacta telefonic la +34 851 817 060 s\u0103 ne trimi\u021bi un mesaj pe WhatsApp, pur \u0219i simplu, s\u0103 completezi formularul de mai jos pentru a discuta nevoile tale [&hellip;]<\/p>\n","protected":false},"author":1,"featured_media":2496,"parent":0,"menu_order":0,"comment_status":"closed","ping_status":"closed","template":"","meta":{"_acf_changed":false,"footnotes":""},"class_list":["post-2495","page","type-page","status-publish","has-post-thumbnail","hentry"],"acf":[],"_links":{"self":[{"href":"https:\/\/www.koreestates.com\/ro\/wp-json\/wp\/v2\/pages\/2495","targetHints":{"allow":["GET"]}}],"collection":[{"href":"https:\/\/www.koreestates.com\/ro\/wp-json\/wp\/v2\/pages"}],"about":[{"href":"https:\/\/www.koreestates.com\/ro\/wp-json\/wp\/v2\/types\/page"}],"author":[{"embeddable":true,"href":"https:\/\/www.koreestates.com\/ro\/wp-json\/wp\/v2\/users\/1"}],"replies":[{"embeddable":true,"href":"https:\/\/www.koreestates.com\/ro\/wp-json\/wp\/v2\/comments?post=2495"}],"version-history":[{"count":1,"href":"https:\/\/www.koreestates.com\/ro\/wp-json\/wp\/v2\/pages\/2495\/revisions"}],"predecessor-version":[{"id":2685,"href":"https:\/\/www.koreestates.com\/ro\/wp-json\/wp\/v2\/pages\/2495\/revisions\/2685"}],"wp:featuredmedia":[{"embeddable":true,"href":"https:\/\/www.koreestates.com\/ro\/wp-json\/wp\/v2\/media\/2496"}],"wp:attachment":[{"href":"https:\/\/www.koreestates.com\/ro\/wp-json\/wp\/v2\/media?parent=2495"}],"curies":[{"name":"wp","href":"https:\/\/api.w.org\/{rel}","templated":true}]}}