{"id":2473,"date":"2024-11-28T20:32:56","date_gmt":"2024-11-28T19:32:56","guid":{"rendered":"https:\/\/www.koreestates.com\/real-estate-guides"},"modified":"2025-11-07T09:33:56","modified_gmt":"2025-11-07T08:33:56","slug":"real-estate-guides","status":"publish","type":"page","link":"https:\/\/www.koreestates.com\/ro\/real-estate-guides","title":{"rendered":"Kore Estate Guides"},"content":{"rendered":"\n<div class=\"wp-block-group jaleo--container-100-center has-global-padding is-layout-constrained wp-block-group-is-layout-constrained\" style=\"margin-bottom:var(--wp--preset--spacing--30)\">\n<h1 class=\"wp-block-heading\">Ghiduri Imobiliare<\/h1>\n\n\n\n<p class=\"has-text-align-left\">Navigheaz\u0103 cu \u00eencredere \u00een lumea imobiliar\u0103. Ghidurile noastre acoper\u0103 tot ce trebuie s\u0103 \u0219tii despre cump\u0103rare, v\u00e2nzare, taxe \u0219i multe altele \u00een Marbella \u0219i \u00eemprejurimi. Fie c\u0103 investe\u0219ti, te relochezi sau pur \u0219i simplu explorezi, las\u0103 expertiza noastr\u0103 s\u0103 te ajute s\u0103 iei decizii informate.<\/p>\n<\/div>\n\n\n\n<section class=\"wp-block-group jaleo-guides-wrapper has-global-padding is-layout-constrained wp-block-group-is-layout-constrained\" style=\"margin-bottom:var(--wp--preset--spacing--50)\">\n<div class=\"wp-block-group jaleo-guides-container has-global-padding is-layout-constrained wp-container-core-group-is-layout-c06d165c wp-block-group-is-layout-constrained\" style=\"padding-top:0;padding-right:0;padding-bottom:0;padding-left:0\">\n<div class=\"wp-block-media-text is-stacked-on-mobile jaleo-guides-card\" style=\"grid-template-columns:20% auto\"><figure class=\"wp-block-media-text__media\"><img loading=\"lazy\" decoding=\"async\" width=\"1920\" height=\"1280\" src=\"https:\/\/www.koreestates.com\/wp-content\/uploads\/2024\/11\/sellers-guide-1920x1280.webp\" alt=\"\" class=\"wp-image-1299 size-thumbnail\" srcset=\"https:\/\/www.koreestates.com\/wp-content\/uploads\/2024\/11\/sellers-guide-1920x1280.webp 1920w, https:\/\/www.koreestates.com\/wp-content\/uploads\/2024\/11\/sellers-guide-1024x683.webp 1024w, https:\/\/www.koreestates.com\/wp-content\/uploads\/2024\/11\/sellers-guide-768x512.webp 768w, https:\/\/www.koreestates.com\/wp-content\/uploads\/2024\/11\/sellers-guide-50x33.webp 50w, https:\/\/www.koreestates.com\/wp-content\/uploads\/2024\/11\/sellers-guide-1600x1067.webp 1600w, https:\/\/www.koreestates.com\/wp-content\/uploads\/2024\/11\/sellers-guide-1536x1024.webp 1536w, https:\/\/www.koreestates.com\/wp-content\/uploads\/2024\/11\/sellers-guide-2048x1365.webp 2048w\" sizes=\"auto, (max-width: 1920px) 100vw, 1920px\" \/><\/figure><div class=\"wp-block-media-text__content\">\n<h3 class=\"wp-block-heading\"><a href=\"https:\/\/www.koreestates.com\/ro\/2576-a-guide-to-selling-property-on-the-costa-del-sol\">Ghidul\n\t\t\t\t\t\tv\u00e2nz\u0103torului<\/a><\/h3>\n\n\n\n<p>Ghid pentru v\u00e2nz\u0103tor<\/p>\n<\/div><\/div>\n\n\n\n<div class=\"wp-block-media-text jaleo-guides-card\" style=\"grid-template-columns:20% auto\"><figure class=\"wp-block-media-text__media\"><img loading=\"lazy\" decoding=\"async\" width=\"1920\" height=\"1365\" src=\"https:\/\/www.koreestates.com\/wp-content\/uploads\/2024\/11\/buying-property-guide-1920x1365.webp\" alt=\"\" class=\"wp-image-1303 size-thumbnail\" srcset=\"https:\/\/www.koreestates.com\/wp-content\/uploads\/2024\/11\/buying-property-guide-1920x1365.webp 1920w, https:\/\/www.koreestates.com\/wp-content\/uploads\/2024\/11\/buying-property-guide-1024x728.webp 1024w, https:\/\/www.koreestates.com\/wp-content\/uploads\/2024\/11\/buying-property-guide-768x546.webp 768w, https:\/\/www.koreestates.com\/wp-content\/uploads\/2024\/11\/buying-property-guide-50x36.webp 50w, https:\/\/www.koreestates.com\/wp-content\/uploads\/2024\/11\/buying-property-guide-1600x1138.webp 1600w, https:\/\/www.koreestates.com\/wp-content\/uploads\/2024\/11\/buying-property-guide-1536x1092.webp 1536w, https:\/\/www.koreestates.com\/wp-content\/uploads\/2024\/11\/buying-property-guide-2048x1456.webp 2048w\" sizes=\"auto, (max-width: 1920px) 100vw, 1920px\" \/><\/figure><div class=\"wp-block-media-text__content\">\n<h3 class=\"wp-block-heading\"><a href=\"https:\/\/www.koreestates.com\/976-a-guide-to-buying-property-on-the-costa-del-sol\">Ghidul\n\t\t\t\t\t\tcump\u0103r\u0103torului<\/a><\/h3>\n\n\n\n<p>Procesul de cump\u0103rare a unei propriet\u0103\u021bi \u00een Spania<\/p>\n<\/div><\/div>\n\n\n\n<div class=\"wp-block-media-text jaleo-guides-card\" style=\"grid-template-columns:20% auto\"><figure class=\"wp-block-media-text__media\"><a href=\"https:\/\/www.koreestates.com\/1331-tax-guide-navigating-property-taxes-on-the-costa-del-sol-2\"><img loading=\"lazy\" decoding=\"async\" width=\"1920\" height=\"1281\" src=\"https:\/\/www.koreestates.com\/wp-content\/uploads\/2024\/11\/tax-guide-1920x1281.webp\" alt=\"\" class=\"wp-image-1305 size-thumbnail\" srcset=\"https:\/\/www.koreestates.com\/wp-content\/uploads\/2024\/11\/tax-guide-1920x1281.webp 1920w, https:\/\/www.koreestates.com\/wp-content\/uploads\/2024\/11\/tax-guide-1024x683.webp 1024w, https:\/\/www.koreestates.com\/wp-content\/uploads\/2024\/11\/tax-guide-768x512.webp 768w, https:\/\/www.koreestates.com\/wp-content\/uploads\/2024\/11\/tax-guide-50x33.webp 50w, https:\/\/www.koreestates.com\/wp-content\/uploads\/2024\/11\/tax-guide-1600x1067.webp 1600w, https:\/\/www.koreestates.com\/wp-content\/uploads\/2024\/11\/tax-guide-1536x1025.webp 1536w, https:\/\/www.koreestates.com\/wp-content\/uploads\/2024\/11\/tax-guide-2048x1366.webp 2048w\" sizes=\"auto, (max-width: 1920px) 100vw, 1920px\" \/><\/a><\/figure><div class=\"wp-block-media-text__content\">\n<h3 class=\"wp-block-heading\"><a href=\"https:\/\/www.koreestates.com\/1331-tax-guide-navigating-property-taxes-on-the-costa-del-sol-2\">Ghid\n\t\t\t\t\t\tde taxe<\/a><\/h3>\n\n\n\n<p>Totul despre taxele pe proprietate \u00een Spania<\/p>\n<\/div><\/div>\n<\/div>\n\n\n\n<div class=\"wp-block-group jaleo-guides-container has-global-padding is-layout-constrained wp-container-core-group-is-layout-11225b23 wp-block-group-is-layout-constrained\" style=\"margin-top:var(--wp--preset--spacing--30);margin-bottom:var(--wp--preset--spacing--30);padding-top:0;padding-right:0;padding-bottom:0;padding-left:0\">\n<div class=\"wp-block-media-text is-stacked-on-mobile jaleo-guides-card\" style=\"grid-template-columns:20% auto\"><figure class=\"wp-block-media-text__media\"><img loading=\"lazy\" decoding=\"async\" width=\"1920\" height=\"1493\" src=\"https:\/\/www.koreestates.com\/wp-content\/uploads\/2024\/12\/investmen-gyude-1920x1493.webp\" alt=\"\" class=\"wp-image-1312 size-thumbnail\" srcset=\"https:\/\/www.koreestates.com\/wp-content\/uploads\/2024\/12\/investmen-gyude-1920x1493.webp 1920w, https:\/\/www.koreestates.com\/wp-content\/uploads\/2024\/12\/investmen-gyude-1024x796.webp 1024w, https:\/\/www.koreestates.com\/wp-content\/uploads\/2024\/12\/investmen-gyude-768x597.webp 768w, https:\/\/www.koreestates.com\/wp-content\/uploads\/2024\/12\/investmen-gyude-50x39.webp 50w, https:\/\/www.koreestates.com\/wp-content\/uploads\/2024\/12\/investmen-gyude-1600x1244.webp 1600w, https:\/\/www.koreestates.com\/wp-content\/uploads\/2024\/12\/investmen-gyude-1536x1195.webp 1536w, https:\/\/www.koreestates.com\/wp-content\/uploads\/2024\/12\/investmen-gyude-2048x1593.webp 2048w\" sizes=\"auto, (max-width: 1920px) 100vw, 1920px\" \/><\/figure><div class=\"wp-block-media-text__content\">\n<h3 class=\"wp-block-heading\"><a href=\"https:\/\/www.koreestates.com\/952-investment-guide-navigating-property-investment-on-the-costa-del-sol\">GHID\n\t\t\t\t\t\tDE INVESTI\u021aII<\/a><\/h3>\n\n\n\n<p>Ghid pentru investi\u021bii \u00een Spania<\/p>\n<\/div><\/div>\n<\/div>\n<\/section>\n\n\n\n<div class=\"wp-block-group jaleo--container-100-center has-global-padding is-layout-constrained wp-block-group-is-layout-constrained\" style=\"margin-bottom:var(--wp--preset--spacing--30)\">\n<h1 class=\"wp-block-heading\">Ghiduri zonale Marbella<\/h1>\n\n\n\n<p class=\"has-text-align-left\">Descoper\u0103 loca\u021biile de top \u0219i stilurile de via\u021b\u0103 diverse pe care Marbella le ofer\u0103, de la refugii exclusive la comunit\u0103\u021bi vibrante, incluz\u00e2nd Marbella, Benahav\u00eds, Nueva Andaluc\u00eda, La Zagaleta \u0219i nu numai.<\/p>\n<\/div>\n\n\n\n<section class=\"wp-block-group jaleo-areaguides-wrapper is-layout-flow wp-block-group-is-layout-flow\" style=\"padding-right:var(--wp--preset--spacing--10);padding-left:var(--wp--preset--spacing--10)\">\n<div class=\"wp-block-query jaleo-areaguides-loop is-layout-flow wp-block-query-is-layout-flow\">\n\n<div class=\"wp-block-query-no-results\">\n\n<p><\/p>\n\n<\/div><\/div>\n<\/section>\n\n\n\n<section class=\"wp-block-group alignfull jaleo-heroform is-layout-flow wp-block-group-is-layout-flow\" style=\"margin-top:var(--wp--preset--spacing--40);margin-bottom:var(--wp--preset--spacing--40);padding-right:0;padding-left:0\">\n<div class=\"wp-block-columns alignwide are-vertically-aligned-center is-layout-flex wp-container-core-columns-is-layout-28f84493 wp-block-columns-is-layout-flex\">\n<div class=\"wp-block-column is-vertically-aligned-center has-global-padding is-layout-constrained wp-block-column-is-layout-constrained\" style=\"flex-basis:50%\">\n<figure class=\"wp-block-image size-large is-style-default wp-duotone-unset-1\"><img loading=\"lazy\" decoding=\"async\" width=\"1920\" height=\"1080\" src=\"https:\/\/www.koreestates.com\/wp-content\/uploads\/2024\/11\/beach-marbella-copy-1920x1080.webp\" alt=\"\" class=\"wp-image-979\" style=\"aspect-ratio:1;object-fit:cover\" srcset=\"https:\/\/www.koreestates.com\/wp-content\/uploads\/2024\/11\/beach-marbella-copy-1920x1080.webp 1920w, https:\/\/www.koreestates.com\/wp-content\/uploads\/2024\/11\/beach-marbella-copy-1024x576.webp 1024w, https:\/\/www.koreestates.com\/wp-content\/uploads\/2024\/11\/beach-marbella-copy-768x432.webp 768w, https:\/\/www.koreestates.com\/wp-content\/uploads\/2024\/11\/beach-marbella-copy-50x28.webp 50w, https:\/\/www.koreestates.com\/wp-content\/uploads\/2024\/11\/beach-marbella-copy-1600x900.webp 1600w, https:\/\/www.koreestates.com\/wp-content\/uploads\/2024\/11\/beach-marbella-copy-1536x864.webp 1536w, https:\/\/www.koreestates.com\/wp-content\/uploads\/2024\/11\/beach-marbella-copy-2048x1152.webp 2048w\" sizes=\"auto, (max-width: 1920px) 100vw, 1920px\" \/><\/figure>\n<\/div>\n\n\n\n<div class=\"wp-block-column is-vertically-aligned-center has-global-padding is-layout-constrained wp-block-column-is-layout-constrained\" style=\"flex-basis:50%\">\n<h1 class=\"wp-block-heading has-xxx-large-font-size\">Contacta\u021bi-ne<\/h1>\n\n\n\n<p>Completeaz\u0103 formularul de mai jos \u0219i te vom contacta \u00een cel mai scurt timp posibil. Abia a\u0219tept\u0103m s\u0103 primim ve\u0219ti de la tine! <strong>Kore Estates<\/strong><\/p>\n\n\n\n<div class=\"wp-block-group is-content-justification-left is-layout-flex wp-container-core-group-is-layout-ecdd832d wp-block-group-is-layout-flex\" style=\"margin-top:var(--wp--preset--spacing--30);margin-bottom:var(--wp--preset--spacing--30);padding-right:0;padding-left:0\">\n<p class=\"jaleo-icon-email\"><strong><a href=\"mailto:info@koreestates.com\">info@koreestates.com<\/a><\/strong>\n\t\t\t\t<\/p>\n\n\n\n<p class=\"jaleo-icon-phone\"><strong><a href=\"tel:+34851817060\">+34 851 817 060<\/a><\/strong><\/p>\n<\/div>\n\n\n<form id=\"property_form\" class=\"wpb--property-form\" action=\"localhost\" method=\"POST\" data-contact=\"property_form\" data-lead-sent-ok=\"Mesajul dvs. a fost trimis.\" data-sitekey=\"6Lcu70ApAAAAALSclGERBvdFXlfg15po4zMqthx0\">\n\t<input type=\"hidden\" name=\"subject\" value=\"Contact de la Proprietate \/ro\/wp-json\/wp\/v2\/pages\/2473\" \/>\n\t<input type=\"hidden\" name=\"g-recaptcha-response\" value=\"\" \/>\n\t<input type=\"hidden\" name=\"source\" value=\"https:\/\/www.koreestates.com\/ro\/wp-json\/wp\/v2\/pages\/2473\" \/>\n\t<input name=\"success\" type=\"hidden\" value=\"\/success\" \/>\n\n\t\t\n\t<input name=\"name\" type=\"text\" autocomplete=\"off\" placeholder=\"Nume complet\" required data-error=\"Numele complet este obligatoriu\" \/>\n\t<input name=\"email\" type=\"email\" autocomplete=\"off\" placeholder=\"Adres\u0103 de email\" required data-error=\"Email obligatoriu\" \/>\n\t<input name=\"intphone\" type=\"tel\" autocomplete=\"off\" placeholder=\"Telefon\" data-error=\"Numerele de telefon trebuie s\u0103 aib\u0103 \u00eentre 8 \u0219i 20 de cifre\" \/>\n\t<textarea name=\"comment\" rows=\"6\">Scrie\u021bi \u00eentreb\u0103rile dumneavoastr\u0103<\/textarea>\n\t<div class=\"wpb--checkboxes-group\">\n\t\t<div class=\"wpb--custom-checkbox\">\n\t\t\t<input type=\"checkbox\" id=\"property_form-property_form-customCheck1\" name=\"privacy_policy\" required data-error=\"C\u00e2mp obligatoriu\" \/>\n\t\t\t<label for=\"property_form-property_form-customCheck1\">Accept  <a href=\"https:\/\/www.koreestates.com\/privacy-policy\" target=\"_blank\">Politic\u0103 de confiden\u021bialitate<\/a><\/label>\n\t\t<\/div>\n\t\t<div class=\"wpb--custom-checkbox\">\n\t\t\t<input type=\"checkbox\" id=\"property_form-property_form-customCheck2\" name=\"commercial_information\" \/>\n\t\t\t<label for=\"property_form-property_form-customCheck2\">Sunt de acord s\u0103 primesc informa\u021bii prin email<\/label>\n\t\t<\/div>\n\t<\/div>\n\t<button data-ids=\"property_form\" data-lang=\"\" class=\"btn wpb--formbutton g-recaptcha\" type=\"submit\"><span id=\"text-send\">Trimite<\/span> <span id=\"spinner-send\"><\/span><\/button>\n<\/form>\n\t<script src=\"https:\/\/www.google.com\/recaptcha\/api.js?render=6Lcu70ApAAAAALSclGERBvdFXlfg15po4zMqthx0&hl=\"><\/script>\n\t<link rel=\"stylesheet\" href=\"https:\/\/cdn.jsdelivr.net\/npm\/intl-tel-input@23.0.10\/build\/css\/intlTelInput.css\">\n\t<script src=\"https:\/\/cdn.jsdelivr.net\/npm\/intl-tel-input@23.0.10\/build\/js\/intlTelInput.min.js\"><\/script>\n\t<script>\n\t\tconst input = document.querySelectorAll(\"[name=intphone]\");\n\t\tif (input.length) {\n\t\t\tconst currentLang = document.querySelector(\"html\").getAttribute(\"lang\").split(\"-\")[0];\n            const conversions = {\n                \"en\": \"gb\",\n                \"es\": \"es\",\n                \"fr\": \"fr\",\n                \"de\": \"de\"\n            };\n\t\t\tinput.forEach(function(item) {\n\t\t\t\twindow.intlTelInput(item, {\n\t\t\t\t\tutilsScript: \"https:\/\/cdn.jsdelivr.net\/npm\/intl-tel-input@23.0.10\/build\/js\/utils.js\",\n\t\t\t\t\tinitialCountry: \"auto\",\n\t\t\t\t\tcountryOrder: [\"gb\", \"se\", \"es\", \"fr\", \"de\"],\n\t\t\t\t\thiddenInput: () => ({ phone: \"phone\", country: \"country_code\" }),\n\t\t\t\t\tnationalMode: false,\n\t\t\t\t\tautoHideDialCode: false,\n\t\t\t\t\texcludeCountries: [\"none\"],\n\t\t\t\t\tseparateDialCode: true,\n\t\t\t\t\tgeoIpLookup: callback => {\n\t\t\t\t\t\tfetch(\"https:\/\/ipapi.co\/json\")\n\t\t\t\t\t\t.then(res => res.json())\n\t\t\t\t\t\t.then(data => callback(data.country_code))\n\t\t\t\t\t\t.catch(() => callback(conversions[currentLang]));\n\t\t\t\t\t},\n\t\t\t\t})\n\t\t\t});\n\t\t}\n\t<\/script>\n\n<\/div>\n<\/div>\n<\/section>\n","protected":false},"excerpt":{"rendered":"<p>Ghiduri Imobiliare Navigheaz\u0103 cu \u00eencredere \u00een lumea imobiliar\u0103. Ghidurile noastre acoper\u0103 tot ce trebuie s\u0103 \u0219tii despre cump\u0103rare, v\u00e2nzare, taxe \u0219i multe altele \u00een Marbella \u0219i \u00eemprejurimi. Fie c\u0103 investe\u0219ti, te relochezi sau pur \u0219i simplu explorezi, las\u0103 expertiza noastr\u0103 s\u0103 te ajute s\u0103 iei decizii informate. Ghidul v\u00e2nz\u0103torului Ghid pentru v\u00e2nz\u0103tor Ghidul cump\u0103r\u0103torului Procesul [&hellip;]<\/p>\n","protected":false},"author":1,"featured_media":2475,"parent":0,"menu_order":0,"comment_status":"closed","ping_status":"closed","template":"","meta":{"_acf_changed":false,"footnotes":""},"class_list":["post-2473","page","type-page","status-publish","has-post-thumbnail","hentry"],"acf":[],"_links":{"self":[{"href":"https:\/\/www.koreestates.com\/ro\/wp-json\/wp\/v2\/pages\/2473","targetHints":{"allow":["GET"]}}],"collection":[{"href":"https:\/\/www.koreestates.com\/ro\/wp-json\/wp\/v2\/pages"}],"about":[{"href":"https:\/\/www.koreestates.com\/ro\/wp-json\/wp\/v2\/types\/page"}],"author":[{"embeddable":true,"href":"https:\/\/www.koreestates.com\/ro\/wp-json\/wp\/v2\/users\/1"}],"replies":[{"embeddable":true,"href":"https:\/\/www.koreestates.com\/ro\/wp-json\/wp\/v2\/comments?post=2473"}],"version-history":[{"count":1,"href":"https:\/\/www.koreestates.com\/ro\/wp-json\/wp\/v2\/pages\/2473\/revisions"}],"predecessor-version":[{"id":2680,"href":"https:\/\/www.koreestates.com\/ro\/wp-json\/wp\/v2\/pages\/2473\/revisions\/2680"}],"wp:featuredmedia":[{"embeddable":true,"href":"https:\/\/www.koreestates.com\/ro\/wp-json\/wp\/v2\/media\/2475"}],"wp:attachment":[{"href":"https:\/\/www.koreestates.com\/ro\/wp-json\/wp\/v2\/media?parent=2473"}],"curies":[{"name":"wp","href":"https:\/\/api.w.org\/{rel}","templated":true}]}}