{"id":1504,"date":"2024-09-20T19:31:38","date_gmt":"2024-09-20T17:31:38","guid":{"rendered":"https:\/\/www.koreestates.com\/kore-investments"},"modified":"2025-03-21T18:47:57","modified_gmt":"2025-03-21T17:47:57","slug":"kore-inversiones","status":"publish","type":"page","link":"https:\/\/www.koreestates.com\/es\/kore-inversiones","title":{"rendered":"Kore Inversiones"},"content":{"rendered":"\n<section class=\"wp-block-group alignfull jaleo-herobox-left has-accent-5-background-color has-background has-global-padding is-layout-constrained wp-container-core-group-is-layout-5c3d8866 wp-block-group-is-layout-constrained\" style=\"margin-top:var(--wp--preset--spacing--50);margin-bottom:var(--wp--preset--spacing--50);padding-top:0;padding-right:0;padding-bottom:0;padding-left:0\">\n<div class=\"wp-block-columns alignwide are-vertically-aligned-center is-layout-flex wp-container-core-columns-is-layout-e5e30b16 wp-block-columns-is-layout-flex\" style=\"padding-right:0;padding-left:0\">\n<div class=\"wp-block-column is-vertically-aligned-center is-layout-flow wp-block-column-is-layout-flow\" style=\"flex-basis:50%\">\n<figure class=\"wp-block-image size-full has-custom-border is-style-default wp-duotone-varpresetduotoneduotone-1-1\"><img loading=\"lazy\" decoding=\"async\" width=\"1024\" height=\"1536\" src=\"https:\/\/www.koreestates.com\/wp-content\/uploads\/2024\/11\/investmets-page.webp\" alt=\"\" class=\"wp-image-997\" style=\"border-radius:0px;aspect-ratio:1;object-fit:cover\" srcset=\"https:\/\/www.koreestates.com\/wp-content\/uploads\/2024\/11\/investmets-page.webp 1024w, https:\/\/www.koreestates.com\/wp-content\/uploads\/2024\/11\/investmets-page-768x1152.webp 768w, https:\/\/www.koreestates.com\/wp-content\/uploads\/2024\/11\/investmets-page-50x75.webp 50w\" sizes=\"auto, (max-width: 1024px) 100vw, 1024px\" \/><\/figure>\n<\/div>\n\n\n\n<div class=\"wp-block-column is-vertically-aligned-center is-layout-flow wp-block-column-is-layout-flow\" style=\"flex-basis:50%\">\n<h2 class=\"wp-block-heading jaleo-k-logo\">Inversiones: Su camino hacia el \u00e9xito estrat\u00e9gico en el sector inmobiliario<\/h2>\n\n\n\n<p><br>Como inversores, entendemos que la inversi\u00f3n inmobiliaria debe ser un proceso personalizado, tanto estrat\u00e9gico como gratificante. En Kore Investments, ofrecemos una experiencia de inversi\u00f3n optimizada para aquellos interesados en ingresar al mercado inmobiliario sin la carga de las tareas de gesti\u00f3n diarias. Ofrecemos oportunidades exclusivas para que los inversores financien proyectos de nueva construcci\u00f3n o renovaci\u00f3n, y nos encargamos de todo, desde la adquisici\u00f3n del inmueble hasta la venta final, garantizando un proceso fluido y rentable para su inversi\u00f3n inmobiliaria.<\/p>\n<\/div>\n<\/div>\n<\/section>\n\n\n\n<section id=\"whyinvest\" class=\"wp-block-group has-global-padding is-layout-constrained wp-block-group-is-layout-constrained\">\n<p>Durante mucho tiempo se ha constatado que la inversi\u00f3n inmobiliaria es un m\u00e9todo fiable para la acumulaci\u00f3n de riqueza. Sin embargo, las complejidades de la gesti\u00f3n de un proyecto de nueva construcci\u00f3n o renovaci\u00f3n a menudo pueden resultar abrumadoras para muchos. Desde la selecci\u00f3n del inmueble ideal hasta la supervisi\u00f3n de las tareas de construcci\u00f3n, este proceso exige experiencia, tiempo y una planificaci\u00f3n meticulosa. En Kore Investments, aliviamos este estr\u00e9s para nuestros inversores a trav\u00e9s de nuestro servicio de inversiones integral.<\/p>\n\n\n\n<p>Tanto si es un inversor experimentado que busca ampliar su cartera como si es un reci\u00e9n llegado entusiasmado por descubrir oportunidades inmobiliarias, Kore Investments ofrece una soluci\u00f3n integral que le permitir\u00e1 invertir con confianza, sabiendo que su inversi\u00f3n est\u00e1 gestionada por expertos de principio a fin.<\/p>\n\n\n\n<p>Los inversores se benefician no solo de rentabilidades atractivas provenientes de los intereses generados por su inversi\u00f3n, sino tambi\u00e9n de una parte de los beneficios en funci\u00f3n de sus aportaciones. Dependiendo del tama\u00f1o del proyecto, usted puede ser el \u00fanico inversor o formar parte de una oportunidad de inversi\u00f3n colectiva. En definitiva, no hay mejor inversi\u00f3n que el sector inmobiliario, especialmente en el din\u00e1mico y lucrativo mercado de Marbella.<\/p>\n\n\n\n<p>Estos son los pasos clave que tomamos para garantizar una experiencia de inversi\u00f3n fluida y gratificante durante todo el proceso:<\/p>\n\n\n\n<h3 class=\"wp-block-heading has-text-align-left\" style=\"margin-top:var(--wp--preset--spacing--30)\"><br>Paso 1: Defina sus objetivos y visi\u00f3n<\/h3>\n\n\n\n<p class=\"has-text-align-left\"><br>En Kore Investments, entendemos que la base de toda inversi\u00f3n exitosa radica en definir claramente sus objetivos y su visi\u00f3n personales. Durante nuestra consulta inicial, priorizamos entender su situaci\u00f3n financiera particular, sus preferencias de inversi\u00f3n y sus aspiraciones a largo plazo. Esta conversaci\u00f3n preliminar es vital para identificar las oportunidades que se alinean con sus objetivos, tanto si se inclina por proyectos de renovaci\u00f3n r\u00e1pida centrados en obtener ganancias inmediatas o por estrategias a m\u00e1s largo plazo.<\/p>\n\n\n\n<p>Sabemos que cada inversor tiene necesidades diferentes, desde estructuras de financiaci\u00f3n preferidas hasta plazos de inversi\u00f3n aceptables. Tanto si se centra en proyectos de renovaci\u00f3n \u00e1giles que prometen beneficios r\u00e1pidos como si busca una estrategia de inversi\u00f3n a largo plazo, evaluamos a fondo todas las opciones para conectarle con las oportunidades m\u00e1s adecuadas.<\/p>\n\n\n\n<p class=\"has-text-align-left\">Nos especializamos en identificar proyectos que se ajusten a sus objetivos financieros y su visi\u00f3n general. Una vez que comprendemos claramente sus objetivos, aprovechamos nuestra experiencia para presentarle proyectos prometedores y bien investigados adaptados a sus necesidades. En Kore Investments gestionamos cada faceta del proyecto, desde la adquisici\u00f3n hasta la renovaci\u00f3n y la venta final, transformando su visi\u00f3n en realidad.<\/p>\n\n\n\n<h3 class=\"wp-block-heading has-text-align-left\">Paso 2: Realizar un an\u00e1lisis de mercado<\/h3>\n\n\n\n<p class=\"has-text-align-left\">En Kore Investments, entendemos que seleccionar la oportunidad de inversi\u00f3n ideal requiere una visi\u00f3n integral del panorama del mercado. Ofrecemos a nuestros clientes acceso a una amplia gama de oportunidades en Marbella y la Costa del Sol. Tanto si est\u00e1 buscando un apartamento, una casa adosada o una villa, estamos preparados para navegar el mercado y descubrir oportunidades \u00fanicas que otros puedan pasar por alto. Nuestra amplia red y nuestro conocimiento actual del mercado nos permiten ofrecer un acceso exclusivo a propiedades que pueden no estar publicadas en abierto.<\/p>\n\n\n\n<p class=\"has-text-align-left\">Nuestra experiencia va m\u00e1s all\u00e1 de la mera identificaci\u00f3n de inmuebles que se alineen con su visi\u00f3n; destacamos en la identificaci\u00f3n de oportunidades ocultas, ya sea una vivienda que necesite reparaciones y est\u00e9 lista para una renovaci\u00f3n o una villa de lujo adecuada para estrategias de alquiler a largo plazo. Este conocimiento integral del mercado nos permite identificar opciones que se alineen perfectamente con sus objetivos de inversi\u00f3n.<\/p>\n\n\n\n<h3 class=\"wp-block-heading has-text-align-left\">Paso 3: Creaci\u00f3n de una estrategia de inversi\u00f3n personalizada<\/h3>\n\n\n\n<p class=\"has-text-align-left\">Una vez que hemos identificado la oportunidad adecuada, la siguiente fase esencial es desarrollar una estrategia de inversi\u00f3n personalizada que se ajuste a sus objetivos. En Kore Investments, elaboramos una hoja de ruta detallada que abarca todos los aspectos de su inversi\u00f3n, desde los costes iniciales y los plazos de las renovaciones hasta los rendimientos previstos. La transparencia y la comunicaci\u00f3n abierta son la piedra angular de nuestro enfoque, garantizando que se mantenga informado en cada etapa del proceso.<\/p>\n\n\n\n<p class=\"has-text-align-left\">Como inversores, reconocemos la importancia de compartir actualizaciones oportunas. Recibir\u00e1 informes de avance de forma constante, destacando los hitos clave y los ajustes necesarios. Nuestro objetivo es mantenerle bien informado mientras manejamos todos los detalles, lo que le permitir\u00e1 confiar en la capacidad de nuestro equipo para gestionar cada faceta del proyecto de manera eficaz.<\/p>\n\n\n\n<h3 class=\"wp-block-heading has-text-align-left\">Paso 4: Supervisi\u00f3n integral del proyecto<span style=\"caret-color: rgb(0, 0, 0); color: rgb(0, 0, 0); font-family: -webkit-standard; font-size: medium; letter-spacing: normal; white-space: normal;\"><\/span><\/h3>\n\n\n\n<p class=\"has-text-align-left\">Nuestro enfoque integral significa que manejamos cada detalle del proyecto, desde la adquisici\u00f3n de la propiedad hasta su venta final, supervisando todo el proceso con precisi\u00f3n y experiencia.<\/p>\n\n\n\n<p>Comenzamos estableciendo conceptos claros del proyecto basados \u200b\u200ben sus objetivos de inversi\u00f3n, asegur\u00e1ndonos de que cada paso se alinee con la visi\u00f3n que hemos creado juntos. Gestionamos todas las tareas legales y administrativas, sorteando las complejidades del papeleo y la normativa para que usted no tenga que preocuparse por ellas.<\/p>\n\n\n\n<p>La gesti\u00f3n y una programaci\u00f3n eficaces del presupuesto son fundamentales para asegurar el \u00e9xito de un proyecto de renovaci\u00f3n, y en Kore Investments hacemos hincapi\u00e9 en ambos aspectos. Supervisamos meticulosamente los gastos del proyecto, asegur\u00e1ndonos de que su presupuesto se utilice de manera eficiente. Nuestra experiencia a la hora de establecer plazos realistas y respetarlos minimiza los retrasos, manteniendo el proyecto en marcha desde el inicio hasta su finalizaci\u00f3n.<\/p>\n\n\n\n<p class=\"has-text-align-left\">Monitorizamos los avances diariamente para garantizar los est\u00e1ndares de calidad, abordar cualquier problema imprevisto y mantener una operativa sin problemas. Durante todo el proceso nos esforzamos no solo por cumplir, sino tambi\u00e9n por superar sus expectativas, asegurando el mayor retorno posible de su inversi\u00f3n.<\/p>\n\n\n\n<h3 class=\"wp-block-heading has-text-align-left\">Paso 5: Marketing estrat\u00e9gico y planificaci\u00f3n de ventas<span style=\"caret-color: rgb(0, 0, 0); color: rgb(0, 0, 0); font-family: -webkit-standard; font-size: medium; letter-spacing: normal; white-space: normal;\"><\/span><\/h3>\n\n\n\n<p class=\"has-text-align-left\">Nuestras estrategias de marketing y ventas est\u00e1n dise\u00f1adas espec\u00edficamente para alinearse con sus objetivos de inversi\u00f3n. Nos dedicamos a maximizar la exposici\u00f3n de su inmueble en el mercado y garantizar el \u00e9xito de la venta o alquiler.<\/p>\n\n\n\n<p class=\"has-text-align-left\">Al combinar estrategias de marketing efectivas con nuestra red consolidada, Kore Investments garantiza que su proyecto obtenga la atenci\u00f3n que merece y conduzca a un resultado exitoso y lucrativo.<\/p>\n<\/section>\n\n\n\n<div class=\"wp-block-group has-contrast-background-color has-background has-global-padding is-content-justification-center is-layout-constrained wp-container-core-group-is-layout-1d230584 wp-block-group-is-layout-constrained\" style=\"margin-top:var(--wp--preset--spacing--50);margin-bottom:var(--wp--preset--spacing--50);padding-top:var(--wp--preset--spacing--30);padding-right:var(--wp--preset--spacing--40);padding-bottom:var(--wp--preset--spacing--30);padding-left:var(--wp--preset--spacing--40)\">\n<figure class=\"wp-block-image aligncenter size-full is-resized wp-duotone-duotone-2\"><img decoding=\"async\" src=\"https:\/\/www.koreestates.com\/wp-content\/uploads\/2024\/11\/kore-logo.svg\" alt=\"\" class=\"wp-image-1066\" style=\"width:150px\"\/><\/figure>\n\n\n\n<h2 class=\"wp-block-heading has-text-align-center has-base-color has-text-color has-link-color wp-elements-ab430843d4b5c23b5f6ab73621b0299e\">Proceso de inversi\u00f3n<\/h2>\n\n\n\n<p class=\"has-text-align-center has-base-color has-text-color has-link-color wp-elements-dd779dc22ba8fec99afea2cc43bb4f93\">Nuestro proceso de inversi\u00f3n se basa en la claridad, la estrategia y los resultados. Cada etapa est\u00e1 dise\u00f1ada meticulosamente para alcanzar el \u00e9xito, garantizando que los objetivos se cumplan con precisi\u00f3n y que los resultados aporten el m\u00e1ximo valor.<\/p>\n\n\n\n<div class=\"wp-block-group alignwide has-global-padding is-layout-constrained wp-block-group-is-layout-constrained\" style=\"margin-top:var(--wp--preset--spacing--30);margin-bottom:var(--wp--preset--spacing--30)\">\n<figure class=\"wp-block-image alignwide size-large jaleo--visible-desktop wp-duotone-duotone-2\"><img loading=\"lazy\" decoding=\"async\" width=\"1920\" height=\"215\" src=\"https:\/\/www.koreestates.com\/wp-content\/uploads\/2025\/03\/inversion-desktop-es-1920x215.webp\" alt=\"Pasos de inversi\u00f3n\" class=\"wp-image-1996\" srcset=\"https:\/\/www.koreestates.com\/wp-content\/uploads\/2025\/03\/inversion-desktop-es-1920x215.webp 1920w, https:\/\/www.koreestates.com\/wp-content\/uploads\/2025\/03\/inversion-desktop-es-1024x115.webp 1024w, https:\/\/www.koreestates.com\/wp-content\/uploads\/2025\/03\/inversion-desktop-es-768x86.webp 768w, https:\/\/www.koreestates.com\/wp-content\/uploads\/2025\/03\/inversion-desktop-es-50x6.webp 50w, https:\/\/www.koreestates.com\/wp-content\/uploads\/2025\/03\/inversion-desktop-es-1600x179.webp 1600w, https:\/\/www.koreestates.com\/wp-content\/uploads\/2025\/03\/inversion-desktop-es-1536x172.webp 1536w, https:\/\/www.koreestates.com\/wp-content\/uploads\/2025\/03\/inversion-desktop-es-2048x230.webp 2048w\" sizes=\"auto, (max-width: 1920px) 100vw, 1920px\" \/><\/figure>\n\n\n\n<figure class=\"wp-block-image size-full jaleo--visible-mobile wp-duotone-duotone-2\"><img loading=\"lazy\" decoding=\"async\" width=\"1682\" height=\"1867\" src=\"https:\/\/www.koreestates.com\/wp-content\/uploads\/2025\/03\/inversion-movil.webp\" alt=\"\" class=\"wp-image-2002\" srcset=\"https:\/\/www.koreestates.com\/wp-content\/uploads\/2025\/03\/inversion-movil.webp 1682w, https:\/\/www.koreestates.com\/wp-content\/uploads\/2025\/03\/inversion-movil-1024x1137.webp 1024w, https:\/\/www.koreestates.com\/wp-content\/uploads\/2025\/03\/inversion-movil-768x852.webp 768w, https:\/\/www.koreestates.com\/wp-content\/uploads\/2025\/03\/inversion-movil-50x55.webp 50w, https:\/\/www.koreestates.com\/wp-content\/uploads\/2025\/03\/inversion-movil-1600x1776.webp 1600w, https:\/\/www.koreestates.com\/wp-content\/uploads\/2025\/03\/inversion-movil-1384x1536.webp 1384w\" sizes=\"auto, (max-width: 1682px) 100vw, 1682px\" \/><\/figure>\n<\/div>\n\n\n\n<div class=\"wp-block-buttons is-content-justification-center is-layout-flex wp-container-core-buttons-is-layout-a89b3969 wp-block-buttons-is-layout-flex\">\n<div class=\"wp-block-button is-style-outline is-style-outline--2\"><a class=\"wp-block-button__link wp-element-button\" href=\"https:\/\/www.koreestates.com\/es\/1939-guia-sobre-inversiones\">Descargue nuestra gu\u00eda de inversi\u00f3n en marbella<\/a><\/div>\n<\/div>\n<\/div>\n\n\n\n<section class=\"wp-block-group alignfull jaleo-herobox-group wide right is-layout-flow wp-block-group-is-layout-flow\" style=\"margin-top:var(--wp--preset--spacing--60);margin-bottom:var(--wp--preset--spacing--60)\">\n<div class=\"wp-block-columns alignwide are-vertically-aligned-center jaleo-herobox-columns has-contrast-background-color has-background is-layout-flex wp-container-core-columns-is-layout-2e289adc wp-block-columns-is-layout-flex\" style=\"padding-top:0;padding-right:0;padding-bottom:0;padding-left:0\">\n<div class=\"wp-block-column is-vertically-aligned-center jaleo-herobox-column is-layout-flow wp-block-column-is-layout-flow\" style=\"flex-basis:50%\">\n<figure class=\"wp-block-image size-large jaleo-herobox-image wp-duotone-unset-3\"><img loading=\"lazy\" decoding=\"async\" width=\"1920\" height=\"776\" src=\"https:\/\/www.koreestates.com\/wp-content\/uploads\/2024\/11\/Kore-Stock-1-copy-1920x776.webp\" alt=\"\" class=\"wp-image-933\" style=\"aspect-ratio:1;object-fit:cover\" srcset=\"https:\/\/www.koreestates.com\/wp-content\/uploads\/2024\/11\/Kore-Stock-1-copy-1920x776.webp 1920w, https:\/\/www.koreestates.com\/wp-content\/uploads\/2024\/11\/Kore-Stock-1-copy-1024x414.webp 1024w, https:\/\/www.koreestates.com\/wp-content\/uploads\/2024\/11\/Kore-Stock-1-copy-768x310.webp 768w, https:\/\/www.koreestates.com\/wp-content\/uploads\/2024\/11\/Kore-Stock-1-copy-50x20.webp 50w, https:\/\/www.koreestates.com\/wp-content\/uploads\/2024\/11\/Kore-Stock-1-copy-1600x646.webp 1600w, https:\/\/www.koreestates.com\/wp-content\/uploads\/2024\/11\/Kore-Stock-1-copy-1536x621.webp 1536w, https:\/\/www.koreestates.com\/wp-content\/uploads\/2024\/11\/Kore-Stock-1-copy.webp 2000w\" sizes=\"auto, (max-width: 1920px) 100vw, 1920px\" \/><\/figure>\n<\/div>\n\n\n\n<div class=\"wp-block-column is-vertically-aligned-center jaleo-herobox-content is-layout-flow wp-block-column-is-layout-flow\" style=\"padding-right:0;flex-basis:50%\">\n<div class=\"wp-block-group has-global-padding is-layout-constrained wp-container-core-group-is-layout-299a9126 wp-block-group-is-layout-constrained\" style=\"margin-top:0;margin-bottom:0;padding-top:var(--wp--preset--spacing--30);padding-right:var(--wp--preset--spacing--30);padding-bottom:var(--wp--preset--spacing--30);padding-left:var(--wp--preset--spacing--30)\">\n<h2 class=\"wp-block-heading has-base-color has-text-color has-link-color has-xxx-large-font-size wp-elements-77f3548fcf33c0a0a9237ff009dcc955\" style=\"margin-bottom:var(--wp--preset--spacing--40);text-transform:none\"><strong>Comience su viaje hacia una cartera de inversi\u00f3n rentable<\/strong><\/h2>\n\n\n\n<p class=\"has-base-color has-text-color has-link-color wp-elements-ab0d3530c7274e4e0393a51337eb1563\">\u00bfEst\u00e1 listo para explorar oportunidades inmobiliarias de alto potencial en el din\u00e1mico mercado de Marbella? Cont\u00e1ctenos hoy y construyamos juntos una cartera estrat\u00e9gica y rentable. Con K Investments, tendr\u00e1 un socio de confianza que le guiar\u00e1 en cada paso, asegur\u00e1ndose de que cada decisi\u00f3n se alinee con sus objetivos y le reporte el \u00e9xito financiero.<\/p>\n\n\n\n<div class=\"wp-block-buttons is-layout-flex wp-block-buttons-is-layout-flex\" style=\"margin-top:var(--wp--preset--spacing--40)\">\n<div class=\"wp-block-button has-custom-font-size is-style-outline has-ultrasmall-font-size is-style-outline--4\"><a class=\"wp-block-button__link wp-element-button\" href=\"https:\/\/www.koreestates.com\/es\/promociones\">Saber m\u00e1s<\/a><\/div>\n<\/div>\n<\/div>\n<\/div>\n<\/div>\n<\/section>\n\n\n\n<section class=\"wp-block-group alignfull jaleo-heroform is-layout-flow wp-block-group-is-layout-flow\" style=\"margin-top:var(--wp--preset--spacing--50);margin-bottom:var(--wp--preset--spacing--50);padding-right:0;padding-left:0\">\n<div class=\"wp-block-columns alignwide are-vertically-aligned-center is-layout-flex wp-container-core-columns-is-layout-28f84493 wp-block-columns-is-layout-flex\">\n<div class=\"wp-block-column is-vertically-aligned-center has-global-padding is-layout-constrained wp-block-column-is-layout-constrained\" style=\"flex-basis:50%\">\n<figure class=\"wp-block-image size-full is-style-default wp-duotone-unset-5\"><img loading=\"lazy\" decoding=\"async\" width=\"1024\" height=\"1536\" src=\"https:\/\/www.koreestates.com\/wp-content\/uploads\/2024\/11\/contact-kore.webp\" alt=\"\" class=\"wp-image-999\" style=\"aspect-ratio:1;object-fit:cover\" srcset=\"https:\/\/www.koreestates.com\/wp-content\/uploads\/2024\/11\/contact-kore.webp 1024w, https:\/\/www.koreestates.com\/wp-content\/uploads\/2024\/11\/contact-kore-768x1152.webp 768w, https:\/\/www.koreestates.com\/wp-content\/uploads\/2024\/11\/contact-kore-50x75.webp 50w\" sizes=\"auto, (max-width: 1024px) 100vw, 1024px\" \/><\/figure>\n<\/div>\n\n\n\n<div class=\"wp-block-column is-vertically-aligned-center has-global-padding is-layout-constrained wp-block-column-is-layout-constrained\" style=\"flex-basis:50%\">\n<h1 class=\"wp-block-heading has-xxx-large-font-size\"><strong><strong>D\u00e9 el primer paso hacia una inversi\u00f3n inmobiliaria<\/strong><\/strong><\/h1>\n\n\n\n<p>\u00bfEst\u00e1 listo para explorar oportunidades de inversi\u00f3n de alto potencial? Cont\u00e1ctenos hoy y d\u00e9jenos ayudarle a crear una cartera s\u00f3lida y rentable.<\/p>\n\n\n\n<div class=\"wp-block-group is-content-justification-left is-layout-flex wp-container-core-group-is-layout-ecdd832d wp-block-group-is-layout-flex\" style=\"margin-top:var(--wp--preset--spacing--30);margin-bottom:var(--wp--preset--spacing--30);padding-right:0;padding-left:0\">\n<p class=\"jaleo-icon-email\"><strong><a href=\"mailto:info@koreestates.com\">info@koreestates.com<\/a><\/strong><\/p>\n\n\n\n<p class=\"jaleo-icon-phone\"><strong><a href=\"tel:+34851817060\">+34 851 817 060<\/a><\/strong><\/p>\n<\/div>\n\n\n<form id=\"property_form\" class=\"wpb--property-form\" action=\"localhost\" method=\"POST\" data-contact=\"property_form\" data-lead-sent-ok=\"Su mensaje ha sido enviado.\" data-sitekey=\"6Lcu70ApAAAAALSclGERBvdFXlfg15po4zMqthx0\">\n\t<input type=\"hidden\" name=\"subject\" value=\"Contacto desde Propiedad \/es\/wp-json\/wp\/v2\/pages\/1504\" \/>\n\t<input type=\"hidden\" name=\"g-recaptcha-response\" value=\"\" \/>\n\t<input type=\"hidden\" name=\"source\" value=\"https:\/\/www.koreestates.com\/es\/wp-json\/wp\/v2\/pages\/1504\" \/>\n\t<input name=\"success\" type=\"hidden\" value=\"\/success\" \/>\n\n\t\t\n\t<input name=\"name\" type=\"text\" autocomplete=\"off\" placeholder=\"Nombre y apellidos\" required data-error=\"Nombre completo Obligatorio\" \/>\n\t<input name=\"email\" type=\"email\" autocomplete=\"off\" placeholder=\"Direcci\u00f3n de correo electr\u00f3nico\" required data-error=\"Correo electr\u00f3nico obligatorio\" \/>\n\t<input name=\"intphone\" type=\"tel\" autocomplete=\"off\" placeholder=\"Tel\u00e9fono\" data-error=\"Los n\u00fameros de tel\u00e9fono deben tener entre 8 y 20 d\u00edgitos\" \/>\n\t<textarea name=\"comment\" rows=\"6\">Comentarios<\/textarea>\n\t<div class=\"wpb--checkboxes-group\">\n\t\t<div class=\"wpb--custom-checkbox\">\n\t\t\t<input type=\"checkbox\" id=\"property_form-property_form-customCheck1\" name=\"privacy_policy\" required data-error=\"Campo obligatorio\" \/>\n\t\t\t<label for=\"property_form-property_form-customCheck1\">Acepto la <a href=\"https:\/\/www.koreestates.com\/privacy-policy\" target=\"_blank\">Pol\u00edtica de privacidad<\/a><\/label>\n\t\t<\/div>\n\t\t<div class=\"wpb--custom-checkbox\">\n\t\t\t<input type=\"checkbox\" id=\"property_form-property_form-customCheck2\" name=\"commercial_information\" \/>\n\t\t\t<label for=\"property_form-property_form-customCheck2\">Acepto recibir informaci\u00f3n por correo electr\u00f3nico<\/label>\n\t\t<\/div>\n\t<\/div>\n\t<button data-ids=\"property_form\" data-lang=\"\" class=\"btn wpb--formbutton g-recaptcha\" type=\"submit\"><span id=\"text-send\">Enviar<\/span> <span id=\"spinner-send\"><\/span><\/button>\n<\/form>\n\t<script src=\"https:\/\/www.google.com\/recaptcha\/api.js?render=6Lcu70ApAAAAALSclGERBvdFXlfg15po4zMqthx0&hl=\"><\/script>\n\t<link rel=\"stylesheet\" href=\"https:\/\/cdn.jsdelivr.net\/npm\/intl-tel-input@23.0.10\/build\/css\/intlTelInput.css\">\n\t<script src=\"https:\/\/cdn.jsdelivr.net\/npm\/intl-tel-input@23.0.10\/build\/js\/intlTelInput.min.js\"><\/script>\n\t<script>\n\t\tconst input = document.querySelectorAll(\"[name=intphone]\");\n\t\tif (input.length) {\n\t\t\tconst currentLang = document.querySelector(\"html\").getAttribute(\"lang\").split(\"-\")[0];\n            const conversions = {\n                \"en\": \"gb\",\n                \"es\": \"es\",\n                \"fr\": \"fr\",\n                \"de\": \"de\"\n            };\n\t\t\tinput.forEach(function(item) {\n\t\t\t\twindow.intlTelInput(item, {\n\t\t\t\t\tutilsScript: \"https:\/\/cdn.jsdelivr.net\/npm\/intl-tel-input@23.0.10\/build\/js\/utils.js\",\n\t\t\t\t\tinitialCountry: \"auto\",\n\t\t\t\t\tcountryOrder: [\"gb\", \"se\", \"es\", \"fr\", \"de\"],\n\t\t\t\t\thiddenInput: () => ({ phone: \"phone\", country: \"country_code\" }),\n\t\t\t\t\tnationalMode: false,\n\t\t\t\t\tautoHideDialCode: false,\n\t\t\t\t\texcludeCountries: [\"none\"],\n\t\t\t\t\tseparateDialCode: true,\n\t\t\t\t\tgeoIpLookup: callback => {\n\t\t\t\t\t\tfetch(\"https:\/\/ipapi.co\/json\")\n\t\t\t\t\t\t.then(res => res.json())\n\t\t\t\t\t\t.then(data => callback(data.country_code))\n\t\t\t\t\t\t.catch(() => callback(conversions[currentLang]));\n\t\t\t\t\t},\n\t\t\t\t})\n\t\t\t});\n\t\t}\n\t<\/script>\n\n<\/div>\n<\/div>\n<\/section>\n","protected":false},"excerpt":{"rendered":"<p>Inversiones: Su camino hacia el \u00e9xito estrat\u00e9gico en el sector inmobiliario Como inversores, entendemos que la inversi\u00f3n inmobiliaria debe ser un proceso personalizado, tanto estrat\u00e9gico como gratificante. En Kore Investments, ofrecemos una experiencia de inversi\u00f3n optimizada para aquellos interesados en ingresar al mercado inmobiliario sin la carga de las tareas de gesti\u00f3n diarias. Ofrecemos oportunidades [&hellip;]<\/p>\n","protected":false},"author":1,"featured_media":943,"parent":0,"menu_order":0,"comment_status":"closed","ping_status":"closed","template":"","meta":{"_acf_changed":false,"footnotes":""},"class_list":["post-1504","page","type-page","status-publish","has-post-thumbnail","hentry"],"acf":[],"_links":{"self":[{"href":"https:\/\/www.koreestates.com\/es\/wp-json\/wp\/v2\/pages\/1504","targetHints":{"allow":["GET"]}}],"collection":[{"href":"https:\/\/www.koreestates.com\/es\/wp-json\/wp\/v2\/pages"}],"about":[{"href":"https:\/\/www.koreestates.com\/es\/wp-json\/wp\/v2\/types\/page"}],"author":[{"embeddable":true,"href":"https:\/\/www.koreestates.com\/es\/wp-json\/wp\/v2\/users\/1"}],"replies":[{"embeddable":true,"href":"https:\/\/www.koreestates.com\/es\/wp-json\/wp\/v2\/comments?post=1504"}],"version-history":[{"count":1,"href":"https:\/\/www.koreestates.com\/es\/wp-json\/wp\/v2\/pages\/1504\/revisions"}],"predecessor-version":[{"id":2007,"href":"https:\/\/www.koreestates.com\/es\/wp-json\/wp\/v2\/pages\/1504\/revisions\/2007"}],"wp:featuredmedia":[{"embeddable":true,"href":"https:\/\/www.koreestates.com\/es\/wp-json\/wp\/v2\/media\/943"}],"wp:attachment":[{"href":"https:\/\/www.koreestates.com\/es\/wp-json\/wp\/v2\/media?parent=1504"}],"curies":[{"name":"wp","href":"https:\/\/api.w.org\/{rel}","templated":true}]}}