{"id":1496,"date":"2024-10-03T19:00:35","date_gmt":"2024-10-03T17:00:35","guid":{"rendered":"https:\/\/www.koreestates.com\/join-kore-team"},"modified":"2025-03-24T16:46:51","modified_gmt":"2025-03-24T15:46:51","slug":"trabajo-kore","status":"publish","type":"page","link":"https:\/\/www.koreestates.com\/es\/trabajo-kore","title":{"rendered":"Trabaje con Kore"},"content":{"rendered":"\n<section class=\"wp-block-group alignfull jaleo-herobox-two-columns-left has-base-background-color has-background has-global-padding is-layout-constrained wp-container-core-group-is-layout-af8d0820 wp-block-group-is-layout-constrained\" style=\"margin-top:var(--wp--preset--spacing--50);margin-bottom:var(--wp--preset--spacing--50);padding-right:0;padding-left:0\">\n<div class=\"wp-block-columns alignwide are-vertically-aligned-center is-layout-flex wp-container-core-columns-is-layout-c588bf21 wp-block-columns-is-layout-flex\" style=\"margin-top:0;margin-bottom:0;padding-right:var(--wp--preset--spacing--20);padding-left:var(--wp--preset--spacing--20)\">\n<div class=\"wp-block-column is-vertically-aligned-center has-global-padding is-content-justification-left is-layout-constrained wp-container-core-column-is-layout-4f15e8fe wp-block-column-is-layout-constrained\" style=\"flex-basis:40%\">\n<figure class=\"wp-block-image alignleft size-full wp-duotone-duotone-2\"><img loading=\"lazy\" decoding=\"async\" width=\"1024\" height=\"1536\" src=\"https:\/\/www.koreestates.com\/wp-content\/uploads\/2024\/11\/join-our-team-kore-estates.webp\" alt=\"\" class=\"wp-image-1030\" style=\"aspect-ratio:1;object-fit:cover\" srcset=\"https:\/\/www.koreestates.com\/wp-content\/uploads\/2024\/11\/join-our-team-kore-estates.webp 1024w, https:\/\/www.koreestates.com\/wp-content\/uploads\/2024\/11\/join-our-team-kore-estates-768x1152.webp 768w, https:\/\/www.koreestates.com\/wp-content\/uploads\/2024\/11\/join-our-team-kore-estates-50x75.webp 50w\" sizes=\"auto, (max-width: 1024px) 100vw, 1024px\" \/><\/figure>\n<\/div>\n\n\n\n<div class=\"wp-block-column is-vertically-aligned-center is-layout-flow wp-container-core-column-is-layout-8a368f38 wp-block-column-is-layout-flow\" style=\"flex-basis:60%\">\n<h1 class=\"wp-block-heading\">Empleo en Kore Estates<\/h1>\n\n\n\n<div class=\"wp-block-columns is-layout-flex wp-container-core-columns-is-layout-87beb0d0 wp-block-columns-is-layout-flex\">\n<div class=\"wp-block-column is-vertically-aligned-center is-layout-flow wp-block-column-is-layout-flow\">\n<p class=\"wp-container-content-9cfa9a5a\">En Kore Estates siempre estamos buscando personas apasionadas y motivadas que formen parte de nuestra trayectoria. Ya seas un profesional del sector inmobiliario experimentado o que reci\u00e9n est\u00e9s comenzando tu carrera, ofrecemos un entorno din\u00e1mico y colaborativo donde podr\u00e1s prosperar. Tenemos oportunidades en ventas, marketing, dise\u00f1o de interiores y consultor\u00eda de inversiones, y ofrecemos una plataforma para desarrollar tus habilidades y generar un impacto significativo en la industria inmobiliaria. \u00danete a nosotros y forma parte de una empresa dedicada a la excelencia, la innovaci\u00f3n y la generaci\u00f3n de resultados excepcionales para nuestros clientes.<\/p>\n<\/div>\n<\/div>\n<\/div>\n<\/div>\n<\/section>\n\n\n\n<section class=\"wp-block-group jaleo-social-links has-white-background-color has-background has-global-padding is-layout-constrained wp-container-core-group-is-layout-adb06961 wp-block-group-is-layout-constrained\" style=\"padding-top:0rem;padding-right:0;padding-bottom:0rem;padding-left:0\">\n<div class=\"wp-block-group has-global-padding is-layout-constrained wp-container-core-group-is-layout-c9115f92 wp-block-group-is-layout-constrained\" style=\"padding-right:var(--wp--preset--spacing--20);padding-left:var(--wp--preset--spacing--20)\">\n<h3 class=\"wp-block-heading has-text-align-left jaleo-mx-auto has-x-large-font-size\">\u00a1\u00danete!<\/h3>\n\n\n\n<p class=\"has-text-align-left jaleo-mx-auto\">Rellena el formulario a continuaci\u00f3n o env\u00eda tu CV por correo electr\u00f3nico a <a style=\"font-family: var(--wp--preset--font-family--body); font-size: revert; display: inline !important;\" href=\"mailto:info@koreestates.com\"><u style=\"display: inline !important;\">info@koreestates.com<\/u><\/a>, y nos comunicaremos contigo lo antes posible. \u00a1Esperamos conectar contigo! <strong>Kore Estates<\/strong>.<\/p>\n\n\n<form id=\"property_form\" class=\"wpb--property-form\" action=\"localhost\" method=\"POST\" data-contact=\"property_form\" data-lead-sent-ok=\"Su mensaje ha sido enviado.\" data-sitekey=\"6Lcu70ApAAAAALSclGERBvdFXlfg15po4zMqthx0\">\n\t<input type=\"hidden\" name=\"subject\" value=\"Contacto desde Propiedad \/es\/wp-json\/wp\/v2\/pages\/1496\" \/>\n\t<input type=\"hidden\" name=\"g-recaptcha-response\" value=\"\" \/>\n\t<input type=\"hidden\" name=\"source\" value=\"https:\/\/www.koreestates.com\/es\/wp-json\/wp\/v2\/pages\/1496\" \/>\n\t<input name=\"success\" type=\"hidden\" value=\"\/success\" \/>\n\n\t\t\n\t<input name=\"name\" type=\"text\" autocomplete=\"off\" placeholder=\"Nombre y apellidos\" required data-error=\"Nombre completo Obligatorio\" \/>\n\t<input name=\"email\" type=\"email\" autocomplete=\"off\" placeholder=\"Direcci\u00f3n de correo electr\u00f3nico\" required data-error=\"Correo electr\u00f3nico obligatorio\" \/>\n\t<input name=\"intphone\" type=\"tel\" autocomplete=\"off\" placeholder=\"Tel\u00e9fono\" data-error=\"Los n\u00fameros de tel\u00e9fono deben tener entre 8 y 20 d\u00edgitos\" \/>\n\t<textarea name=\"comment\" rows=\"6\">Comentarios<\/textarea>\n\t<div class=\"wpb--checkboxes-group\">\n\t\t<div class=\"wpb--custom-checkbox\">\n\t\t\t<input type=\"checkbox\" id=\"property_form-property_form-customCheck1\" name=\"privacy_policy\" required data-error=\"Campo obligatorio\" \/>\n\t\t\t<label for=\"property_form-property_form-customCheck1\">Acepto la <a href=\"https:\/\/www.koreestates.com\/privacy-policy\" target=\"_blank\">Pol\u00edtica de privacidad<\/a><\/label>\n\t\t<\/div>\n\t\t<div class=\"wpb--custom-checkbox\">\n\t\t\t<input type=\"checkbox\" id=\"property_form-property_form-customCheck2\" name=\"commercial_information\" \/>\n\t\t\t<label for=\"property_form-property_form-customCheck2\">Acepto recibir informaci\u00f3n por correo electr\u00f3nico<\/label>\n\t\t<\/div>\n\t<\/div>\n\t<button data-ids=\"property_form\" data-lang=\"\" class=\"btn wpb--formbutton g-recaptcha\" type=\"submit\"><span id=\"text-send\">Enviar<\/span> <span id=\"spinner-send\"><\/span><\/button>\n<\/form>\n\t<script src=\"https:\/\/www.google.com\/recaptcha\/api.js?render=6Lcu70ApAAAAALSclGERBvdFXlfg15po4zMqthx0&hl=\"><\/script>\n\t<link rel=\"stylesheet\" href=\"https:\/\/cdn.jsdelivr.net\/npm\/intl-tel-input@23.0.10\/build\/css\/intlTelInput.css\">\n\t<script src=\"https:\/\/cdn.jsdelivr.net\/npm\/intl-tel-input@23.0.10\/build\/js\/intlTelInput.min.js\"><\/script>\n\t<script>\n\t\tconst input = document.querySelectorAll(\"[name=intphone]\");\n\t\tif (input.length) {\n\t\t\tconst currentLang = document.querySelector(\"html\").getAttribute(\"lang\").split(\"-\")[0];\n            const conversions = {\n                \"en\": \"gb\",\n                \"es\": \"es\",\n                \"fr\": \"fr\",\n                \"de\": \"de\"\n            };\n\t\t\tinput.forEach(function(item) {\n\t\t\t\twindow.intlTelInput(item, {\n\t\t\t\t\tutilsScript: \"https:\/\/cdn.jsdelivr.net\/npm\/intl-tel-input@23.0.10\/build\/js\/utils.js\",\n\t\t\t\t\tinitialCountry: \"auto\",\n\t\t\t\t\tcountryOrder: [\"gb\", \"se\", \"es\", \"fr\", \"de\"],\n\t\t\t\t\thiddenInput: () => ({ phone: \"phone\", country: \"country_code\" }),\n\t\t\t\t\tnationalMode: false,\n\t\t\t\t\tautoHideDialCode: false,\n\t\t\t\t\texcludeCountries: [\"none\"],\n\t\t\t\t\tseparateDialCode: true,\n\t\t\t\t\tgeoIpLookup: callback => {\n\t\t\t\t\t\tfetch(\"https:\/\/ipapi.co\/json\")\n\t\t\t\t\t\t.then(res => res.json())\n\t\t\t\t\t\t.then(data => callback(data.country_code))\n\t\t\t\t\t\t.catch(() => callback(conversions[currentLang]));\n\t\t\t\t\t},\n\t\t\t\t})\n\t\t\t});\n\t\t}\n\t<\/script>\n\n<\/div>\n<\/section>\n\n\n\n<section class=\"wp-block-group jaleo-social-links has-white-background-color has-background has-global-padding is-layout-constrained wp-container-core-group-is-layout-f750b8a9 wp-block-group-is-layout-constrained\" style=\"padding-top:2.9rem;padding-right:0;padding-bottom:2.9rem;padding-left:0\">\n<h3 class=\"wp-block-heading has-text-align-center jaleo-mx-auto has-x-large-font-size\">Nuestras redes sociales<\/h3>\n\n\n\n<p class=\"has-text-align-center jaleo-mx-auto\">P\u00f3ngase en contacto con nosotros<\/p>\n\n\n\n<div style=\"height:20px\" aria-hidden=\"true\" class=\"wp-block-spacer\"><\/div>\n\n\n\n<div class=\"wp-block-buttons is-content-justification-center is-layout-flex wp-container-core-buttons-is-layout-662a369f wp-block-buttons-is-layout-flex\" style=\"margin-top:var(--wp--preset--spacing--20);margin-bottom:var(--wp--preset--spacing--20)\">\n<div class=\"wp-block-button has-custom-width wp-block-button__width-25\"><a class=\"wp-block-button__link wp-element-button\" href=\"https:\/\/www.youtube.com\/@koreestates\" target=\"_blank\" rel=\"noreferrer noopener\">vea nuestros \u00faltimos V\u00edDEOS<\/a><\/div>\n\n\n\n<div class=\"wp-block-button has-custom-width wp-block-button__width-25\"><a class=\"wp-block-button__link wp-element-button\" href=\"https:\/\/www.instagram.com\/kore.estates\/\" target=\"_blank\" rel=\"noreferrer noopener\">encu\u00e9ntrenos en INSTAGRAM<\/a><\/div>\n\n\n\n<div class=\"wp-block-button has-custom-width wp-block-button__width-25\"><a class=\"wp-block-button__link wp-element-button\" href=\"https:\/\/www.facebook.com\/koreestatesmarbella\/\" target=\"_blank\" rel=\"noreferrer noopener\">s\u00edganos en FACEBOOK<\/a><\/div>\n\n\n\n<div class=\"wp-block-button has-custom-width wp-block-button__width-25 is-style-fill\"><a class=\"wp-block-button__link wp-element-button\" href=\"tel:+34851817060\">LL\u00e1menos<\/a><\/div>\n<\/div>\n<\/section>\n","protected":false},"excerpt":{"rendered":"<p>Empleo en Kore Estates En Kore Estates siempre estamos buscando personas apasionadas y motivadas que formen parte de nuestra trayectoria. Ya seas un profesional del sector inmobiliario experimentado o que reci\u00e9n est\u00e9s comenzando tu carrera, ofrecemos un entorno din\u00e1mico y colaborativo donde podr\u00e1s prosperar. Tenemos oportunidades en ventas, marketing, dise\u00f1o de interiores y consultor\u00eda de [&hellip;]<\/p>\n","protected":false},"author":1,"featured_media":847,"parent":0,"menu_order":0,"comment_status":"closed","ping_status":"closed","template":"","meta":{"_acf_changed":false,"footnotes":""},"class_list":["post-1496","page","type-page","status-publish","has-post-thumbnail","hentry"],"acf":[],"_links":{"self":[{"href":"https:\/\/www.koreestates.com\/es\/wp-json\/wp\/v2\/pages\/1496","targetHints":{"allow":["GET"]}}],"collection":[{"href":"https:\/\/www.koreestates.com\/es\/wp-json\/wp\/v2\/pages"}],"about":[{"href":"https:\/\/www.koreestates.com\/es\/wp-json\/wp\/v2\/types\/page"}],"author":[{"embeddable":true,"href":"https:\/\/www.koreestates.com\/es\/wp-json\/wp\/v2\/users\/1"}],"replies":[{"embeddable":true,"href":"https:\/\/www.koreestates.com\/es\/wp-json\/wp\/v2\/comments?post=1496"}],"version-history":[{"count":1,"href":"https:\/\/www.koreestates.com\/es\/wp-json\/wp\/v2\/pages\/1496\/revisions"}],"predecessor-version":[{"id":2052,"href":"https:\/\/www.koreestates.com\/es\/wp-json\/wp\/v2\/pages\/1496\/revisions\/2052"}],"wp:featuredmedia":[{"embeddable":true,"href":"https:\/\/www.koreestates.com\/es\/wp-json\/wp\/v2\/media\/847"}],"wp:attachment":[{"href":"https:\/\/www.koreestates.com\/es\/wp-json\/wp\/v2\/media?parent=1496"}],"curies":[{"name":"wp","href":"https:\/\/api.w.org\/{rel}","templated":true}]}}