{"id":1493,"date":"2024-09-20T19:32:45","date_gmt":"2024-09-20T17:32:45","guid":{"rendered":"https:\/\/www.koreestates.com\/interior-design"},"modified":"2025-10-18T11:29:11","modified_gmt":"2025-10-18T09:29:11","slug":"diseno-interiores","status":"publish","type":"page","link":"https:\/\/www.koreestates.com\/es\/diseno-interiores","title":{"rendered":"Dise\u00f1o de interiores"},"content":{"rendered":"\n<section class=\"wp-block-group alignfull jaleo-herobox-left has-accent-background-color has-background has-global-padding is-layout-constrained wp-container-core-group-is-layout-40fa7b49 wp-block-group-is-layout-constrained\" style=\"margin-top:var(--wp--preset--spacing--50);margin-bottom:var(--wp--preset--spacing--50);padding-top:0;padding-right:0;padding-bottom:0;padding-left:0\">\n<div class=\"wp-block-columns alignwide is-layout-flex wp-container-core-columns-is-layout-1da03c2a wp-block-columns-is-layout-flex\">\n<div class=\"wp-block-column is-vertically-aligned-stretch is-layout-flow wp-block-column-is-layout-flow\" style=\"flex-basis:50%\">\n<div class=\"wp-block-group is-vertical is-content-justification-left is-nowrap is-layout-flex wp-container-core-group-is-layout-7b13d825 wp-block-group-is-layout-flex\" style=\"min-height:100%;padding-right:0;padding-left:0\">\n<h1 class=\"wp-block-heading has-text-align-center has-medium-font-size\">\u201cEn Kore Estates entendemos que un dise\u00f1o interior excepcional va m\u00e1s all\u00e1 del atractivo visual: se trata de crear un espacio que refleje verdaderamente su identidad, aumente la funcionalidad y mejore su vida cotidiana\u201d.<\/h1>\n<\/div>\n<\/div>\n\n\n\n<div class=\"wp-block-column is-vertically-aligned-center is-layout-flow wp-block-column-is-layout-flow\" style=\"flex-basis:50%\">\n<figure class=\"wp-block-image size-full is-style-default wp-duotone-duotone-2\"><img loading=\"lazy\" decoding=\"async\" width=\"1024\" height=\"1536\" src=\"https:\/\/www.koreestates.com\/wp-content\/uploads\/2024\/11\/DSC05906.jpg\" alt=\"\" class=\"wp-image-1054\" style=\"aspect-ratio:1;object-fit:cover\" srcset=\"https:\/\/www.koreestates.com\/wp-content\/uploads\/2024\/11\/DSC05906.jpg 1024w, https:\/\/www.koreestates.com\/wp-content\/uploads\/2024\/11\/DSC05906-768x1152.jpg 768w, https:\/\/www.koreestates.com\/wp-content\/uploads\/2024\/11\/DSC05906-50x75.jpg 50w\" sizes=\"auto, (max-width: 1024px) 100vw, 1024px\" \/><\/figure>\n<\/div>\n<\/div>\n<\/section>\n\n\n\n<section class=\"wp-block-group alignfull jaleo-herobox-two-columns-left has-base-background-color has-background is-layout-flow wp-container-core-group-is-layout-2ae586ca wp-block-group-is-layout-flow\" style=\"margin-top:var(--wp--preset--spacing--50);margin-bottom:var(--wp--preset--spacing--50);padding-right:var(--wp--preset--spacing--20);padding-left:var(--wp--preset--spacing--20)\">\n<div class=\"wp-block-columns alignwide are-vertically-aligned-center is-layout-flex wp-container-core-columns-is-layout-5f2652e6 wp-block-columns-is-layout-flex\" style=\"margin-top:0;margin-bottom:0\">\n<div class=\"wp-block-column is-vertically-aligned-center has-global-padding is-content-justification-left is-layout-constrained wp-container-core-column-is-layout-4f15e8fe wp-block-column-is-layout-constrained\" style=\"flex-basis:40%\">\n<figure class=\"wp-block-image alignleft size-full is-resized wp-duotone-duotone-2\"><img loading=\"lazy\" decoding=\"async\" width=\"1024\" height=\"1536\" src=\"https:\/\/www.koreestates.com\/wp-content\/uploads\/2024\/11\/DSC05913.jpg\" alt=\"\" class=\"wp-image-1056\" style=\"aspect-ratio:1;object-fit:cover;width:486px;height:auto\" srcset=\"https:\/\/www.koreestates.com\/wp-content\/uploads\/2024\/11\/DSC05913.jpg 1024w, https:\/\/www.koreestates.com\/wp-content\/uploads\/2024\/11\/DSC05913-768x1152.jpg 768w, https:\/\/www.koreestates.com\/wp-content\/uploads\/2024\/11\/DSC05913-50x75.jpg 50w\" sizes=\"auto, (max-width: 1024px) 100vw, 1024px\" \/><\/figure>\n<\/div>\n\n\n\n<div class=\"wp-block-column is-vertically-aligned-center is-layout-flow wp-container-core-column-is-layout-119bc444 wp-block-column-is-layout-flow\" style=\"flex-basis:60%\">\n<h2 class=\"wp-block-heading\"><strong>Kore Interior Design<\/strong>&nbsp;<\/h2>\n\n\n\n<div class=\"wp-block-columns is-layout-flex wp-container-core-columns-is-layout-87beb0d0 wp-block-columns-is-layout-flex\">\n<div class=\"wp-block-column is-layout-flow wp-block-column-is-layout-flow\">\n<p class=\"wp-container-content-9cfa9a5a\">En Kore Interior Design, nuestro excepcional dise\u00f1o de interiores va m\u00e1s all\u00e1 de la est\u00e9tica: se trata de crear espacios que reflejen identidad, aumenten la funcionalidad y mejoren la vida diaria.<\/p>\n\n\n\n<p>Nuestros servicios de dise\u00f1o de interiores combinan lujo y practicidad para realzar los espacios con estilo y durabilidad. Desde el concepto inicial hasta los toques finales, Kore Interior Design hace realidad su visi\u00f3n, con elegancia y una atenci\u00f3n exquisita al detalle.<\/p>\n\n\n\n<p class=\"wp-container-content-9cfa9a5a\">Tanto como si est\u00e9 pensando en mudarse a una casa nueva, est\u00e9 renovando o preparando una inmueble para la venta, Kore Interior Design ofrece interiores impresionantes y funcionales que reflejan el car\u00e1cter \u00fanico de cada propiedad.<\/p>\n<\/div>\n<\/div>\n<\/div>\n<\/div>\n<\/section>\n\n\n\n<section class=\"wp-block-group has-global-padding is-layout-constrained wp-block-group-is-layout-constrained\">\n<h2 class=\"wp-block-heading has-text-align-center\"><strong><strong>Nuestro enfoque en el dise\u00f1o de interiores<\/strong><\/strong><\/h2>\n\n\n\n<h3 class=\"wp-block-heading has-text-align-left\" style=\"margin-top:var(--wp--preset--spacing--30)\"><strong><strong>Asesoramiento en dise\u00f1o personalizado<\/strong><\/strong><span style=\"caret-color: rgb(0, 0, 0); color: rgb(0, 0, 0); font-family: -webkit-standard; font-size: medium; letter-spacing: normal; white-space: normal;\"><\/span><\/h3>\n\n\n\n<p class=\"has-text-align-left\">Cada proyecto comienza por entender profundamente la visi\u00f3n, el estilo y las necesidades espec\u00edficas. Las consultas personalizadas garantizan que cada dise\u00f1o se ajuste a los gustos y requisitos funcionales de cada uno.<\/p>\n\n\n\n<h3 class=\"wp-block-heading has-text-align-left\"><strong><strong>Soluciones de dise\u00f1o a medida<\/strong><\/strong><span style=\"caret-color: rgb(0, 0, 0); color: rgb(0, 0, 0); font-family: -webkit-standard; font-size: medium; letter-spacing: normal; white-space: normal;\"><\/span><\/h3>\n\n\n\n<p class=\"has-text-align-left\">Desde dise\u00f1os minimalistas hasta cl\u00e1sicos, dise\u00f1amos soluciones que se adaptan a las necesidades de cada estilo de vida. Cada elemento (materiales, muebles y paletas de colores) se selecciona para realzar la belleza y agregar valor a la propiedad.<\/p>\n\n\n\n<h3 class=\"wp-block-heading has-text-align-left\"><strong><strong>Dise\u00f1os y representaciones en 3D<\/strong><\/strong><span style=\"caret-color: rgb(0, 0, 0); color: rgb(0, 0, 0); font-family: -webkit-standard; font-size: medium; letter-spacing: normal; white-space: normal;\"><\/span><\/h3>\n\n\n\n<p class=\"has-text-align-left\">Los dise\u00f1os y representaciones en 3D muestran cada detalle del concepto a fin de ofrecer una visi\u00f3n clara del aspecto y resultado final. Este servicio visual garantiza que quedar\u00e1 totalmente satisfecho con el dise\u00f1o antes de comenzar cualquier obra.<\/p>\n\n\n\n<h3 class=\"wp-block-heading has-text-align-left\"><strong><strong>Trabajos de calidad<\/strong><\/strong><span style=\"caret-color: rgb(0, 0, 0); color: rgb(0, 0, 0); font-family: -webkit-standard; font-size: medium; letter-spacing: normal; white-space: normal;\"><\/span><\/h3>\n\n\n\n<p class=\"has-text-align-left\">Al trabajar con los mejores artesanos y proveedores, Kore Interior Design prioriza la calidad en cada detalle. Muebles personalizados, accesorios de lujo y materiales duraderos definen cada espacio con sofisticaci\u00f3n.<\/p>\n\n\n\n<h3 class=\"wp-block-heading has-text-align-left\"><strong><strong>Dise\u00f1o e implementaci\u00f3n integral<\/strong><\/strong><span style=\"caret-color: rgb(0, 0, 0); color: rgb(0, 0, 0); font-family: -webkit-standard; font-size: medium; letter-spacing: normal; white-space: normal;\"><\/span><\/h3>\n\n\n\n<p>Este servicio integral abarca la creaci\u00f3n de conceptos, la planificaci\u00f3n del espacio, la gesti\u00f3n del proyecto y la instalaci\u00f3n. Cada etapa se gestiona cuidadosamente para lograr una experiencia perfecta y un espacio transformado por expertos.<\/p>\n\n\n\n<h3 class=\"wp-block-heading has-text-align-left\"><strong><strong>A\u00f1adimos valor a su inmueble<\/strong><\/strong><span style=\"caret-color: rgb(0, 0, 0); color: rgb(0, 0, 0); font-family: -webkit-standard; font-size: medium; letter-spacing: normal; white-space: normal;\"><\/span><\/h3>\n\n\n\n<p class=\"has-text-align-left\">Un dise\u00f1o bien pensado mejora significativamente el valor de mercado y el atractivo de una vivienda. Tanto si el objetivo es vender o enriquecer la cotidianeidad del hogar, cada dise\u00f1o est\u00e1 elaborado para generar un impacto duradero.<\/p>\n\n\n\n<p class=\"has-text-align-center has-base-color has-text-color has-link-color wp-elements-b55fbd29d97fe6e286eeb94b7567f827\"><\/p>\n<\/section>\n\n\n\n<div class=\"wp-block-group has-contrast-background-color has-background has-global-padding is-layout-constrained wp-container-core-group-is-layout-10d9d1a1 wp-block-group-is-layout-constrained\" style=\"margin-top:var(--wp--preset--spacing--50);margin-bottom:var(--wp--preset--spacing--50);padding-top:var(--wp--preset--spacing--40);padding-right:var(--wp--preset--spacing--20);padding-bottom:var(--wp--preset--spacing--40);padding-left:var(--wp--preset--spacing--20)\">\n<figure class=\"wp-block-image aligncenter size-full is-resized wp-duotone-duotone-2\"><img decoding=\"async\" src=\"https:\/\/www.koreestates.com\/wp-content\/uploads\/2024\/11\/kore-logo.svg\" alt=\"\" class=\"wp-image-1066\" style=\"width:150px\"\/><\/figure>\n\n\n\n<h2 class=\"wp-block-heading has-text-align-center has-base-2-color has-text-color has-link-color wp-elements-7e29ae08d0105884040fe4c2bfd05494\">Proceso de dise\u00f1o de interiores<\/h2>\n\n\n\n<p class=\"has-text-align-center has-base-2-color has-text-color has-link-color wp-elements-edea41593247e0b389f84def4f34bb07\"><\/p>\n\n\n\n<p class=\"has-text-align-center has-base-2-color has-text-color has-link-color wp-elements-ce7d508c14d366f98a6da905ab023930\">La creaci\u00f3n de espacios hermosos y funcionales comienza con una visi\u00f3n clara. Nuestro proceso de dise\u00f1o de interiores transforma las ideas en realidad, gui\u00e1ndole desde la fase de consulta y el desarrollo del concepto hasta el aprovisionamiento y la instalaci\u00f3n, garantizando que cada detalle se considere cuidadosamente.<\/p>\n\n\n\n<div class=\"wp-block-group alignwide has-global-padding is-layout-constrained wp-block-group-is-layout-constrained\" style=\"margin-top:var(--wp--preset--spacing--30);margin-bottom:var(--wp--preset--spacing--30)\">\n<figure class=\"wp-block-image alignwide size-large jaleo--visible-desktop wp-duotone-duotone-2\"><img loading=\"lazy\" decoding=\"async\" width=\"1920\" height=\"197\" src=\"https:\/\/www.koreestates.com\/wp-content\/uploads\/2025\/03\/diseno-interiores-escritorio-1920x197.webp\" alt=\"dise\u00f1o interiores\" class=\"wp-image-2008\" srcset=\"https:\/\/www.koreestates.com\/wp-content\/uploads\/2025\/03\/diseno-interiores-escritorio-1920x197.webp 1920w, https:\/\/www.koreestates.com\/wp-content\/uploads\/2025\/03\/diseno-interiores-escritorio-1024x105.webp 1024w, https:\/\/www.koreestates.com\/wp-content\/uploads\/2025\/03\/diseno-interiores-escritorio-768x79.webp 768w, https:\/\/www.koreestates.com\/wp-content\/uploads\/2025\/03\/diseno-interiores-escritorio-50x5.webp 50w, https:\/\/www.koreestates.com\/wp-content\/uploads\/2025\/03\/diseno-interiores-escritorio-1600x165.webp 1600w, https:\/\/www.koreestates.com\/wp-content\/uploads\/2025\/03\/diseno-interiores-escritorio-1536x158.webp 1536w, https:\/\/www.koreestates.com\/wp-content\/uploads\/2025\/03\/diseno-interiores-escritorio-2048x211.webp 2048w\" sizes=\"auto, (max-width: 1920px) 100vw, 1920px\" \/><\/figure>\n\n\n\n<figure class=\"wp-block-image size-full jaleo--visible-mobile wp-duotone-duotone-2\"><img loading=\"lazy\" decoding=\"async\" width=\"1682\" height=\"1867\" src=\"https:\/\/www.koreestates.com\/wp-content\/uploads\/2025\/03\/diseno-interiores-mobile.webp\" alt=\"Dise\u00f1o interiores\" class=\"wp-image-2010\" srcset=\"https:\/\/www.koreestates.com\/wp-content\/uploads\/2025\/03\/diseno-interiores-mobile.webp 1682w, https:\/\/www.koreestates.com\/wp-content\/uploads\/2025\/03\/diseno-interiores-mobile-1024x1137.webp 1024w, https:\/\/www.koreestates.com\/wp-content\/uploads\/2025\/03\/diseno-interiores-mobile-768x852.webp 768w, https:\/\/www.koreestates.com\/wp-content\/uploads\/2025\/03\/diseno-interiores-mobile-50x55.webp 50w, https:\/\/www.koreestates.com\/wp-content\/uploads\/2025\/03\/diseno-interiores-mobile-1600x1776.webp 1600w, https:\/\/www.koreestates.com\/wp-content\/uploads\/2025\/03\/diseno-interiores-mobile-1384x1536.webp 1384w\" sizes=\"auto, (max-width: 1682px) 100vw, 1682px\" \/><\/figure>\n<\/div>\n\n\n\n<div class=\"wp-block-group alignwide has-global-padding is-layout-constrained wp-block-group-is-layout-constrained\" style=\"margin-top:var(--wp--preset--spacing--30);margin-bottom:var(--wp--preset--spacing--30)\"><\/div>\n\n\n\n<div class=\"wp-block-buttons is-content-justification-center is-layout-flex wp-container-core-buttons-is-layout-a89b3969 wp-block-buttons-is-layout-flex\">\n<div class=\"wp-block-button is-style-outline is-style-outline--1\"><a class=\"wp-block-button__link wp-element-button\" href=\"#contact\">M\u00e1s informaci\u00f3n<\/a><\/div>\n<\/div>\n<\/div>\n\n\n\n<section class=\"wp-block-group jaleo-latest-blogs-wrapper has-base-background-color has-background is-layout-flow wp-block-group-is-layout-flow\" style=\"margin-top:var(--wp--preset--spacing--60);margin-bottom:var(--wp--preset--spacing--50);padding-top:0;padding-bottom:var(--wp--preset--spacing--40)\">\n<div class=\"wp-block-group has-global-padding is-layout-constrained wp-container-core-group-is-layout-951a40f6 wp-block-group-is-layout-constrained\" style=\"padding-top:var(--wp--preset--spacing--20);padding-right:var(--wp--preset--spacing--40);padding-bottom:var(--wp--preset--spacing--20);padding-left:var(--wp--preset--spacing--40)\">\n<h2 class=\"wp-block-heading has-text-align-center has-xx-large-font-size\">\u00daltimas novedades en dise\u00f1o de interiores<\/h2>\n<\/div>\n\n\n\n<div data-wp-context=\"{}\" data-wp-interactive=\"core\/query\" data-wp-key=\"8\" data-wp-router-region=\"query-8\" class=\"wp-block-query jaleo-latest-blogs-loop is-layout-flow wp-block-query-is-layout-flow\">\n\n\n<div class=\"wp-block-buttons is-content-justification-center is-layout-flex wp-container-core-buttons-is-layout-a89b3969 wp-block-buttons-is-layout-flex\">\n<div class=\"wp-block-button has-custom-font-size has-ultrasmall-font-size\"><a class=\"wp-block-button__link wp-element-button\" href=\"https:\/\/www.koreestates.com\/es\/blog\">Ver todo el blog<\/a><\/div>\n<\/div>\n<\/div>\n<\/section>\n\n\n\n<section class=\"wp-block-group alignfull jaleo-heroform is-layout-flow wp-block-group-is-layout-flow\" style=\"margin-top:var(--wp--preset--spacing--40);margin-bottom:var(--wp--preset--spacing--40);padding-right:0;padding-left:0\">\n<div class=\"wp-block-columns alignwide are-vertically-aligned-center is-layout-flex wp-container-core-columns-is-layout-f1061711 wp-block-columns-is-layout-flex\" style=\"padding-right:var(--wp--preset--spacing--20);padding-left:var(--wp--preset--spacing--20)\">\n<div class=\"wp-block-column is-vertically-aligned-center has-global-padding is-layout-constrained wp-block-column-is-layout-constrained\" style=\"flex-basis:50%\">\n<figure class=\"wp-block-image size-full is-style-default wp-duotone-unset-2\"><img loading=\"lazy\" decoding=\"async\" width=\"1024\" height=\"1536\" src=\"https:\/\/www.koreestates.com\/wp-content\/uploads\/2024\/11\/interior-design-kore-estates.webp\" alt=\"\" class=\"wp-image-1013\" style=\"aspect-ratio:1;object-fit:cover\" srcset=\"https:\/\/www.koreestates.com\/wp-content\/uploads\/2024\/11\/interior-design-kore-estates.webp 1024w, https:\/\/www.koreestates.com\/wp-content\/uploads\/2024\/11\/interior-design-kore-estates-768x1152.webp 768w, https:\/\/www.koreestates.com\/wp-content\/uploads\/2024\/11\/interior-design-kore-estates-50x75.webp 50w\" sizes=\"auto, (max-width: 1024px) 100vw, 1024px\" \/><\/figure>\n<\/div>\n\n\n\n<div class=\"wp-block-column is-vertically-aligned-center has-global-padding is-layout-constrained wp-block-column-is-layout-constrained\" style=\"flex-basis:50%\">\n<h1 class=\"wp-block-heading has-xxx-large-font-size\" id=\"contact\"><strong><strong><strong>Cree una elegancia duradera con Kore Interior Design&nbsp;<\/strong><\/strong><\/strong><\/h1>\n\n\n\n<p>\u00bfEst\u00e1 listo para potenciar su inmueble? P\u00f3ngase en contacto con Kore Estates para recibir una consulta personalizada y hacer realidad sus ideas de dise\u00f1o. Maximizar el potencial de su vivienda est\u00e1 a tan solo un dise\u00f1o de distancia.<\/p>\n\n\n\n<div class=\"wp-block-group is-content-justification-left is-layout-flex wp-container-core-group-is-layout-ecdd832d wp-block-group-is-layout-flex\" style=\"margin-top:var(--wp--preset--spacing--30);margin-bottom:var(--wp--preset--spacing--30);padding-right:0;padding-left:0\">\n<p class=\"jaleo-icon-email\"><strong><a href=\"mailto:info@koreestates.com\">info@koreestates.com<\/a><\/strong><\/p>\n\n\n\n<p class=\"jaleo-icon-phone\"><strong><a href=\"tel:+34851817060\">+34 851 817 060<\/a><\/strong><\/p>\n<\/div>\n\n\n<form id=\"property_form\" class=\"wpb--property-form\" action=\"localhost\" method=\"POST\" data-contact=\"property_form\" data-lead-sent-ok=\"Su mensaje ha sido enviado.\" data-sitekey=\"6Lcu70ApAAAAALSclGERBvdFXlfg15po4zMqthx0\">\n\t<input type=\"hidden\" name=\"subject\" value=\"Contacto desde Propiedad \/es\/wp-json\/wp\/v2\/pages\/1493\" \/>\n\t<input type=\"hidden\" name=\"g-recaptcha-response\" value=\"\" \/>\n\t<input type=\"hidden\" name=\"source\" value=\"https:\/\/www.koreestates.com\/es\/wp-json\/wp\/v2\/pages\/1493\" \/>\n\t<input name=\"success\" type=\"hidden\" value=\"\/success\" \/>\n\n\t\t\n\t<input name=\"name\" type=\"text\" autocomplete=\"off\" placeholder=\"Nombre y apellidos\" required data-error=\"Nombre completo Obligatorio\" \/>\n\t<input name=\"email\" type=\"email\" autocomplete=\"off\" placeholder=\"Direcci\u00f3n de correo electr\u00f3nico\" required data-error=\"Correo electr\u00f3nico obligatorio\" \/>\n\t<input name=\"intphone\" type=\"tel\" autocomplete=\"off\" placeholder=\"Tel\u00e9fono\" data-error=\"Los n\u00fameros de tel\u00e9fono deben tener entre 8 y 20 d\u00edgitos\" \/>\n\t<textarea name=\"comment\" rows=\"6\">Escriba sus preguntas<\/textarea>\n\t<div class=\"wpb--checkboxes-group\">\n\t\t<div class=\"wpb--custom-checkbox\">\n\t\t\t<input type=\"checkbox\" id=\"property_form-property_form-customCheck1\" name=\"privacy_policy\" required data-error=\"Campo obligatorio\" \/>\n\t\t\t<label for=\"property_form-property_form-customCheck1\">Acepto la <a href=\"https:\/\/www.koreestates.com\/privacy-policy\" target=\"_blank\">Pol\u00edtica de privacidad<\/a><\/label>\n\t\t<\/div>\n\t\t<div class=\"wpb--custom-checkbox\">\n\t\t\t<input type=\"checkbox\" id=\"property_form-property_form-customCheck2\" name=\"commercial_information\" \/>\n\t\t\t<label for=\"property_form-property_form-customCheck2\">Acepto recibir informaci\u00f3n por correo electr\u00f3nico<\/label>\n\t\t<\/div>\n\t<\/div>\n\t<button data-ids=\"property_form\" data-lang=\"\" class=\"btn wpb--formbutton g-recaptcha\" type=\"submit\"><span id=\"text-send\">Enviar<\/span> <span id=\"spinner-send\"><\/span><\/button>\n<\/form>\n\t<script src=\"https:\/\/www.google.com\/recaptcha\/api.js?render=6Lcu70ApAAAAALSclGERBvdFXlfg15po4zMqthx0&hl=\"><\/script>\n\t<link rel=\"stylesheet\" href=\"https:\/\/cdn.jsdelivr.net\/npm\/intl-tel-input@23.0.10\/build\/css\/intlTelInput.css\">\n\t<script src=\"https:\/\/cdn.jsdelivr.net\/npm\/intl-tel-input@23.0.10\/build\/js\/intlTelInput.min.js\"><\/script>\n\t<script>\n\t\tconst input = document.querySelectorAll(\"[name=intphone]\");\n\t\tif (input.length) {\n\t\t\tconst currentLang = document.querySelector(\"html\").getAttribute(\"lang\").split(\"-\")[0];\n            const conversions = {\n                \"en\": \"gb\",\n                \"es\": \"es\",\n                \"fr\": \"fr\",\n                \"de\": \"de\"\n            };\n\t\t\tinput.forEach(function(item) {\n\t\t\t\twindow.intlTelInput(item, {\n\t\t\t\t\tutilsScript: \"https:\/\/cdn.jsdelivr.net\/npm\/intl-tel-input@23.0.10\/build\/js\/utils.js\",\n\t\t\t\t\tinitialCountry: \"auto\",\n\t\t\t\t\tcountryOrder: [\"gb\", \"se\", \"es\", \"fr\", \"de\"],\n\t\t\t\t\thiddenInput: () => ({ phone: \"phone\", country: \"country_code\" }),\n\t\t\t\t\tnationalMode: false,\n\t\t\t\t\tautoHideDialCode: false,\n\t\t\t\t\texcludeCountries: [\"none\"],\n\t\t\t\t\tseparateDialCode: true,\n\t\t\t\t\tgeoIpLookup: callback => {\n\t\t\t\t\t\tfetch(\"https:\/\/ipapi.co\/json\")\n\t\t\t\t\t\t.then(res => res.json())\n\t\t\t\t\t\t.then(data => callback(data.country_code))\n\t\t\t\t\t\t.catch(() => callback(conversions[currentLang]));\n\t\t\t\t\t},\n\t\t\t\t})\n\t\t\t});\n\t\t}\n\t<\/script>\n\n<\/div>\n<\/div>\n<\/section>\n","protected":false},"excerpt":{"rendered":"<p>\u201cEn Kore Estates entendemos que un dise\u00f1o interior excepcional va m\u00e1s all\u00e1 del atractivo visual: se trata de crear un espacio que refleje verdaderamente su identidad, aumente la funcionalidad y mejore su vida cotidiana\u201d. Kore Interior Design&nbsp; En Kore Interior Design, nuestro excepcional dise\u00f1o de interiores va m\u00e1s all\u00e1 de la est\u00e9tica: se trata de [&hellip;]<\/p>\n","protected":false},"author":1,"featured_media":1055,"parent":0,"menu_order":0,"comment_status":"closed","ping_status":"closed","template":"","meta":{"_acf_changed":false,"footnotes":""},"class_list":["post-1493","page","type-page","status-publish","has-post-thumbnail","hentry"],"acf":[],"_links":{"self":[{"href":"https:\/\/www.koreestates.com\/es\/wp-json\/wp\/v2\/pages\/1493","targetHints":{"allow":["GET"]}}],"collection":[{"href":"https:\/\/www.koreestates.com\/es\/wp-json\/wp\/v2\/pages"}],"about":[{"href":"https:\/\/www.koreestates.com\/es\/wp-json\/wp\/v2\/types\/page"}],"author":[{"embeddable":true,"href":"https:\/\/www.koreestates.com\/es\/wp-json\/wp\/v2\/users\/1"}],"replies":[{"embeddable":true,"href":"https:\/\/www.koreestates.com\/es\/wp-json\/wp\/v2\/comments?post=1493"}],"version-history":[{"count":1,"href":"https:\/\/www.koreestates.com\/es\/wp-json\/wp\/v2\/pages\/1493\/revisions"}],"predecessor-version":[{"id":2012,"href":"https:\/\/www.koreestates.com\/es\/wp-json\/wp\/v2\/pages\/1493\/revisions\/2012"}],"wp:featuredmedia":[{"embeddable":true,"href":"https:\/\/www.koreestates.com\/es\/wp-json\/wp\/v2\/media\/1055"}],"wp:attachment":[{"href":"https:\/\/www.koreestates.com\/es\/wp-json\/wp\/v2\/media?parent=1493"}],"curies":[{"name":"wp","href":"https:\/\/api.w.org\/{rel}","templated":true}]}}