{"id":1482,"date":"2024-09-16T07:57:39","date_gmt":"2024-09-16T05:57:39","guid":{"rendered":"https:\/\/www.koreestates.com\/contact"},"modified":"2025-10-18T11:21:28","modified_gmt":"2025-10-18T09:21:28","slug":"contacto","status":"publish","type":"page","link":"https:\/\/www.koreestates.com\/es\/contacto","title":{"rendered":"Contacto"},"content":{"rendered":"\n<section class=\"wp-block-group alignfull jaleo-heroform is-layout-flow wp-block-group-is-layout-flow\" style=\"margin-top:var(--wp--preset--spacing--40);margin-bottom:var(--wp--preset--spacing--40);padding-right:0;padding-left:0\">\n<div class=\"wp-block-columns alignwide are-vertically-aligned-center is-layout-flex wp-container-core-columns-is-layout-28f84493 wp-block-columns-is-layout-flex\">\n<div class=\"wp-block-column is-vertically-aligned-center has-global-padding is-layout-constrained wp-block-column-is-layout-constrained\" style=\"flex-basis:50%\">\n<figure class=\"wp-block-image size-large is-style-default wp-duotone-unset-1\"><img loading=\"lazy\" decoding=\"async\" width=\"1920\" height=\"2880\" src=\"https:\/\/www.koreestates.com\/wp-content\/uploads\/2024\/11\/kore-estates-web-1-1920x2880.webp\" alt=\"\" class=\"wp-image-931\" style=\"aspect-ratio:1;object-fit:cover\" srcset=\"https:\/\/www.koreestates.com\/wp-content\/uploads\/2024\/11\/kore-estates-web-1-1920x2880.webp 1920w, https:\/\/www.koreestates.com\/wp-content\/uploads\/2024\/11\/kore-estates-web-1-1024x1536.webp 1024w, https:\/\/www.koreestates.com\/wp-content\/uploads\/2024\/11\/kore-estates-web-1-768x1152.webp 768w, https:\/\/www.koreestates.com\/wp-content\/uploads\/2024\/11\/kore-estates-web-1-50x75.webp 50w, https:\/\/www.koreestates.com\/wp-content\/uploads\/2024\/11\/kore-estates-web-1-1600x2400.webp 1600w, https:\/\/www.koreestates.com\/wp-content\/uploads\/2024\/11\/kore-estates-web-1-1365x2048.webp 1365w, https:\/\/www.koreestates.com\/wp-content\/uploads\/2024\/11\/kore-estates-web-1-scaled.webp 1707w\" sizes=\"auto, (max-width: 1920px) 100vw, 1920px\" \/><\/figure>\n<\/div>\n\n\n\n<div class=\"wp-block-column is-vertically-aligned-center has-global-padding is-layout-constrained wp-block-column-is-layout-constrained\" style=\"flex-basis:50%\">\n<h1 class=\"wp-block-heading has-xxx-large-font-size\">P\u00f3ngase en contacto con nosotros<\/h1>\n\n\n\n<p>\u00bfQuiere comprar una casa nueva, explorar opciones sobre plano o necesita orientaci\u00f3n sobre cualquier asunto inmobiliario? Estamos aqu\u00ed para apoyarte.<\/p>\n\n\n\n<p>Puedes ponerte en contacto con nosotros por tel\u00e9fono en el <strong><a href=\"tel:+34851817060\">+34 851 817 060<\/a><\/strong>, enviarnos un mensaje por <a href=\"https:\/\/wa.me\/34674052968\" target=\"_blank\" rel=\"noopener\"><strong>WhatsApp<\/strong><\/a>, o simplemente rellenar el siguiente formulario para hablar de tus necesidades y explorar todas las posibilidades.<\/p>\n\n\n\n<div class=\"wp-block-group is-content-justification-left is-layout-flex wp-container-core-group-is-layout-ecdd832d wp-block-group-is-layout-flex\" style=\"margin-top:var(--wp--preset--spacing--30);margin-bottom:var(--wp--preset--spacing--30);padding-right:0;padding-left:0\">\n<p class=\"jaleo-icon-email\"><strong><a href=\"mailto:info@koreestates.com\">info@koreestates.com<\/a><\/strong><\/p>\n\n\n\n<p class=\"jaleo-icon-phone\"><strong><a href=\"tel:+34851817060\">+34 851 817 060<\/a><\/strong><\/p>\n<\/div>\n\n\n<form id=\"property_form\" class=\"wpb--property-form\" action=\"localhost\" method=\"POST\" data-contact=\"property_form\" data-lead-sent-ok=\"Su mensaje ha sido enviado.\" data-sitekey=\"6Lcu70ApAAAAALSclGERBvdFXlfg15po4zMqthx0\">\n\t<input type=\"hidden\" name=\"subject\" value=\"Contacto desde Propiedad \/es\/wp-json\/wp\/v2\/pages\/1482\" \/>\n\t<input type=\"hidden\" name=\"g-recaptcha-response\" value=\"\" \/>\n\t<input type=\"hidden\" name=\"source\" value=\"https:\/\/www.koreestates.com\/es\/wp-json\/wp\/v2\/pages\/1482\" \/>\n\t<input name=\"success\" type=\"hidden\" value=\"\/success\" \/>\n\n\t\t\n\t<input name=\"name\" type=\"text\" autocomplete=\"off\" placeholder=\"Nombre y apellidos\" required data-error=\"Nombre completo Obligatorio\" \/>\n\t<input name=\"email\" type=\"email\" autocomplete=\"off\" placeholder=\"Direcci\u00f3n de correo electr\u00f3nico\" required data-error=\"Correo electr\u00f3nico obligatorio\" \/>\n\t<input name=\"intphone\" type=\"tel\" autocomplete=\"off\" placeholder=\"Tel\u00e9fono\" data-error=\"Los n\u00fameros de tel\u00e9fono deben tener entre 8 y 20 d\u00edgitos\" \/>\n\t<textarea name=\"comment\" rows=\"6\">Comentarios<\/textarea>\n\t<div class=\"wpb--checkboxes-group\">\n\t\t<div class=\"wpb--custom-checkbox\">\n\t\t\t<input type=\"checkbox\" id=\"property_form-property_form-customCheck1\" name=\"privacy_policy\" required data-error=\"Campo obligatorio\" \/>\n\t\t\t<label for=\"property_form-property_form-customCheck1\">Acepto la <a href=\"https:\/\/www.koreestates.com\/privacy-policy\" target=\"_blank\">Pol\u00edtica de privacidad<\/a><\/label>\n\t\t<\/div>\n\t\t<div class=\"wpb--custom-checkbox\">\n\t\t\t<input type=\"checkbox\" id=\"property_form-property_form-customCheck2\" name=\"commercial_information\" \/>\n\t\t\t<label for=\"property_form-property_form-customCheck2\">Acepto recibir informaci\u00f3n por correo electr\u00f3nico<\/label>\n\t\t<\/div>\n\t<\/div>\n\t<button data-ids=\"property_form\" data-lang=\"\" class=\"btn wpb--formbutton g-recaptcha\" type=\"submit\"><span id=\"text-send\">Enviar<\/span> <span id=\"spinner-send\"><\/span><\/button>\n<\/form>\n\t<script src=\"https:\/\/www.google.com\/recaptcha\/api.js?render=6Lcu70ApAAAAALSclGERBvdFXlfg15po4zMqthx0&hl=\"><\/script>\n\t<link rel=\"stylesheet\" href=\"https:\/\/cdn.jsdelivr.net\/npm\/intl-tel-input@23.0.10\/build\/css\/intlTelInput.css\">\n\t<script src=\"https:\/\/cdn.jsdelivr.net\/npm\/intl-tel-input@23.0.10\/build\/js\/intlTelInput.min.js\"><\/script>\n\t<script>\n\t\tconst input = document.querySelectorAll(\"[name=intphone]\");\n\t\tif (input.length) {\n\t\t\tconst currentLang = document.querySelector(\"html\").getAttribute(\"lang\").split(\"-\")[0];\n            const conversions = {\n                \"en\": \"gb\",\n                \"es\": \"es\",\n                \"fr\": \"fr\",\n                \"de\": \"de\"\n            };\n\t\t\tinput.forEach(function(item) {\n\t\t\t\twindow.intlTelInput(item, {\n\t\t\t\t\tutilsScript: \"https:\/\/cdn.jsdelivr.net\/npm\/intl-tel-input@23.0.10\/build\/js\/utils.js\",\n\t\t\t\t\tinitialCountry: \"auto\",\n\t\t\t\t\tcountryOrder: [\"gb\", \"se\", \"es\", \"fr\", \"de\"],\n\t\t\t\t\thiddenInput: () => ({ phone: \"phone\", country: \"country_code\" }),\n\t\t\t\t\tnationalMode: false,\n\t\t\t\t\tautoHideDialCode: false,\n\t\t\t\t\texcludeCountries: [\"none\"],\n\t\t\t\t\tseparateDialCode: true,\n\t\t\t\t\tgeoIpLookup: callback => {\n\t\t\t\t\t\tfetch(\"https:\/\/ipapi.co\/json\")\n\t\t\t\t\t\t.then(res => res.json())\n\t\t\t\t\t\t.then(data => callback(data.country_code))\n\t\t\t\t\t\t.catch(() => callback(conversions[currentLang]));\n\t\t\t\t\t},\n\t\t\t\t})\n\t\t\t});\n\t\t}\n\t<\/script>\n\n<\/div>\n<\/div>\n<\/section>\n\n\n\n<section class=\"wp-block-group jaleo-favourites-wrapper is-layout-flow wp-block-group-is-layout-flow\" style=\"margin-top:var(--wp--preset--spacing--50);padding-right:var(--wp--preset--spacing--20);padding-left:var(--wp--preset--spacing--20)\">\n<h2 class=\"wp-block-heading jaleo-favourites-title\">Lista de favoritos<\/h2>\n\n\n\n<p class=\"jaleo-no-favourites\">No hay favoritos en su lista, por favor, a\u00f1ada algunos para verlos en esta secci\u00f3n.<\/p>\n\n\n<div class=\"wpb--card-container jaleo-favourites-container\" data-favourites-container=\"favourites\" data-language=\"es\"><\/div>\n<\/section>\n\n\n\n<section class=\"wp-block-group jaleo-social-links has-white-background-color has-background has-global-padding is-layout-constrained wp-container-core-group-is-layout-f750b8a9 wp-block-group-is-layout-constrained\" style=\"padding-top:2.9rem;padding-right:0;padding-bottom:2.9rem;padding-left:0\">\n<h3 class=\"wp-block-heading has-text-align-center jaleo-mx-auto has-x-large-font-size\">Nuestras redes sociales<\/h3>\n\n\n\n<p class=\"has-text-align-center jaleo-mx-auto\">P\u00f3ngase en contacto con nosotros<\/p>\n\n\n\n<div style=\"height:20px\" aria-hidden=\"true\" class=\"wp-block-spacer\"><\/div>\n\n\n\n<div class=\"wp-block-buttons is-content-justification-center is-layout-flex wp-container-core-buttons-is-layout-662a369f wp-block-buttons-is-layout-flex\" style=\"margin-top:var(--wp--preset--spacing--20);margin-bottom:var(--wp--preset--spacing--20)\">\n<div class=\"wp-block-button has-custom-width wp-block-button__width-25\"><a class=\"wp-block-button__link wp-element-button\" href=\"https:\/\/www.youtube.com\/@koreestates\" target=\"_blank\" rel=\"noopener\">Vea nuestros \u00faltimos v\u00eddeos<\/a><\/div>\n\n\n\n<div class=\"wp-block-button has-custom-width wp-block-button__width-25\"><a class=\"wp-block-button__link wp-element-button\" href=\"https:\/\/www.instagram.com\/kore.estates\/\" target=\"_blank\" rel=\"noopener\">encu\u00e9ntranos en instagram<\/a><\/div>\n\n\n\n<div class=\"wp-block-button has-custom-width wp-block-button__width-25\"><a class=\"wp-block-button__link wp-element-button\" href=\"https:\/\/www.facebook.com\/koreestatesmarbella\/\" target=\"_blank\" rel=\"noopener\">s\u00edguenos en facebook<\/a><\/div>\n\n\n\n<div class=\"wp-block-button has-custom-width wp-block-button__width-25 is-style-fill\"><a class=\"wp-block-button__link wp-element-button\" href=\"tel:+34851817060\">Ll\u00e1manos<\/a><\/div>\n<\/div>\n<\/section>\n\n\n\n<section class=\"wp-block-group jaleo-map-component is-layout-flow wp-block-group-is-layout-flow\" style=\"padding-right:0;padding-left:0\">\n<h2 class=\"wp-block-heading has-text-align-center jaleo-mx-auto\" style=\"margin-bottom:0;padding-bottom:var(--wp--preset--spacing--20)\">Encuentra Kore Estates<\/h2>\n\n\n\t\t<div\n            id=\"wpmapblock_409f36d5\"\n            data-settings='{&quot;map_marker&quot;:[{&quot;id&quot;:&quot;0&quot;,&quot;lat&quot;:&quot;36.496562016824&quot;,&quot;lng&quot;:&quot;-4.9522858858109&quot;,&quot;title&quot;:&quot;Kore Estates&quot;,&quot;content&quot;:&quot;Get Directions&quot;,&quot;iconType&quot;:&quot;custom&quot;,&quot;customIconUrl&quot;:&quot;https:\\\/\\\/www.koreestates.com\\\/wp-content\\\/uploads\\\/2024\\\/09\\\/logo.png&quot;,&quot;customIconWidth&quot;:&quot;100&quot;,&quot;customIconHeight&quot;:&quot;120&quot;}],&quot;map_zoom&quot;:&quot;16&quot;,&quot;scroll_wheel_zoom&quot;:false,&quot;map_type&quot;:&quot;GM&quot;,&quot;center_index&quot;:0}'\n            class=\"wpmapblockrender\"\n            style=\"\n\t\t\twidth: 100%;\n\t\t\theight: 500px;\n\t\t\"\n            >\n        <\/div>\n        <\/section>\n","protected":false},"excerpt":{"rendered":"<p>P\u00f3ngase en contacto con nosotros \u00bfQuiere comprar una casa nueva, explorar opciones sobre plano o necesita orientaci\u00f3n sobre cualquier asunto inmobiliario? Estamos aqu\u00ed para apoyarte. Puedes ponerte en contacto con nosotros por tel\u00e9fono en el +34 851 817 060, enviarnos un mensaje por WhatsApp, o simplemente rellenar el siguiente formulario para hablar de tus necesidades [&hellip;]<\/p>\n","protected":false},"author":1,"featured_media":945,"parent":0,"menu_order":0,"comment_status":"closed","ping_status":"closed","template":"","meta":{"_acf_changed":false,"footnotes":""},"class_list":["post-1482","page","type-page","status-publish","has-post-thumbnail","hentry"],"acf":[],"_links":{"self":[{"href":"https:\/\/www.koreestates.com\/es\/wp-json\/wp\/v2\/pages\/1482","targetHints":{"allow":["GET"]}}],"collection":[{"href":"https:\/\/www.koreestates.com\/es\/wp-json\/wp\/v2\/pages"}],"about":[{"href":"https:\/\/www.koreestates.com\/es\/wp-json\/wp\/v2\/types\/page"}],"author":[{"embeddable":true,"href":"https:\/\/www.koreestates.com\/es\/wp-json\/wp\/v2\/users\/1"}],"replies":[{"embeddable":true,"href":"https:\/\/www.koreestates.com\/es\/wp-json\/wp\/v2\/comments?post=1482"}],"version-history":[{"count":1,"href":"https:\/\/www.koreestates.com\/es\/wp-json\/wp\/v2\/pages\/1482\/revisions"}],"predecessor-version":[{"id":2492,"href":"https:\/\/www.koreestates.com\/es\/wp-json\/wp\/v2\/pages\/1482\/revisions\/2492"}],"wp:featuredmedia":[{"embeddable":true,"href":"https:\/\/www.koreestates.com\/es\/wp-json\/wp\/v2\/media\/945"}],"wp:attachment":[{"href":"https:\/\/www.koreestates.com\/es\/wp-json\/wp\/v2\/media?parent=1482"}],"curies":[{"name":"wp","href":"https:\/\/api.w.org\/{rel}","templated":true}]}}